{"id":81828,"date":"2025-02-06T13:40:49","date_gmt":"2025-02-06T12:40:49","guid":{"rendered":"https:\/\/www.raschvin.com\/produkt\/herringbone-sauvignon-blanc-2023-75-cl\/"},"modified":"2025-02-06T13:40:49","modified_gmt":"2025-02-06T12:40:49","slug":"herringbone-sauvignon-blanc-2023-75-cl","status":"publish","type":"product","link":"https:\/\/www.raschvin.com\/sv\/produkt\/herringbone-sauvignon-blanc-2023-75-cl\/","title":{"rendered":"Herringbone Sauvignon Blanc 2023 75 cl."},"content":{"rendered":"<p>Fylld med smak och arom av lime och citron, inslag av krusb\u00e4r och svarta vinb\u00e4r, och en fin fyllighet som ger vinet balans. Superelegant med en h\u00e4rligt l\u00e5ng och livlig eftersmak.<\/p>\n<p>Herringbone Hills \u00e4r en serie kullar vars b\u00f6ljande m\u00f6nster har skapats av vatten som genom tusentals \u00e5r har runnit nerf\u00f6r sluttningarna och skurit genom jorden. De ligger v\u00e4ster om ving\u00e5rden och l\u00f6per parallellt med Waihopai-floden i Marlborough, Nya Zeelands mest respekterade vinregion.<\/p>\n<p>Druvorna till detta vin kommer fr\u00e5n steniga jordar, vilket ger den levande, superspr\u00f6da och friska klassiska Marlborough Sauvignon Blanc-profilen, med livliga smaker och aromer av citron, lime och krusb\u00e4r.<\/p>\n<p>93 PO\u00c4NG<br \/>\nWineWherEver<br \/>\n&#8221;SUPERSAFTIG&#8221;<br \/>\nEn arketypisk Sauvignon Blanc fr\u00e5n Marlborough, som sticker ut ur glaset med toner av gr\u00f6na paprikor, fl\u00e4derblom, svarta vinb\u00e4rsbuskar och saftiga persikor. Syran \u00e4r m\u00e5ttlig och fina fenoler ger en l\u00e5ng eftersmak. Detta \u00e4r precisionstillverkning\u2014supersaftigt och ultra-aromatiskt.<\/p>\n<p>92 PO\u00c4NG<br \/>\nMad &#038; Monopolet<br \/>\nVilket vin st\u00e4ller du p\u00e5 bordet till en r\u00e4tt med dampad vit fisk och en kr\u00e4mig s\u00e5s? Du v\u00e4ljer denna Sauvignon Blanc fr\u00e5n Winegrowers of Ara. Den skriker n\u00e4stan efter att paras med fisk\u2014doft av citrus, lime, vit persika, krusb\u00e4r och gr\u00f6na \u00e4pplen. I gommen \u00e4r den elegant, frisk, stram och har massor av syra och mineralitet.<\/p>\n<p>Om Winegrowers of Ara<\/p>\n<p>Winegrowers of Ara \u00e4r en Sustainable Winegrowing-certifierad producent, och av totalt 1 600 hektar \u00e4r 420 hektar idag planterade med vinrankor. Fokus ligger p\u00e5 de klassiska druvsorterna Sauvignon Blanc och Pinot Noir, planterade enligt det traditionella konceptet h\u00f6g planteringst\u00e4thet och l\u00e5g avkastning\u2014f\u00f6r att uppn\u00e5 den b\u00e4sta och mest koncentrerade musten.<\/p>\n<p>F\u00f6r att styra arbetet i ving\u00e5rdarna och vinproduktionen har Ara rekryterat Dr. Damien Martin fr\u00e5n vinuniversitetet i Bordeaux, som tidigare har uppn\u00e5tt betydande resultat i Nya Zeeland. Och vinerna? Helt enkelt fantastiska\u2014exceptionella f\u00f6r priset. Passa p\u00e5 att njuta medan det varar!<\/p>\n<p>Winegrowers of Ara ligger i Marlborough och grundades \u00e5r 2001 av tre familjer som delade en passion f\u00f6r vin och h\u00e5llbarhet. Namnet &#8221;Ara&#8221; kommer fr\u00e5n det M\u0101oriska ordet f\u00f6r \u201cstig\u201d eller \u201cv\u00e4g\u201d, vilket speglar f\u00f6retagets mission att skapa en h\u00e5llbar v\u00e4g fram\u00e5t f\u00f6r vinindustrin.<\/p>\n","protected":false},"excerpt":{"rendered":"<p>Marlborough &#8211; New Zealand<\/p>\n","protected":false},"featured_media":81878,"template":"","meta":{"_acf_changed":false,"rs_blank_template":"","rs_page_bg_color":"","slide_template_v7":""},"product_brand":[],"product_cat":[2788,2792],"product_tag":[],"class_list":{"0":"post-81828","1":"product","2":"type-product","3":"status-publish","4":"has-post-thumbnail","6":"product_cat-vin-sv","7":"product_cat-vitt-vin","8":"pa_aargang-2023-sv","9":"pa_drue-sauvignon-blanc-sv","10":"pa_land-new-zealand-sv","11":"pa_procent-12-sv","12":"pa_producent-winegrowers-of-ara-sv","13":"pa_region-marlborough-sv","14":"pa_serveringstemperatur-10-12-sv-2","15":"pa_volume-75-sv","17":"first","18":"instock","19":"taxable","20":"shipping-taxable","21":"purchasable","22":"product-type-simple"},"bundled_by":[],"bundle_stock_status":"instock","bundle_stock_quantity":null,"bundle_virtual":false,"bundle_layout":"","bundle_add_to_cart_form_location":"","bundle_editable_in_cart":false,"bundle_sold_individually_context":"","bundle_item_grouping":"","bundle_min_size":"","bundle_max_size":"","bundle_price":[],"bundled_items":[],"bundle_sell_ids":[],"acf":[],"_links":{"self":[{"href":"https:\/\/www.raschvin.com\/sv\/wp-json\/wp\/v2\/product\/81828","targetHints":{"allow":["GET"]}}],"collection":[{"href":"https:\/\/www.raschvin.com\/sv\/wp-json\/wp\/v2\/product"}],"about":[{"href":"https:\/\/www.raschvin.com\/sv\/wp-json\/wp\/v2\/types\/product"}],"wp:featuredmedia":[{"embeddable":true,"href":"https:\/\/www.raschvin.com\/sv\/wp-json\/wp\/v2\/media\/81878"}],"wp:attachment":[{"href":"https:\/\/www.raschvin.com\/sv\/wp-json\/wp\/v2\/media?parent=81828"}],"wp:term":[{"taxonomy":"product_brand","embeddable":true,"href":"https:\/\/www.raschvin.com\/sv\/wp-json\/wp\/v2\/product_brand?post=81828"},{"taxonomy":"product_cat","embeddable":true,"href":"https:\/\/www.raschvin.com\/sv\/wp-json\/wp\/v2\/product_cat?post=81828"},{"taxonomy":"product_tag","embeddable":true,"href":"https:\/\/www.raschvin.com\/sv\/wp-json\/wp\/v2\/product_tag?post=81828"}],"curies":[{"name":"wp","href":"https:\/\/api.w.org\/{rel}","templated":true}]}}