{"id":81652,"date":"2025-02-05T08:46:35","date_gmt":"2025-02-05T07:46:35","guid":{"rendered":"https:\/\/www.raschvin.com\/produkt\/quinta-da-fonte-souto-branco-d-o-c-2021-75-cl\/"},"modified":"2025-02-05T08:46:35","modified_gmt":"2025-02-05T07:46:35","slug":"quinta-da-fonte-souto-branco-d-o-c-2021-75-cl","status":"publish","type":"product","link":"https:\/\/www.raschvin.com\/sv\/produkt\/quinta-da-fonte-souto-branco-d-o-c-2021-75-cl\/","title":{"rendered":"Quinta Da Fonte Souto Branco D.O.C. 2021 75 cl."},"content":{"rendered":"<p>Karakteristisk arom av kaprifol, mjuk karamell och perfekt integrerad fatlagring \u00e5terspeglas i vinets delikata inslag av vanilj. Krispig och fokuserad med saftig smak av vita plommon och citrusnyanser i bakgrunden.<\/p>\n<p>Quinta da Fonte Souto<\/p>\n<p>Quinta da Fonte Souto \u00e4r Symington-familjens f\u00f6rsta egendom utanf\u00f6r Douro-regionen. Kanske har du h\u00f6rt talas om Symington tidigare? Familjen \u00e4ger n\u00e4mligen \u00e4ven den framst\u00e5ende portvinsproducenten Graham\u2019s. P\u00e5 Quinta da Fonte Souto fokuserar man dock mer p\u00e5 klassiska viner.<\/p>\n<p>Vinhuset ligger i Portalegre, n\u00e4ra bergskedjan S\u00e3o Mamede, d\u00e4r vinrankorna gynnas av ett svalare klimat \u00e4n vad man vanligtvis kan f\u00f6rv\u00e4nta sig i regionens varma v\u00e4der. Egendomen omfattar 43 hektar vinodlingar, d\u00e4r de fr\u00e4msta druvorna \u00e4r Aragon\u00eas, Alfrocheiro, Trincadeira, Alicante Bouschet, Syrah och Cabernet Sauvignon. H\u00e4r v\u00e4xer ocks\u00e5 en hel del kastanjetr\u00e4d, vilket har inspirerat till namnet \u2013 &#8221;souto&#8221; betyder ett skogsomr\u00e5de bev\u00e4xt med just kastanjetr\u00e4d.<\/p>\n","protected":false},"excerpt":{"rendered":"<p>Symington Family Estate \u2013 Alentejo Portugal<\/p>\n","protected":false},"featured_media":81674,"template":"","meta":{"_acf_changed":false,"rs_blank_template":"","rs_page_bg_color":"","slide_template_v7":""},"product_brand":[],"product_cat":[2788,2792],"product_tag":[],"class_list":{"0":"post-81652","1":"product","2":"type-product","3":"status-publish","4":"has-post-thumbnail","6":"product_cat-vin-sv","7":"product_cat-vitt-vin","8":"pa_aargang-2021-sv","9":"pa_drue-arinto-sv","10":"pa_drue-verdelho-sv","11":"pa_land-portugal-sv","12":"pa_procent-14-sv","13":"pa_producent-prats-symington-sv","14":"pa_region-alentejo-sv","15":"pa_serveringstemperatur-10-12-sv-2","16":"pa_volume-75-sv","18":"first","19":"instock","20":"taxable","21":"shipping-taxable","22":"purchasable","23":"product-type-simple"},"bundled_by":[],"bundle_stock_status":"instock","bundle_stock_quantity":null,"bundle_virtual":false,"bundle_layout":"","bundle_add_to_cart_form_location":"","bundle_editable_in_cart":false,"bundle_sold_individually_context":"","bundle_item_grouping":"","bundle_min_size":"","bundle_max_size":"","bundle_price":[],"bundled_items":[],"bundle_sell_ids":[],"acf":[],"_links":{"self":[{"href":"https:\/\/www.raschvin.com\/sv\/wp-json\/wp\/v2\/product\/81652","targetHints":{"allow":["GET"]}}],"collection":[{"href":"https:\/\/www.raschvin.com\/sv\/wp-json\/wp\/v2\/product"}],"about":[{"href":"https:\/\/www.raschvin.com\/sv\/wp-json\/wp\/v2\/types\/product"}],"wp:featuredmedia":[{"embeddable":true,"href":"https:\/\/www.raschvin.com\/sv\/wp-json\/wp\/v2\/media\/81674"}],"wp:attachment":[{"href":"https:\/\/www.raschvin.com\/sv\/wp-json\/wp\/v2\/media?parent=81652"}],"wp:term":[{"taxonomy":"product_brand","embeddable":true,"href":"https:\/\/www.raschvin.com\/sv\/wp-json\/wp\/v2\/product_brand?post=81652"},{"taxonomy":"product_cat","embeddable":true,"href":"https:\/\/www.raschvin.com\/sv\/wp-json\/wp\/v2\/product_cat?post=81652"},{"taxonomy":"product_tag","embeddable":true,"href":"https:\/\/www.raschvin.com\/sv\/wp-json\/wp\/v2\/product_tag?post=81652"}],"curies":[{"name":"wp","href":"https:\/\/api.w.org\/{rel}","templated":true}]}}