{"id":81649,"date":"2025-02-05T08:35:26","date_gmt":"2025-02-05T07:35:26","guid":{"rendered":"https:\/\/www.raschvin.com\/produkt\/florao-tinto-vinho-regional-alentejano-2020-75-cl\/"},"modified":"2025-02-05T08:35:26","modified_gmt":"2025-02-05T07:35:26","slug":"florao-tinto-vinho-regional-alentejano-2020-75-cl","status":"publish","type":"product","link":"https:\/\/www.raschvin.com\/sv\/produkt\/florao-tinto-vinho-regional-alentejano-2020-75-cl\/","title":{"rendered":"Flor\u00e3o Tinto Vinho Regional Alentejano 2020 75 cl."},"content":{"rendered":"<p>Aromer av r\u00f6da k\u00f6rsb\u00e4r kombinerat med inslag av tallskog och skogsmark. Smaken bjuder p\u00e5 silkeslena fruktnoter av skogsb\u00e4r, kryddade med fina nyanser av kryddnejlika och peppar. Ett m\u00e5ngsidigt vin som passar till m\u00e5nga r\u00e4tter och som kan avnjutas nu eller lagras p\u00e5 flaska.<\/p>\n<p>Quinta da Fonte Souto<\/p>\n<p>Quinta da Fonte Souto \u00e4r Symington-familjens f\u00f6rsta egendom utanf\u00f6r Douro-regionen. Kanske har du h\u00f6rt talas om Symington tidigare? Familjen \u00e4ger n\u00e4mligen \u00e4ven den framst\u00e5ende portvinsproducenten Graham\u2019s. P\u00e5 Quinta da Fonte Souto fokuserar man dock mer p\u00e5 klassiska viner. Vinhuset ligger i Portalegre, n\u00e4ra bergskedjan S\u00e3o Mamede, d\u00e4r vinrankorna gynnas av ett svalare klimat \u00e4n vad man vanligtvis kan f\u00f6rv\u00e4nta sig i regionens varma v\u00e4der.<\/p>\n<p>Egendomen omfattar 43 hektar vinodlingar, d\u00e4r de fr\u00e4msta druvorna \u00e4r Aragon\u00eas, Alfrocheiro, Trincadeira, Alicante Bouschet, Syrah och Cabernet Sauvignon. H\u00e4r v\u00e4xer ocks\u00e5 en hel del kastanjetr\u00e4d, vilket har inspirerat till namnet \u2013 &#8221;souto&#8221; betyder ett skogsomr\u00e5de bev\u00e4xt med just kastanjetr\u00e4d.<\/p>\n","protected":false},"excerpt":{"rendered":"<p>Quinta da Fonte Souto \u2013 Portugal<\/p>\n","protected":false},"featured_media":81671,"template":"","meta":{"_acf_changed":false,"rs_blank_template":"","rs_page_bg_color":"","slide_template_v7":""},"product_brand":[],"product_cat":[2788,2798],"product_tag":[],"class_list":{"0":"post-81649","1":"product","2":"type-product","3":"status-publish","4":"has-post-thumbnail","6":"product_cat-vin-sv","7":"product_cat-roedvin-sv","8":"pa_aargang-2020-sv","9":"pa_drue-cabernet-sauvignon-sv","10":"pa_drue-syrah-sv","11":"pa_drue-alfrocheiro-sv","12":"pa_drue-alicante-bouschet-sv","13":"pa_drue-aragonez-sv","14":"pa_drue-trincadeira-sv","15":"pa_land-portugal-sv","16":"pa_procent-14-sv","17":"pa_producent-quinta-da-fonte-souto-sv","18":"pa_region-alentejo-sv","19":"pa_serveringstemperatur-18-20-sv","20":"pa_volume-75-sv","22":"first","23":"instock","24":"taxable","25":"shipping-taxable","26":"purchasable","27":"product-type-simple"},"bundled_by":[],"bundle_stock_status":"instock","bundle_stock_quantity":null,"bundle_virtual":false,"bundle_layout":"","bundle_add_to_cart_form_location":"","bundle_editable_in_cart":false,"bundle_sold_individually_context":"","bundle_item_grouping":"","bundle_min_size":"","bundle_max_size":"","bundle_price":[],"bundled_items":[],"bundle_sell_ids":[],"acf":[],"_links":{"self":[{"href":"https:\/\/www.raschvin.com\/sv\/wp-json\/wp\/v2\/product\/81649","targetHints":{"allow":["GET"]}}],"collection":[{"href":"https:\/\/www.raschvin.com\/sv\/wp-json\/wp\/v2\/product"}],"about":[{"href":"https:\/\/www.raschvin.com\/sv\/wp-json\/wp\/v2\/types\/product"}],"wp:featuredmedia":[{"embeddable":true,"href":"https:\/\/www.raschvin.com\/sv\/wp-json\/wp\/v2\/media\/81671"}],"wp:attachment":[{"href":"https:\/\/www.raschvin.com\/sv\/wp-json\/wp\/v2\/media?parent=81649"}],"wp:term":[{"taxonomy":"product_brand","embeddable":true,"href":"https:\/\/www.raschvin.com\/sv\/wp-json\/wp\/v2\/product_brand?post=81649"},{"taxonomy":"product_cat","embeddable":true,"href":"https:\/\/www.raschvin.com\/sv\/wp-json\/wp\/v2\/product_cat?post=81649"},{"taxonomy":"product_tag","embeddable":true,"href":"https:\/\/www.raschvin.com\/sv\/wp-json\/wp\/v2\/product_tag?post=81649"}],"curies":[{"name":"wp","href":"https:\/\/api.w.org\/{rel}","templated":true}]}}