{"id":81302,"date":"2025-01-30T15:06:51","date_gmt":"2025-01-30T14:06:51","guid":{"rendered":"https:\/\/www.raschvin.com\/produkt\/piesporter-michelsberg-2022-75-cl\/"},"modified":"2025-11-26T16:57:08","modified_gmt":"2025-11-26T15:57:08","slug":"piesporter-michelsberg-2022-75-cl","status":"publish","type":"product","link":"https:\/\/www.raschvin.com\/sv\/produkt\/piesporter-michelsberg-2022-75-cl\/","title":{"rendered":"Piesporter Michelsberg 75 cl."},"content":{"rendered":"<p>En klassisk vitvin fr\u00e5n det vackra Moseldistriktet.<br \/>\nVinet har en s\u00f6tma och fruktelegans som har gjort det till en klassiker hos danskarna.<\/p>\n<p>Passar till: Sallader, kyckling och kalkon.<\/p>\n<p>V\u00e4lbalanserat, elegant och fruktigt<br \/>\nPiesporter Michelsberg \u00e4r ett elegant vin med en vacker gyllene f\u00e4rg och en gr\u00f6n kant. Doften \u00e4r frisk med inslag av citrus och nyslaget gr\u00e4s. Smaken \u00e4r h\u00e4rligt uppfriskande med en livlig fruktkarakt\u00e4r.<\/p>\n<p>Servera vinet till sallader, asiatiska r\u00e4tter eller milda ostar.<br \/>\nServeringstemperatur: 8-10 \u00b0C<\/p>\n<p>Produktion<br \/>\nMoselland har sitt huvudkontor vid floden Mosel. Det of\u00f6rgl\u00f6mliga flodlandskapet har gett vinerna deras namn. Moselland \u00e4r det st\u00f6rsta vinkollektivet i Rheinland-Pfalz. F\u00f6retaget \u00e4r produktivt, p\u00e5litligt och innovativt och \u00e4r idag en av Tysklands ledande vinproducenter.<\/p>\n<p>Om producenten<br \/>\nKooperativet Moselland \u00e4r en av de st\u00f6rsta och viktigaste producenterna i omr\u00e5det. Genom sin framg\u00e5ng har kooperativet vuxit under \u00e5ren och har idag cirka 2 700 medlemmar, som var och en odlar sina egna ving\u00e5rdar \u2013 ofta baserat p\u00e5 generationer av erfarenhet av de lokala f\u00f6rh\u00e5llandena. Medlemmarnas ving\u00e5rdar str\u00e4cker sig l\u00e4ngs Mosel p\u00e5 en 250 km l\u00e5ng str\u00e4cka, och p\u00e5 flera platser l\u00e4ngs floden har Moselland byggt \u201dpresshus\u201d, d\u00e4r de f\u00e4rska druvorna pressas innan musten transporteras till vineriet. P\u00e5 s\u00e5 s\u00e4tt bevaras druvornas lokala karakt\u00e4r och den friska fruktsmaken i det f\u00e4rdiga vinet.<\/p>\n<p>Moselland har ett team av r\u00e5dgivare och vinmakare som, i samarbete med medlemmarna, ser till att den lokala expertisen kombineras med modern teknik. Kooperativet har ocks\u00e5 ett omfattande kvalitetsprogram som bland annat bel\u00f6nar de vinodlare som odlar p\u00e5 de brantaste sluttningarna, d\u00e4r avkastningen ofta \u00e4r l\u00e4gre men kvaliteten \u00e4nnu h\u00f6gre. Dessutom odlas fler och fler av ving\u00e5rdarna enligt ekologiska principer.<\/p>\n","protected":false},"excerpt":{"rendered":"<p>Moselland &#8211; Germany<\/p>\n","protected":false},"featured_media":81344,"template":"","meta":{"_acf_changed":false,"rs_blank_template":"","rs_page_bg_color":"","slide_template_v7":""},"product_brand":[],"product_cat":[2788,2792],"product_tag":[],"class_list":{"0":"post-81302","1":"product","2":"type-product","3":"status-publish","4":"has-post-thumbnail","6":"product_cat-vin-sv","7":"product_cat-vitt-vin","8":"pa_drue-riesling-sv","9":"pa_land-tyskland-sv","10":"pa_procent-8-5-sv","11":"pa_producent-the-moselland-cooperative-sv","12":"pa_region-mosel-sv","13":"pa_serveringstemperatur-8-10-sv","14":"pa_volume-75-sv","16":"first","17":"instock","18":"taxable","19":"shipping-taxable","20":"purchasable","21":"product-type-simple"},"bundled_by":[],"bundle_stock_status":"instock","bundle_stock_quantity":null,"bundle_virtual":false,"bundle_layout":"","bundle_add_to_cart_form_location":"","bundle_editable_in_cart":false,"bundle_sold_individually_context":"","bundle_item_grouping":"","bundle_min_size":"","bundle_max_size":"","bundle_price":[],"bundled_items":[],"bundle_sell_ids":[],"acf":[],"_links":{"self":[{"href":"https:\/\/www.raschvin.com\/sv\/wp-json\/wp\/v2\/product\/81302","targetHints":{"allow":["GET"]}}],"collection":[{"href":"https:\/\/www.raschvin.com\/sv\/wp-json\/wp\/v2\/product"}],"about":[{"href":"https:\/\/www.raschvin.com\/sv\/wp-json\/wp\/v2\/types\/product"}],"wp:featuredmedia":[{"embeddable":true,"href":"https:\/\/www.raschvin.com\/sv\/wp-json\/wp\/v2\/media\/81344"}],"wp:attachment":[{"href":"https:\/\/www.raschvin.com\/sv\/wp-json\/wp\/v2\/media?parent=81302"}],"wp:term":[{"taxonomy":"product_brand","embeddable":true,"href":"https:\/\/www.raschvin.com\/sv\/wp-json\/wp\/v2\/product_brand?post=81302"},{"taxonomy":"product_cat","embeddable":true,"href":"https:\/\/www.raschvin.com\/sv\/wp-json\/wp\/v2\/product_cat?post=81302"},{"taxonomy":"product_tag","embeddable":true,"href":"https:\/\/www.raschvin.com\/sv\/wp-json\/wp\/v2\/product_tag?post=81302"}],"curies":[{"name":"wp","href":"https:\/\/api.w.org\/{rel}","templated":true}]}}