{"id":81299,"date":"2025-01-30T14:56:05","date_gmt":"2025-01-30T13:56:05","guid":{"rendered":"https:\/\/www.raschvin.com\/produkt\/st-michael-liebfraumilch-75-cl\/"},"modified":"2025-01-30T14:56:05","modified_gmt":"2025-01-30T13:56:05","slug":"st-michael-liebfraumilch-75-cl","status":"publish","type":"product","link":"https:\/\/www.raschvin.com\/sv\/produkt\/st-michael-liebfraumilch-75-cl\/","title":{"rendered":"St Michael Liebfraumilch 75 cl."},"content":{"rendered":"<p>Ett medelfriskt och s\u00f6tt vitt vin. Doften och smaken pr\u00e4glas av mogna p\u00e4ron och mogna druvor. Vinet passar utm\u00e4rkt som en s\u00f6t aperitif. Det \u00e4r drickf\u00e4rdigt och b\u00f6r serveras vid 8\u00b0C.<\/p>\n","protected":false},"excerpt":{"rendered":"<p>Qualit\u00e4tswein b.A &#8211; Germany<\/p>\n","protected":false},"featured_media":81335,"template":"","meta":{"_acf_changed":false,"rs_blank_template":"","rs_page_bg_color":"","slide_template_v7":""},"product_brand":[],"product_cat":[40],"product_tag":[],"class_list":{"0":"post-81299","1":"product","2":"type-product","3":"status-publish","4":"has-post-thumbnail","6":"product_cat-alla-produkter","7":"pa_land-tyskland-sv","8":"pa_procent-9-5-sv","9":"pa_serveringstemperatur-8-10-sv","10":"pa_volume-75-sv","12":"first","13":"instock","14":"taxable","15":"shipping-taxable","16":"purchasable","17":"product-type-simple"},"bundled_by":[],"bundle_stock_status":"instock","bundle_stock_quantity":null,"bundle_virtual":false,"bundle_layout":"","bundle_add_to_cart_form_location":"","bundle_editable_in_cart":false,"bundle_sold_individually_context":"","bundle_item_grouping":"","bundle_min_size":"","bundle_max_size":"","bundle_price":[],"bundled_items":[],"bundle_sell_ids":[],"acf":[],"_links":{"self":[{"href":"https:\/\/www.raschvin.com\/sv\/wp-json\/wp\/v2\/product\/81299","targetHints":{"allow":["GET"]}}],"collection":[{"href":"https:\/\/www.raschvin.com\/sv\/wp-json\/wp\/v2\/product"}],"about":[{"href":"https:\/\/www.raschvin.com\/sv\/wp-json\/wp\/v2\/types\/product"}],"wp:featuredmedia":[{"embeddable":true,"href":"https:\/\/www.raschvin.com\/sv\/wp-json\/wp\/v2\/media\/81335"}],"wp:attachment":[{"href":"https:\/\/www.raschvin.com\/sv\/wp-json\/wp\/v2\/media?parent=81299"}],"wp:term":[{"taxonomy":"product_brand","embeddable":true,"href":"https:\/\/www.raschvin.com\/sv\/wp-json\/wp\/v2\/product_brand?post=81299"},{"taxonomy":"product_cat","embeddable":true,"href":"https:\/\/www.raschvin.com\/sv\/wp-json\/wp\/v2\/product_cat?post=81299"},{"taxonomy":"product_tag","embeddable":true,"href":"https:\/\/www.raschvin.com\/sv\/wp-json\/wp\/v2\/product_tag?post=81299"}],"curies":[{"name":"wp","href":"https:\/\/api.w.org\/{rel}","templated":true}]}}