{"id":80917,"date":"2025-01-22T16:33:36","date_gmt":"2025-01-22T15:33:36","guid":{"rendered":"https:\/\/www.raschvin.com\/produkt\/laphroaig-lore-70-cl-48\/"},"modified":"2025-01-22T16:33:36","modified_gmt":"2025-01-22T15:33:36","slug":"laphroaig-lore-70-cl-48","status":"publish","type":"product","link":"https:\/\/www.raschvin.com\/sv\/produkt\/laphroaig-lore-70-cl-48\/","title":{"rendered":"Laphroaig Lore 70 cl. 48%"},"content":{"rendered":"<p>Genom att lagra whiskyn i sm\u00e5 partier i fem unika fat har Laphroaig skapat en whisky som \u00e4r rik, komplex, varierad och framf\u00f6r allt fylld av historia.<\/p>\n<p>De har skapat en whisky som anv\u00e4nder v\u00e4tskor med olika \u00e5ldrar, fr\u00e5n 7 till 21 \u00e5r, vilket m\u00f6jligg\u00f6r den rikaste m\u00f6jliga Laphroaig-smaken.<\/p>\n<p>Som namnet antyder \u00e4r denna nya utg\u00e5va fr\u00e5n Laphroaig inspirerad av den kunskap och de traditioner som f\u00f6rts vidare fr\u00e5n generation till generation av destilleriets chefer, blenders och hantverkare.<\/p>\n<p>Denna whisky uts\u00e5gs dessutom till 2019 Best No Age Statement Scotch av Jim Murray\u2019s Whisky Bible.<\/p>\n<p>Smaknoter:<br \/>\nRik och r\u00f6kig med mineraliska toner fr\u00e5n havet, en hint av aska och bitter choklad. Vanilj f\u00f6ljs av oljiga, orostade kastanjer och en antydan av fudge med en maltig s\u00f6tma. En droppe vatten tillf\u00f6r toner av clotted cream och citrusfrukter.<\/p>\n","protected":false},"excerpt":{"rendered":"<p>Islay Single Malt Scotch Whisky<\/p>\n","protected":false},"featured_media":81221,"template":"","meta":{"_acf_changed":false,"rs_blank_template":"","rs_page_bg_color":"","slide_template_v7":""},"product_brand":[],"product_cat":[2392,9248,9433],"product_tag":[],"class_list":{"0":"post-80917","1":"product","2":"type-product","3":"status-publish","4":"has-post-thumbnail","6":"product_cat-whisky-sv","7":"product_cat-scotch-whisky","8":"product_cat-single-malt-scotch-whisky","9":"pa_land-skottland","10":"pa_procent-48-sv","11":"pa_producent-laphroaig-sv","12":"pa_region-islay-sv","13":"pa_volume-70-sv-2","15":"first","16":"instock","17":"taxable","18":"shipping-taxable","19":"purchasable","20":"product-type-simple"},"bundled_by":[],"bundle_stock_status":"instock","bundle_stock_quantity":null,"bundle_virtual":false,"bundle_layout":"","bundle_add_to_cart_form_location":"","bundle_editable_in_cart":false,"bundle_sold_individually_context":"","bundle_item_grouping":"","bundle_min_size":"","bundle_max_size":"","bundle_price":[],"bundled_items":[],"bundle_sell_ids":[],"acf":[],"_links":{"self":[{"href":"https:\/\/www.raschvin.com\/sv\/wp-json\/wp\/v2\/product\/80917","targetHints":{"allow":["GET"]}}],"collection":[{"href":"https:\/\/www.raschvin.com\/sv\/wp-json\/wp\/v2\/product"}],"about":[{"href":"https:\/\/www.raschvin.com\/sv\/wp-json\/wp\/v2\/types\/product"}],"wp:featuredmedia":[{"embeddable":true,"href":"https:\/\/www.raschvin.com\/sv\/wp-json\/wp\/v2\/media\/81221"}],"wp:attachment":[{"href":"https:\/\/www.raschvin.com\/sv\/wp-json\/wp\/v2\/media?parent=80917"}],"wp:term":[{"taxonomy":"product_brand","embeddable":true,"href":"https:\/\/www.raschvin.com\/sv\/wp-json\/wp\/v2\/product_brand?post=80917"},{"taxonomy":"product_cat","embeddable":true,"href":"https:\/\/www.raschvin.com\/sv\/wp-json\/wp\/v2\/product_cat?post=80917"},{"taxonomy":"product_tag","embeddable":true,"href":"https:\/\/www.raschvin.com\/sv\/wp-json\/wp\/v2\/product_tag?post=80917"}],"curies":[{"name":"wp","href":"https:\/\/api.w.org\/{rel}","templated":true}]}}