{"id":80911,"date":"2025-01-22T15:57:56","date_gmt":"2025-01-22T14:57:56","guid":{"rendered":"https:\/\/www.raschvin.com\/produkt\/florao-branco-vinho-regional-alentejano-2023-75-cl\/"},"modified":"2025-01-22T15:57:56","modified_gmt":"2025-01-22T14:57:56","slug":"florao-branco-vinho-regional-alentejano-2023-75-cl","status":"publish","type":"product","link":"https:\/\/www.raschvin.com\/sv\/produkt\/florao-branco-vinho-regional-alentejano-2023-75-cl\/","title":{"rendered":"Flor\u00e3o Branco Vinho Regional Alentejano 2023 75 cl."},"content":{"rendered":"<p>Ett elegant vin med f\u00f6rf\u00f6riska aromer av vita frukter, d\u00e4r aprikos och ananas st\u00e5r i fokus, kompletterade av subtila toner av tropiska frukter. Smaken bjuder p\u00e5 en frisk och krispig syra som framh\u00e4ver vinets mineraliska toner, medan dess fylliga textur och l\u00e4tta kr\u00e4mighet s\u00e4kerst\u00e4ller ett harmoniskt och l\u00e5ngvarigt avslut. Perfekt som f\u00f6ljeslagare till l\u00e4tta fiskr\u00e4tter, skaldjur eller sallader.<\/p>\n<p>Quinta da Fonte Souto \u00e4r Symington-familjens f\u00f6rsta egendom utanf\u00f6r Douro-regionen. Du kanske k\u00e4nner igen namnet Symington; familjen \u00e4ger \u00e4ven den framst\u00e5ende portvinsproducenten Graham\u2019s. P\u00e5 Quinta da Fonte Souto \u00e4r fokus dock mer p\u00e5 klassiska viner. Vinhuset ligger i Portalegre, n\u00e4ra bergskedjan S\u00e3o Mamede, som ger vinrankorna ett svalare klimat \u00e4n vad man vanligtvis kan f\u00f6rv\u00e4nta sig i denna annars varma region. Ving\u00e5rden omfattar 43 hektar, huvudsakligen planterade med Aragon\u00eas, Alfrocheiro, Trincadeira, Alicante Bouschet, Syrah och Cabernet Sauvignon. H\u00e4r v\u00e4xer ocks\u00e5 m\u00e5nga kastanjetr\u00e4d, som har inspirerat till namnet \u2013 &#8217;souto&#8217; syftar p\u00e5 ett skogsomr\u00e5de planterat med just kastanjetr\u00e4d.<\/p>\n","protected":false},"excerpt":{"rendered":"<p>Quinta da Fonte Souto &#8211; Portugal<\/p>\n","protected":false},"featured_media":81203,"template":"","meta":{"_acf_changed":false,"rs_blank_template":"","rs_page_bg_color":"","slide_template_v7":""},"product_brand":[],"product_cat":[2788,2792],"product_tag":[],"class_list":{"0":"post-80911","1":"product","2":"type-product","3":"status-publish","4":"has-post-thumbnail","6":"product_cat-vin-sv","7":"product_cat-vitt-vin","8":"pa_aargang-2023-sv","9":"pa_drue-arinto-sv","10":"pa_drue-verdelho-sv","11":"pa_land-portugal-sv","12":"pa_procent-13-5-sv","13":"pa_producent-quinta-da-fonte-souto-sv","14":"pa_region-alentejo-sv","15":"pa_serveringstemperatur-12-14-sv","16":"pa_volume-75-sv","18":"first","19":"instock","20":"taxable","21":"shipping-taxable","22":"purchasable","23":"product-type-simple"},"bundled_by":[],"bundle_stock_status":"instock","bundle_stock_quantity":null,"bundle_virtual":false,"bundle_layout":"","bundle_add_to_cart_form_location":"","bundle_editable_in_cart":false,"bundle_sold_individually_context":"","bundle_item_grouping":"","bundle_min_size":"","bundle_max_size":"","bundle_price":[],"bundled_items":[],"bundle_sell_ids":[],"acf":[],"_links":{"self":[{"href":"https:\/\/www.raschvin.com\/sv\/wp-json\/wp\/v2\/product\/80911","targetHints":{"allow":["GET"]}}],"collection":[{"href":"https:\/\/www.raschvin.com\/sv\/wp-json\/wp\/v2\/product"}],"about":[{"href":"https:\/\/www.raschvin.com\/sv\/wp-json\/wp\/v2\/types\/product"}],"wp:featuredmedia":[{"embeddable":true,"href":"https:\/\/www.raschvin.com\/sv\/wp-json\/wp\/v2\/media\/81203"}],"wp:attachment":[{"href":"https:\/\/www.raschvin.com\/sv\/wp-json\/wp\/v2\/media?parent=80911"}],"wp:term":[{"taxonomy":"product_brand","embeddable":true,"href":"https:\/\/www.raschvin.com\/sv\/wp-json\/wp\/v2\/product_brand?post=80911"},{"taxonomy":"product_cat","embeddable":true,"href":"https:\/\/www.raschvin.com\/sv\/wp-json\/wp\/v2\/product_cat?post=80911"},{"taxonomy":"product_tag","embeddable":true,"href":"https:\/\/www.raschvin.com\/sv\/wp-json\/wp\/v2\/product_tag?post=80911"}],"curies":[{"name":"wp","href":"https:\/\/api.w.org\/{rel}","templated":true}]}}