{"id":80907,"date":"2025-01-22T15:46:16","date_gmt":"2025-01-22T14:46:16","guid":{"rendered":"https:\/\/www.raschvin.com\/produkt\/aster-ribera-del-duero-2020-75-cl\/"},"modified":"2026-02-04T08:23:45","modified_gmt":"2026-02-04T07:23:45","slug":"aster-ribera-del-duero-2020-75-cl","status":"publish","type":"product","link":"https:\/\/www.raschvin.com\/sv\/produkt\/aster-ribera-del-duero-2020-75-cl\/","title":{"rendered":"\u00c1ster Ribera del Duero 2022 75 cl."},"content":{"rendered":"<p>Fantastisk Crianza fr\u00e5n Bodegas \u00c1ster som visar husets enast\u00e5ende kvalitet. \u00c1ster \u00e4r husets &#8221;entry-level&#8221;-vin \u2013 och vilket vin det \u00e4r! H\u00e4r f\u00e5r du ett imponerande vin gjort uteslutande p\u00e5 Tempranillo fr\u00e5n ving\u00e5rdar p\u00e5 780 meters h\u00f6jd. Ett klassiskt r\u00f6dvin fr\u00e5n Ribera del Duero som ger otroligt mycket kvalitet f\u00f6r pengarna.<\/p>\n<p>Doften domineras av f\u00e4rsk frukt som k\u00f6rsb\u00e4r, svarta vinb\u00e4r och r\u00f6da vinb\u00e4r, med eleganta toner av lakrits, choklad, \u00f6rter och rostat tr\u00e4 fr\u00e5n fatlagringen. Smaken \u00e4r h\u00e4rligt rund med massor av frukt, fin syra och fasta tanniner.<\/p>\n<p>Lagrat i 16 m\u00e5nader p\u00e5 barriques, varav 75 % var nya fat.<\/p>\n<p>93 PO\u00c4NG<br \/>\nJames Suckling<\/p>\n<p>92 PO\u00c4NG<br \/>\nTim Atkin<\/p>\n<p>92 PO\u00c4NG<br \/>\nGu\u00eda Pe\u00f1\u00edn<\/p>\n","protected":false},"excerpt":{"rendered":"<p>Vi\u00f1edos y Bodegas \u00c1ster &#8211; Spain <\/p>\n","protected":false},"featured_media":81200,"template":"","meta":{"_acf_changed":false,"rs_blank_template":"","rs_page_bg_color":"","slide_template_v7":""},"product_brand":[],"product_cat":[2788,2798],"product_tag":[],"class_list":{"0":"post-80907","1":"product","2":"type-product","3":"status-publish","4":"has-post-thumbnail","6":"product_cat-vin-sv","7":"product_cat-roedvin-sv","8":"pa_aargang-2022-sv","9":"pa_drue-tinta-del-pais-sv","10":"pa_land-spanien-sv","11":"pa_procent-14-5-sv","12":"pa_producent-vinedos-y-bodegas-aster-sv","13":"pa_region-ribera-del-duero-sv","14":"pa_serveringstemperatur-18-20-sv","15":"pa_volume-75-sv","17":"first","18":"instock","19":"taxable","20":"shipping-taxable","21":"purchasable","22":"product-type-simple"},"bundled_by":["119970"],"bundle_stock_status":"instock","bundle_stock_quantity":null,"bundle_virtual":false,"bundle_layout":"","bundle_add_to_cart_form_location":"","bundle_editable_in_cart":false,"bundle_sold_individually_context":"","bundle_item_grouping":"","bundle_min_size":"","bundle_max_size":"","bundle_price":[],"bundled_items":[],"bundle_sell_ids":[],"acf":[],"_links":{"self":[{"href":"https:\/\/www.raschvin.com\/sv\/wp-json\/wp\/v2\/product\/80907","targetHints":{"allow":["GET"]}}],"collection":[{"href":"https:\/\/www.raschvin.com\/sv\/wp-json\/wp\/v2\/product"}],"about":[{"href":"https:\/\/www.raschvin.com\/sv\/wp-json\/wp\/v2\/types\/product"}],"wp:featuredmedia":[{"embeddable":true,"href":"https:\/\/www.raschvin.com\/sv\/wp-json\/wp\/v2\/media\/81200"}],"wp:attachment":[{"href":"https:\/\/www.raschvin.com\/sv\/wp-json\/wp\/v2\/media?parent=80907"}],"wp:term":[{"taxonomy":"product_brand","embeddable":true,"href":"https:\/\/www.raschvin.com\/sv\/wp-json\/wp\/v2\/product_brand?post=80907"},{"taxonomy":"product_cat","embeddable":true,"href":"https:\/\/www.raschvin.com\/sv\/wp-json\/wp\/v2\/product_cat?post=80907"},{"taxonomy":"product_tag","embeddable":true,"href":"https:\/\/www.raschvin.com\/sv\/wp-json\/wp\/v2\/product_tag?post=80907"}],"curies":[{"name":"wp","href":"https:\/\/api.w.org\/{rel}","templated":true}]}}