{"id":79693,"date":"2024-12-26T12:13:05","date_gmt":"2024-12-26T11:13:05","guid":{"rendered":"https:\/\/www.raschvin.com\/produkt\/baileys-chocolate-50-cl-157\/"},"modified":"2024-12-26T12:13:05","modified_gmt":"2024-12-26T11:13:05","slug":"baileys-chocolate-50-cl-157","status":"publish","type":"product","link":"https:\/\/www.raschvin.com\/sv\/produkt\/baileys-chocolate-50-cl-157\/","title":{"rendered":"Baileys Chocolate 50 cl. 15,7%"},"content":{"rendered":"<p>Choklad\u00e4lskare, se hit!<br \/>\nVi presenterar Baileys Chocolate Liqueur \u2013 den prisbel\u00f6nta delikatessen som f\u00f6renar tv\u00e5 av de mest syndigt goda njutningarna: Baileys Original Irish Cream och \u00e4kta belgisk choklad. Resultatet? En f\u00f6rf\u00f6riskt rik chokladupplevelse f\u00f6r vuxna.<\/p>\n<p>Baileys Chocolate Liqueur aktiverar alla fem sinnen med sin aromatiska och sammetslena h\u00e4llning, fylliga textur och \u00f6verd\u00e5diga smak som smeker gommen med k\u00e4nslan av sm\u00e4lt choklad. Skaka, h\u00e4ll upp och njut i en Baileys Chocolate Mocha Martini, ren, eller \u00f6ver en dekadent dessert.<\/p>\n<p>Baileys historia<br \/>\nEn g\u00e5ng i tiden hade en liten men beslutsam grupp en lysande men dj\u00e4rv id\u00e9 \u2013 att f\u00f6rena tv\u00e5 av Irlands skatter: h\u00e4rlig gr\u00e4dde och v\u00e4rldsk\u00e4nd irl\u00e4ndsk whiskey. Det tog tv\u00e5 \u00e5r av experimenterande, men 1974 lyckades man kombinera de finaste spritsorterna, rik choklad, vaniljsmak och en gnutta magi f\u00f6r att skapa det Baileys-recept vi \u00e4lskar idag.<\/p>\n<p>Om du vill unna dig n\u00e5got extra, prova allt fr\u00e5n en kladdig Baileys Irish Cream Cheesecake till en elegant Baileys Espresso Martini eller en v\u00e4rmande Baileys Varm Choklad \u2013 Baileys recept tr\u00e4ffar alltid mitt i prick.<\/p>\n<p>En blandning av len irl\u00e4ndsk gr\u00e4dde och trippeldestillerad irl\u00e4ndsk whiskey. Rik choklad och vaniljsmak. Den sammetslena texturen och perfekta kombinationen av gr\u00e4dde och whiskey tillfredsst\u00e4ller alla fem sinnen.<\/p>\n","protected":false},"excerpt":{"rendered":"<p>Premium Irish Cream Liqueur \u2013 Belgian Chocolate<\/p>\n","protected":false},"featured_media":79720,"template":"","meta":{"_acf_changed":false,"rs_blank_template":"","rs_page_bg_color":"","slide_template_v7":""},"product_brand":[],"product_cat":[2387,4676,4673,2390],"product_tag":[],"class_list":{"0":"post-79693","1":"product","2":"type-product","3":"status-publish","4":"has-post-thumbnail","6":"product_cat-avec-sv","7":"product_cat-choklad","8":"product_cat-creme-sv","9":"product_cat-sprit","10":"pa_land-irland-sv","11":"pa_procent-15-7-sv","12":"pa_producent-diageo-sv","13":"pa_volume-50-sv","15":"first","16":"instock","17":"sale","18":"taxable","19":"shipping-taxable","20":"purchasable","21":"product-type-simple"},"bundled_by":[],"bundle_stock_status":"instock","bundle_stock_quantity":null,"bundle_virtual":false,"bundle_layout":"","bundle_add_to_cart_form_location":"","bundle_editable_in_cart":false,"bundle_sold_individually_context":"","bundle_item_grouping":"","bundle_min_size":"","bundle_max_size":"","bundle_price":[],"bundled_items":[],"bundle_sell_ids":[],"acf":[],"_links":{"self":[{"href":"https:\/\/www.raschvin.com\/sv\/wp-json\/wp\/v2\/product\/79693","targetHints":{"allow":["GET"]}}],"collection":[{"href":"https:\/\/www.raschvin.com\/sv\/wp-json\/wp\/v2\/product"}],"about":[{"href":"https:\/\/www.raschvin.com\/sv\/wp-json\/wp\/v2\/types\/product"}],"wp:featuredmedia":[{"embeddable":true,"href":"https:\/\/www.raschvin.com\/sv\/wp-json\/wp\/v2\/media\/79720"}],"wp:attachment":[{"href":"https:\/\/www.raschvin.com\/sv\/wp-json\/wp\/v2\/media?parent=79693"}],"wp:term":[{"taxonomy":"product_brand","embeddable":true,"href":"https:\/\/www.raschvin.com\/sv\/wp-json\/wp\/v2\/product_brand?post=79693"},{"taxonomy":"product_cat","embeddable":true,"href":"https:\/\/www.raschvin.com\/sv\/wp-json\/wp\/v2\/product_cat?post=79693"},{"taxonomy":"product_tag","embeddable":true,"href":"https:\/\/www.raschvin.com\/sv\/wp-json\/wp\/v2\/product_tag?post=79693"}],"curies":[{"name":"wp","href":"https:\/\/api.w.org\/{rel}","templated":true}]}}