{"id":79690,"date":"2024-12-26T11:58:33","date_gmt":"2024-12-26T10:58:33","guid":{"rendered":"https:\/\/www.raschvin.com\/produkt\/nino-ardevi-amarone-della-valpolicella-2020-75-cl\/"},"modified":"2024-12-26T11:58:33","modified_gmt":"2024-12-26T10:58:33","slug":"nino-ardevi-amarone-della-valpolicella-2020-75-cl","status":"publish","type":"product","link":"https:\/\/www.raschvin.com\/sv\/produkt\/nino-ardevi-amarone-della-valpolicella-2020-75-cl\/","title":{"rendered":"Nino Ardevi Amarone della Valpolicella 2020 75 cl."},"content":{"rendered":"<p>Denna Amarone \u00e4r en klassisk blandning av druvorna Corvina, Rondinella och Corvinone, som sk\u00f6rdas fr\u00e5n ving\u00e5rdar i kommunerna Mezzane och Illasi n\u00e4ra Verona, p\u00e5 en h\u00f6jd av 300\u2013420 meter \u00f6ver havet. Dessa svalare h\u00f6jder ger optimala f\u00f6ruts\u00e4ttningar f\u00f6r druvorna att v\u00e4xa.<\/p>\n<p>Rubinr\u00f6d i glaset \u00f6ppnar vinet upp med en komplex och intensiv doft av k\u00f6rsb\u00e4r, skogsb\u00e4r, torkade kryddor och konfekt. I munnen breder vinet ut sig med stor fyllighet och fruktkoncentration. Mogna k\u00f6rsb\u00e4r, plommon, katrinplommon, \u00f6rter och julkryddor pr\u00e4glar smaken, som dr\u00f6jer sig kvar l\u00e4nge i eftersmaken.<\/p>\n","protected":false},"excerpt":{"rendered":"<p>Valpolicella \u2013 Italy<\/p>\n","protected":false},"featured_media":79714,"template":"","meta":{"_acf_changed":false,"rs_blank_template":"","rs_page_bg_color":"","slide_template_v7":""},"product_brand":[],"product_cat":[2788,2798],"product_tag":[],"class_list":{"0":"post-79690","1":"product","2":"type-product","3":"status-publish","4":"has-post-thumbnail","6":"product_cat-vin-sv","7":"product_cat-roedvin-sv","8":"pa_aargang-2020-sv","9":"pa_drue-corvina-sv","10":"pa_drue-rondinella-sv","11":"pa_drue-molinara-sv","12":"pa_land-italien-sv","13":"pa_procent-15-sv","14":"pa_producent-nino-ardevi-sv","15":"pa_region-valpolicella-sv","16":"pa_serveringstemperatur-16-18-sv","17":"pa_volume-75-sv","19":"first","20":"outofstock","21":"sale","22":"taxable","23":"shipping-taxable","24":"purchasable","25":"product-type-simple"},"bundled_by":[],"bundle_stock_status":"outofstock","bundle_stock_quantity":null,"bundle_virtual":false,"bundle_layout":"","bundle_add_to_cart_form_location":"","bundle_editable_in_cart":false,"bundle_sold_individually_context":"","bundle_item_grouping":"","bundle_min_size":"","bundle_max_size":"","bundle_price":[],"bundled_items":[],"bundle_sell_ids":[],"acf":[],"_links":{"self":[{"href":"https:\/\/www.raschvin.com\/sv\/wp-json\/wp\/v2\/product\/79690","targetHints":{"allow":["GET"]}}],"collection":[{"href":"https:\/\/www.raschvin.com\/sv\/wp-json\/wp\/v2\/product"}],"about":[{"href":"https:\/\/www.raschvin.com\/sv\/wp-json\/wp\/v2\/types\/product"}],"wp:featuredmedia":[{"embeddable":true,"href":"https:\/\/www.raschvin.com\/sv\/wp-json\/wp\/v2\/media\/79714"}],"wp:attachment":[{"href":"https:\/\/www.raschvin.com\/sv\/wp-json\/wp\/v2\/media?parent=79690"}],"wp:term":[{"taxonomy":"product_brand","embeddable":true,"href":"https:\/\/www.raschvin.com\/sv\/wp-json\/wp\/v2\/product_brand?post=79690"},{"taxonomy":"product_cat","embeddable":true,"href":"https:\/\/www.raschvin.com\/sv\/wp-json\/wp\/v2\/product_cat?post=79690"},{"taxonomy":"product_tag","embeddable":true,"href":"https:\/\/www.raschvin.com\/sv\/wp-json\/wp\/v2\/product_tag?post=79690"}],"curies":[{"name":"wp","href":"https:\/\/api.w.org\/{rel}","templated":true}]}}