{"id":79680,"date":"2024-12-26T11:10:04","date_gmt":"2024-12-26T10:10:04","guid":{"rendered":"https:\/\/www.raschvin.com\/produkt\/jameson-triple-triple-100-cl-40\/"},"modified":"2024-12-26T11:10:04","modified_gmt":"2024-12-26T10:10:04","slug":"jameson-triple-triple-100-cl-40","status":"publish","type":"product","link":"https:\/\/www.raschvin.com\/sv\/produkt\/jameson-triple-triple-100-cl-40\/","title":{"rendered":"Jameson Triple Triple 100 cl. 40%"},"content":{"rendered":"<p>Trippeldestillerad, Triple Cask\u2026 och vissa s\u00e4ger, Triple Smooth. Jameson har alltid bjudit in nya v\u00e4nner till bordet, och den h\u00e4r g\u00e5ngen har vi introducerat v\u00e5ra Bourbon- och Sherryfat f\u00f6r handplockade kastanjefat. Det visade sig vara en perfekt kombination i tr\u00e4ets v\u00e4rld. En ny Triple Cask Jameson-smakupplevelse med sammetslena toner av toffee, kakao, rostade mandlar och en lyxig avslutning. Alltid trippeldestillerad och nu triple cask f\u00f6r extra smaklager och \u00e4nnu mer mjukhet. Serveras b\u00e4st \u00f6ver is, med lemonad och en frisk citrusgarnering \u2013 eller rent. Bara l\u00e4gg till v\u00e4nner.<\/p>\n<p>DOFT<br \/>\n\u00d6ppnar med rika aromer av toffeefudge, vanilj och hasseln\u00f6tschoklad. Subtila toner av s\u00f6t p\u00e4ron och gr\u00f6na \u00e4pplen dr\u00f6jer sig f\u00f6rsiktigt kvar i bakgrunden, medan kastanjetr\u00e4ets inflytande f\u00f6rst\u00e4rker de lyxiga tonerna av m\u00f6rk choklad och rostade mandlar.<\/p>\n<p>SMAK<br \/>\nLjuvlig och texturerad med toner av kr\u00e4mig fudge och vanilj, medan milda n\u00f6tiga undertoner och mjuka tr\u00e4kryddor l\u00e5ngsamt v\u00e4xer fram, vilket tillf\u00f6r fler smaklager och kompletterar frukttonerna och den rostade tr\u00e4karakt\u00e4ren.<\/p>\n<p>FINISH<br \/>\nEn ih\u00e5llande avslutning d\u00e4r frukt och kryddor l\u00e5ngsamt tonar bort och l\u00e5ter den balanserade anv\u00e4ndningen av ek och kastanjetr\u00e4 st\u00e5 f\u00f6r slutkl\u00e4mmen.<\/p>\n","protected":false},"excerpt":{"rendered":"<p>Classic Irish Whiskey \u2013 Triple Distilled<\/p>\n","protected":false},"featured_media":111249,"template":"","meta":{"_acf_changed":false,"rs_blank_template":"","rs_page_bg_color":"","slide_template_v7":""},"product_brand":[],"product_cat":[2392,4768,9512],"product_tag":[],"class_list":{"0":"post-79680","1":"product","2":"type-product","3":"status-publish","4":"has-post-thumbnail","6":"product_cat-whisky-sv","7":"product_cat-irish-whiskey","8":"product_cat-blended-irish-whiskey","9":"pa_land-irland-sv","10":"pa_procent-40-sv-2","11":"pa_producent-pernod-ricard-2-sv","12":"pa_volume-100-sv","14":"first","15":"instock","16":"taxable","17":"shipping-taxable","18":"purchasable","19":"product-type-simple"},"bundled_by":[],"bundle_stock_status":"instock","bundle_stock_quantity":null,"bundle_virtual":false,"bundle_layout":"","bundle_add_to_cart_form_location":"","bundle_editable_in_cart":false,"bundle_sold_individually_context":"","bundle_item_grouping":"","bundle_min_size":"","bundle_max_size":"","bundle_price":[],"bundled_items":[],"bundle_sell_ids":[],"acf":[],"_links":{"self":[{"href":"https:\/\/www.raschvin.com\/sv\/wp-json\/wp\/v2\/product\/79680","targetHints":{"allow":["GET"]}}],"collection":[{"href":"https:\/\/www.raschvin.com\/sv\/wp-json\/wp\/v2\/product"}],"about":[{"href":"https:\/\/www.raschvin.com\/sv\/wp-json\/wp\/v2\/types\/product"}],"wp:featuredmedia":[{"embeddable":true,"href":"https:\/\/www.raschvin.com\/sv\/wp-json\/wp\/v2\/media\/111249"}],"wp:attachment":[{"href":"https:\/\/www.raschvin.com\/sv\/wp-json\/wp\/v2\/media?parent=79680"}],"wp:term":[{"taxonomy":"product_brand","embeddable":true,"href":"https:\/\/www.raschvin.com\/sv\/wp-json\/wp\/v2\/product_brand?post=79680"},{"taxonomy":"product_cat","embeddable":true,"href":"https:\/\/www.raschvin.com\/sv\/wp-json\/wp\/v2\/product_cat?post=79680"},{"taxonomy":"product_tag","embeddable":true,"href":"https:\/\/www.raschvin.com\/sv\/wp-json\/wp\/v2\/product_tag?post=79680"}],"curies":[{"name":"wp","href":"https:\/\/api.w.org\/{rel}","templated":true}]}}