{"id":78906,"date":"2024-12-17T11:05:13","date_gmt":"2024-12-17T10:05:13","guid":{"rendered":"https:\/\/www.raschvin.com\/produkt\/smirnoff-ice-original-king-size-75-cl-4\/"},"modified":"2024-12-17T11:05:13","modified_gmt":"2024-12-17T10:05:13","slug":"smirnoff-ice-original-king-size-75-cl-4","status":"publish","type":"product","link":"https:\/\/www.raschvin.com\/sv\/produkt\/smirnoff-ice-original-king-size-75-cl-4\/","title":{"rendered":"Smirnoff ICE Original &#8211; King Size 75 cl. 4%"},"content":{"rendered":"<p>Smirnoff Ice \u00e4r en uppfriskande f\u00e4rdigblandad dryck med ett klart, ljust utseende och en krispig, ren smakprofil. Den har dofter av citron, lime och en hint av s\u00f6tma. I smaken erbjuder den en mjuk, l\u00e4tt s\u00f6t ton med inslag av citrus och en ren, uppfriskande avslutning. Denna dryck \u00e4r perfekt f\u00f6r fester och sociala tillst\u00e4llningar och passar bra med l\u00e4tta f\u00f6rr\u00e4tter, salta snacks och skaldjur. Serveras kyld f\u00f6r att avnjuta dess fulla, uppfriskande kvaliteter.<\/p>\n","protected":false},"excerpt":{"rendered":"<p>Ready-2-Drink (RTD)<\/p>\n","protected":false},"featured_media":78909,"template":"","meta":{"_acf_changed":false,"rs_blank_template":"","rs_page_bg_color":"","slide_template_v7":""},"product_brand":[],"product_cat":[4590,2402],"product_tag":[],"class_list":{"0":"post-78906","1":"product","2":"type-product","3":"status-publish","4":"has-post-thumbnail","6":"product_cat-ready-to-drink-sv","7":"product_cat-sprit-sv","8":"pa_producent-diageo-sv","9":"pa_volume-75-sv","11":"first","12":"instock","13":"sale","14":"taxable","15":"shipping-taxable","16":"purchasable","17":"product-type-simple"},"bundled_by":[],"bundle_stock_status":"instock","bundle_stock_quantity":null,"bundle_virtual":false,"bundle_layout":"","bundle_add_to_cart_form_location":"","bundle_editable_in_cart":false,"bundle_sold_individually_context":"","bundle_item_grouping":"","bundle_min_size":"","bundle_max_size":"","bundle_price":[],"bundled_items":[],"bundle_sell_ids":[],"acf":[],"_links":{"self":[{"href":"https:\/\/www.raschvin.com\/sv\/wp-json\/wp\/v2\/product\/78906","targetHints":{"allow":["GET"]}}],"collection":[{"href":"https:\/\/www.raschvin.com\/sv\/wp-json\/wp\/v2\/product"}],"about":[{"href":"https:\/\/www.raschvin.com\/sv\/wp-json\/wp\/v2\/types\/product"}],"wp:featuredmedia":[{"embeddable":true,"href":"https:\/\/www.raschvin.com\/sv\/wp-json\/wp\/v2\/media\/78909"}],"wp:attachment":[{"href":"https:\/\/www.raschvin.com\/sv\/wp-json\/wp\/v2\/media?parent=78906"}],"wp:term":[{"taxonomy":"product_brand","embeddable":true,"href":"https:\/\/www.raschvin.com\/sv\/wp-json\/wp\/v2\/product_brand?post=78906"},{"taxonomy":"product_cat","embeddable":true,"href":"https:\/\/www.raschvin.com\/sv\/wp-json\/wp\/v2\/product_cat?post=78906"},{"taxonomy":"product_tag","embeddable":true,"href":"https:\/\/www.raschvin.com\/sv\/wp-json\/wp\/v2\/product_tag?post=78906"}],"curies":[{"name":"wp","href":"https:\/\/api.w.org\/{rel}","templated":true}]}}