{"id":78660,"date":"2024-12-16T08:29:38","date_gmt":"2024-12-16T07:29:38","guid":{"rendered":"https:\/\/www.raschvin.com\/produkt\/havana-club-anejo-7-anos-70-cl-40\/"},"modified":"2024-12-16T08:29:38","modified_gmt":"2024-12-16T07:29:38","slug":"havana-club-anejo-7-anos-70-cl-40","status":"publish","type":"product","link":"https:\/\/www.raschvin.com\/sv\/produkt\/havana-club-anejo-7-anos-70-cl-40\/","title":{"rendered":"Havana Club &#8211; A\u00f1ejo 7 A\u00f1os 70 cl. 40%"},"content":{"rendered":"<p>Havana Club A\u00f1ejo 7 A\u00f1os \u00e4r sinnebilden av kubansk rom. Det \u00e4r en legendarisk dryck som hedrar Kubas rykte som vaggan f\u00f6r v\u00e4rldens finaste rom. Genom en l\u00e5ng lagringsprocess i vita ekfat f\u00e5r romen intensiva och komplexa smaker. Detta uppn\u00e5s delvis genom en kontinuerlig lagringsmetod, d\u00e4r en liten m\u00e4ngd rom \u00e5terf\u00f6rs till faten varje \u00e5r f\u00f6r att bevara essensen av Havana 7. Denna process har anv\u00e4nts sedan 1960, och Havana 7 inneh\u00e5ller fortfarande andan fr\u00e5n den ursprungliga batchen fr\u00e5n \u00e5rtionden tillbaka. Den \u00e4r tillr\u00e4ckligt speciell f\u00f6r att avnjutas ren eller med is.<\/p>\n<p>Alkoholhalt: 40% Vol.<\/p>\n<p>Smaknoter<br \/>\nHar en klar och str\u00e5lande mahognyf\u00e4rg. Doften \u00e4r intensiv och delikat, med starka och komplexa toner av kakao, vanilj, cedertr\u00e4 och s\u00f6t tobak. Det \u00e4r en elegant och exceptionellt smakrik rom med en fyllig och sammetslen inledning som utvecklas till en balanserad och samtidigt komplex smakupplevelse med toner av kakao, vanilj, sockerr\u00f6r, kastanj och karamelliserade frukter. Dessa understryks av mjuka och distinkta toner av ek samt bitters\u00f6ta kryddor. En intensiv avslutning kompletteras av lagringsnoterna.<\/p>\n","protected":false},"excerpt":{"rendered":"<p>El Ron De Cuba<\/p>\n","protected":false},"featured_media":78735,"template":"","meta":{"_acf_changed":false,"rs_blank_template":"","rs_page_bg_color":"","slide_template_v7":""},"product_brand":[],"product_cat":[2387,4624,4634,2391],"product_tag":[],"class_list":{"0":"post-78660","1":"product","2":"type-product","3":"status-publish","4":"has-post-thumbnail","6":"product_cat-avec-sv","7":"product_cat-dark-sv","8":"product_cat-premium-aged-sv","9":"product_cat-rom-sv","10":"pa_land-cuba-sv","11":"pa_procent-40-sv-2","12":"pa_producent-havana-club-sv","13":"pa_volume-70-sv-2","15":"first","16":"instock","17":"taxable","18":"shipping-taxable","19":"purchasable","20":"product-type-simple"},"bundled_by":[],"bundle_stock_status":"instock","bundle_stock_quantity":null,"bundle_virtual":false,"bundle_layout":"","bundle_add_to_cart_form_location":"","bundle_editable_in_cart":false,"bundle_sold_individually_context":"","bundle_item_grouping":"","bundle_min_size":"","bundle_max_size":"","bundle_price":[],"bundled_items":[],"bundle_sell_ids":[],"acf":[],"_links":{"self":[{"href":"https:\/\/www.raschvin.com\/sv\/wp-json\/wp\/v2\/product\/78660","targetHints":{"allow":["GET"]}}],"collection":[{"href":"https:\/\/www.raschvin.com\/sv\/wp-json\/wp\/v2\/product"}],"about":[{"href":"https:\/\/www.raschvin.com\/sv\/wp-json\/wp\/v2\/types\/product"}],"wp:featuredmedia":[{"embeddable":true,"href":"https:\/\/www.raschvin.com\/sv\/wp-json\/wp\/v2\/media\/78735"}],"wp:attachment":[{"href":"https:\/\/www.raschvin.com\/sv\/wp-json\/wp\/v2\/media?parent=78660"}],"wp:term":[{"taxonomy":"product_brand","embeddable":true,"href":"https:\/\/www.raschvin.com\/sv\/wp-json\/wp\/v2\/product_brand?post=78660"},{"taxonomy":"product_cat","embeddable":true,"href":"https:\/\/www.raschvin.com\/sv\/wp-json\/wp\/v2\/product_cat?post=78660"},{"taxonomy":"product_tag","embeddable":true,"href":"https:\/\/www.raschvin.com\/sv\/wp-json\/wp\/v2\/product_tag?post=78660"}],"curies":[{"name":"wp","href":"https:\/\/api.w.org\/{rel}","templated":true}]}}