{"id":78656,"date":"2026-01-16T14:17:47","date_gmt":"2026-01-16T13:17:47","guid":{"rendered":"https:\/\/www.raschvin.com\/produkt\/baron-de-ley-gran-reserva-2017-rioja-75-cl\/"},"modified":"2026-01-16T14:18:23","modified_gmt":"2026-01-16T13:18:23","slug":"baron-de-ley-gran-reserva-2017-rioja-75-cl","status":"publish","type":"product","link":"https:\/\/www.raschvin.com\/sv\/produkt\/baron-de-ley-gran-reserva-2017-rioja-75-cl\/","title":{"rendered":"Baron de Ley Gran Reserva 2018 Rioja 75 cl."},"content":{"rendered":"<p>Druvorna till Gran Reservan v\u00e4xer i Baron de Leys ving\u00e5rdar som \u00e4r bel\u00e4gna i Cenicero, i Rioja Alta. D\u00e4r finns den optimala kombinationen av medelhavsklimat, influenser fr\u00e5n Atlanten och vinrankor med l\u00e5g avkastning som skapar eleganta viner med lagringskapacitet. Den h\u00e4r Gran Reservan \u00e4r gjord av ett urval av druvor som vuxit i de b\u00e4sta jordm\u00e5nerna. Bara sk\u00f6rdar fr\u00e5n de b\u00e4sta \u00e5rg\u00e5ngarna kommer till f\u00f6rs\u00e4ljning. Vinet mognar i minst 24 m\u00e5nader p\u00e5 amerikanska och franska ekfat och d\u00e4refter 36 m\u00e5nader p\u00e5 flaska. Detta resulterar i en enast\u00e5ende komplexitet i aromerna och en mjuk, kr\u00e4mig struktur.<\/p>\n<p>KARAKT\u00c4R<\/p>\n<p>Smaken \u00e4r nyanserad, kryddig och utvecklad med fatkarakt\u00e4r. Inslag av utvecklad r\u00f6d frukt, katrinplommon, tobak, l\u00e4der, dill och m\u00f6rk choklad.<\/p>\n<p>Passar till r\u00e4tter av lamm och n\u00f6tk\u00f6tt, vilt och f\u00e5gel.<\/p>\n<p>Baron de Ley Gran Reserva \u00e4r ett av firmans toppviner och lanseras endast de \u00e5r d\u00e5 kvalit\u00e9n anses tillr\u00e4ckligt bra. Druvorna till vinet h\u00e4mtas fr\u00e5n Baron de Leys \u00e4ldsta ving\u00e5rdar i Cenicero i Rioja Alta.<\/p>\n","protected":false},"excerpt":{"rendered":"<p>Denominaci\u00f3n de Origen Calificada &#8211; Spain<\/p>\n","protected":false},"featured_media":78708,"template":"","meta":{"_acf_changed":false,"rs_blank_template":"","rs_page_bg_color":"","slide_template_v7":""},"product_brand":[],"product_cat":[2788,2798,9188],"product_tag":[],"class_list":{"0":"post-78656","1":"product","2":"type-product","3":"status-publish","4":"has-post-thumbnail","6":"product_cat-vin-sv","7":"product_cat-roedvin-sv","8":"product_cat-spanskt-rodvin","9":"pa_aargang-2018-sv","10":"pa_drue-tempranillo-sv","11":"pa_land-spanien-sv","12":"pa_procent-14-sv","13":"pa_producent-baron-de-ley-sv","14":"pa_region-rioja-sv","15":"pa_serveringstemperatur-18-20-sv","16":"pa_volume-75-sv","18":"first","19":"outofstock","20":"sale","21":"taxable","22":"shipping-taxable","23":"purchasable","24":"product-type-simple"},"bundled_by":[],"bundle_stock_status":"outofstock","bundle_stock_quantity":null,"bundle_virtual":false,"bundle_layout":"","bundle_add_to_cart_form_location":"","bundle_editable_in_cart":false,"bundle_sold_individually_context":"","bundle_item_grouping":"","bundle_min_size":"","bundle_max_size":"","bundle_price":[],"bundled_items":[],"bundle_sell_ids":[],"acf":[],"_links":{"self":[{"href":"https:\/\/www.raschvin.com\/sv\/wp-json\/wp\/v2\/product\/78656","targetHints":{"allow":["GET"]}}],"collection":[{"href":"https:\/\/www.raschvin.com\/sv\/wp-json\/wp\/v2\/product"}],"about":[{"href":"https:\/\/www.raschvin.com\/sv\/wp-json\/wp\/v2\/types\/product"}],"wp:featuredmedia":[{"embeddable":true,"href":"https:\/\/www.raschvin.com\/sv\/wp-json\/wp\/v2\/media\/78708"}],"wp:attachment":[{"href":"https:\/\/www.raschvin.com\/sv\/wp-json\/wp\/v2\/media?parent=78656"}],"wp:term":[{"taxonomy":"product_brand","embeddable":true,"href":"https:\/\/www.raschvin.com\/sv\/wp-json\/wp\/v2\/product_brand?post=78656"},{"taxonomy":"product_cat","embeddable":true,"href":"https:\/\/www.raschvin.com\/sv\/wp-json\/wp\/v2\/product_cat?post=78656"},{"taxonomy":"product_tag","embeddable":true,"href":"https:\/\/www.raschvin.com\/sv\/wp-json\/wp\/v2\/product_tag?post=78656"}],"curies":[{"name":"wp","href":"https:\/\/api.w.org\/{rel}","templated":true}]}}