{"id":78433,"date":"2024-12-14T10:02:31","date_gmt":"2024-12-14T09:02:31","guid":{"rendered":"https:\/\/www.raschvin.com\/produkt\/laphroaig-elements-2-0-70-cl-596\/"},"modified":"2024-12-14T10:02:31","modified_gmt":"2024-12-14T09:02:31","slug":"laphroaig-elements-2-0-70-cl-596","status":"publish","type":"product","link":"https:\/\/www.raschvin.com\/sv\/produkt\/laphroaig-elements-2-0-70-cl-596\/","title":{"rendered":"Laphroaig Elements 2.0 70 cl. 59,6%"},"content":{"rendered":"<p>I Elements 2.0 presenterar Laphroaig den andra originalutg\u00e5van i deras Explorative-serie. Serien utmanar gr\u00e4nserna f\u00f6r whiskyproduktion och avviker fr\u00e5n traditionella metoder. Med Laphroaig Elements 2.0 har j\u00e4sningsprocessen utforskats. Normalt sett varar j\u00e4sningen hos Laphroaig i 55 timmar, men f\u00f6r Elements 2.0 Islay Whisky f\u00f6rl\u00e4ngdes processen till hela 115 timmar. Experimentet inleddes en kall januaridag med hj\u00e4lp av en tank med s\u00e4rskild ventilation f\u00f6r att efterlikna de j\u00e4sningsf\u00f6rh\u00e5llanden som anv\u00e4ndes tidigare. Den l\u00e5nga j\u00e4sningsprocessen resulterade i en Laphroaig-whisky med tydligt fruktiga aromer. Den limiterade Laphroaig Elements 2.0 fr\u00e5n 2024 buteljerades med en alkoholhalt p\u00e5 59,6 % utan kylfiltrering.<\/p>\n<p>Hur smakar Laphroaig Elements 2.0?<\/p>\n<p>2024 \u00e5rs utg\u00e5va av Laphroaigs Explorative-serie beh\u00e5ller destilleriets karakteristiska r\u00f6kiga och torviga profil men framst\u00e5r ocks\u00e5 som markant fruktig och s\u00f6t. P\u00e5 gommen framtr\u00e4der toner av gr\u00f6na \u00e4pplen tillsammans med honung, mjuk torv och en gl\u00f6dande l\u00e4gereld. Aromer av r\u00f6kta skaldjur bidrar till harmonin. Avslutningen \u00e4r s\u00f6t och den varma r\u00f6kigheten \u00f6kar gradvis. I glaset lyser whiskyn med en klar, blekguldf\u00e4rgad ton.<\/p>\n<p>Destillerichefen Barry Macaffer beskriver Laphroaig Elements 2.0 s\u00e5 h\u00e4r: &#8221;Alla aromer \u00e4r verkligen starka och intensiva, men de harmoniserar v\u00e4l och skapar ett mjukt och balanserat helhetsintryck.&#8221;<\/p>\n<p>K\u00f6p den limiterade Laphroaig Elements Whisky<\/p>\n<p>Med 2023 \u00e5rs utg\u00e5va av Laphroaig Elements 1.0 lanserade destilleriet Explorative-serien. Denna Islay-whisky experimenterade med olika kornsorter och f\u00f6r\u00e4ndrade m\u00e4skningsprocessen. 1.0 uttryckte Laphroaigs klassiska karakt\u00e4r i kombination med kryddig peppar, f\u00f6rkolnad ananas och fr\u00e4sch lakrits. Under 2024 lanserades den likaledes limiterade Laphroaig Elements 2.0.<\/p>\n","protected":false},"excerpt":{"rendered":"<p>Islay Single Malt Scotch Whisky<\/p>\n","protected":false},"featured_media":78464,"template":"","meta":{"_acf_changed":false,"rs_blank_template":"","rs_page_bg_color":"","slide_template_v7":""},"product_brand":[],"product_cat":[2392,9248,9433],"product_tag":[],"class_list":{"0":"post-78433","1":"product","2":"type-product","3":"status-publish","4":"has-post-thumbnail","6":"product_cat-whisky-sv","7":"product_cat-scotch-whisky","8":"product_cat-single-malt-scotch-whisky","9":"pa_aargang-2024-sv","10":"pa_champagne-type-cask-strength-sv","11":"pa_land-skottland","12":"pa_procent-59-6-sv","13":"pa_producent-laphroaig-sv","14":"pa_region-islay-sv","15":"pa_volume-70-sv-2","17":"first","18":"instock","19":"taxable","20":"shipping-taxable","21":"purchasable","22":"product-type-simple"},"bundled_by":[],"bundle_stock_status":"instock","bundle_stock_quantity":null,"bundle_virtual":false,"bundle_layout":"","bundle_add_to_cart_form_location":"","bundle_editable_in_cart":false,"bundle_sold_individually_context":"","bundle_item_grouping":"","bundle_min_size":"","bundle_max_size":"","bundle_price":[],"bundled_items":[],"bundle_sell_ids":[],"acf":[],"_links":{"self":[{"href":"https:\/\/www.raschvin.com\/sv\/wp-json\/wp\/v2\/product\/78433","targetHints":{"allow":["GET"]}}],"collection":[{"href":"https:\/\/www.raschvin.com\/sv\/wp-json\/wp\/v2\/product"}],"about":[{"href":"https:\/\/www.raschvin.com\/sv\/wp-json\/wp\/v2\/types\/product"}],"wp:featuredmedia":[{"embeddable":true,"href":"https:\/\/www.raschvin.com\/sv\/wp-json\/wp\/v2\/media\/78464"}],"wp:attachment":[{"href":"https:\/\/www.raschvin.com\/sv\/wp-json\/wp\/v2\/media?parent=78433"}],"wp:term":[{"taxonomy":"product_brand","embeddable":true,"href":"https:\/\/www.raschvin.com\/sv\/wp-json\/wp\/v2\/product_brand?post=78433"},{"taxonomy":"product_cat","embeddable":true,"href":"https:\/\/www.raschvin.com\/sv\/wp-json\/wp\/v2\/product_cat?post=78433"},{"taxonomy":"product_tag","embeddable":true,"href":"https:\/\/www.raschvin.com\/sv\/wp-json\/wp\/v2\/product_tag?post=78433"}],"curies":[{"name":"wp","href":"https:\/\/api.w.org\/{rel}","templated":true}]}}