{"id":78429,"date":"2024-12-14T09:38:57","date_gmt":"2024-12-14T08:38:57","guid":{"rendered":"https:\/\/www.raschvin.com\/produkt\/liqueur-de-fleurs-de-sureau-elderflower-liqueur-gabriel-boudier-70-cl-18\/"},"modified":"2024-12-14T09:38:57","modified_gmt":"2024-12-14T08:38:57","slug":"liqueur-de-fleurs-de-sureau-elderflower-liqueur-gabriel-boudier-70-cl-18","status":"publish","type":"product","link":"https:\/\/www.raschvin.com\/sv\/produkt\/liqueur-de-fleurs-de-sureau-elderflower-liqueur-gabriel-boudier-70-cl-18\/","title":{"rendered":"Liqueur de Fleurs de Sureau (Elderflower Liqueur) \u2013 Gabriel Boudier 70 cl. 18%"},"content":{"rendered":"<p>En lik\u00f6r gjord p\u00e5 noggrant utvalda fl\u00e4derblommor. Lik\u00f6ren produceras p\u00e5 en blandning av lika delar frukt och alkohol. Frukten f\u00e5r macerera i roterande tankar under en period som str\u00e4cker sig fr\u00e5n en dag till flera veckor. Resultatet blir fint f\u00e4rgad sprit som endast smaksatts av de naturliga frukterna.<\/p>\n<p>KARAKT\u00c4R<br \/>\nEn ljusgul lik\u00f6r med blommig doft. Uppfriskande smak av fl\u00e4der med noter av honung och citrongr\u00e4s.<\/p>\n<p>OM PRODUCENTEN<br \/>\nGabriel Boudier grundades 1874 och har \u00f6ver 140 \u00e5r av kunskap och experMs bakom sig. Redan fr\u00e5n start har producenten varit innovaMv i siO sorMment av lik\u00f6rer och sprit vilket har geO dem eO goO anseende v\u00e4rlden \u00f6ver. Allt b\u00f6rjade 1909 n\u00e4r Gabriel Boudier tog \u00f6ver huset Fontbonne och \u00e4ndrade namnet Mll siO eget. Huset l\u00e5g p\u00e5 Boulevard de Strasbourg i Dijon, den plats som namngav deras lik\u00f6r Cr\u00e8me de Cassis de Dijon. 1936 s\u00e5lde Boudiers \u00e4nka f\u00f6retaget Mll Marcel BaOault som fortsaOe med samma h\u00e4ngivenhet och passion som sin f\u00f6retr\u00e4dare. 1969 flyOades produkMonen Mll Rue de Cluj in Dijon med en vision om expansion och utveckling. \u00c4n idag \u00e4r Gabriel Boudier familje\u00e4gt och h\u00e5ller fast vid moOot: \u201dKvalitet utan kompromiss\u201d.<\/p>\n","protected":false},"excerpt":{"rendered":"<p>French Premium Elderflower Liqueur<\/p>\n","protected":false},"featured_media":78452,"template":"","meta":{"_acf_changed":false,"rs_blank_template":"","rs_page_bg_color":"","slide_template_v7":""},"product_brand":[],"product_cat":[2390,4714,4716,9392,9395],"product_tag":[],"class_list":{"0":"post-78429","1":"product","2":"type-product","3":"status-publish","4":"has-post-thumbnail","6":"product_cat-sprit","7":"product_cat-ort","8":"product_cat-andra-likorer","9":"product_cat-likor-och-ol","10":"product_cat-likortyper","11":"pa_land-frankrike","12":"pa_procent-18-sv","13":"pa_producent-gabriel-boudier-sv","14":"pa_region-bourgogne-sv","15":"pa_volume-70-sv-2","17":"first","18":"instock","19":"taxable","20":"shipping-taxable","21":"purchasable","22":"product-type-simple"},"bundled_by":["115715"],"bundle_stock_status":"instock","bundle_stock_quantity":null,"bundle_virtual":false,"bundle_layout":"","bundle_add_to_cart_form_location":"","bundle_editable_in_cart":false,"bundle_sold_individually_context":"","bundle_item_grouping":"","bundle_min_size":"","bundle_max_size":"","bundle_price":[],"bundled_items":[],"bundle_sell_ids":[],"acf":[],"_links":{"self":[{"href":"https:\/\/www.raschvin.com\/sv\/wp-json\/wp\/v2\/product\/78429","targetHints":{"allow":["GET"]}}],"collection":[{"href":"https:\/\/www.raschvin.com\/sv\/wp-json\/wp\/v2\/product"}],"about":[{"href":"https:\/\/www.raschvin.com\/sv\/wp-json\/wp\/v2\/types\/product"}],"wp:featuredmedia":[{"embeddable":true,"href":"https:\/\/www.raschvin.com\/sv\/wp-json\/wp\/v2\/media\/78452"}],"wp:attachment":[{"href":"https:\/\/www.raschvin.com\/sv\/wp-json\/wp\/v2\/media?parent=78429"}],"wp:term":[{"taxonomy":"product_brand","embeddable":true,"href":"https:\/\/www.raschvin.com\/sv\/wp-json\/wp\/v2\/product_brand?post=78429"},{"taxonomy":"product_cat","embeddable":true,"href":"https:\/\/www.raschvin.com\/sv\/wp-json\/wp\/v2\/product_cat?post=78429"},{"taxonomy":"product_tag","embeddable":true,"href":"https:\/\/www.raschvin.com\/sv\/wp-json\/wp\/v2\/product_tag?post=78429"}],"curies":[{"name":"wp","href":"https:\/\/api.w.org\/{rel}","templated":true}]}}