{"id":77964,"date":"2024-12-10T13:55:43","date_gmt":"2024-12-10T12:55:43","guid":{"rendered":"https:\/\/www.raschvin.com\/produkt\/glen-scotia-14-years-icons-of-campbeltown-release-no-2-the-dragon-70-cl-568\/"},"modified":"2024-12-10T13:55:43","modified_gmt":"2024-12-10T12:55:43","slug":"glen-scotia-14-years-icons-of-campbeltown-release-no-2-the-dragon-70-cl-568","status":"publish","type":"product","link":"https:\/\/www.raschvin.com\/sv\/produkt\/glen-scotia-14-years-icons-of-campbeltown-release-no-2-the-dragon-70-cl-568\/","title":{"rendered":"Glen Scotia \u2013 14 Years Icons of Campbeltown Release No.2 The Dragon 70 cl. 56,8%"},"content":{"rendered":"<p><iframe loading=\"lazy\" title=\"Icons of Campbeltown - No.2\" width=\"1080\" height=\"608\" src=\"https:\/\/www.youtube.com\/embed\/WVTrO3GWUSA?feature=oembed\" frameborder=\"0\" allow=\"accelerometer; autoplay; clipboard-write; encrypted-media; gyroscope; picture-in-picture; web-share\" referrerpolicy=\"strict-origin-when-cross-origin\" allowfullscreen><\/iframe><\/p>\n<p>Release No. 2 \u2013 den andra i serien Icons of Campbeltown \u2013 \u00e4r inspirerad av avbildningen av \u00e4rke\u00e4ngeln Mikael, som modigt besegrade en eldsprutande drake med sitt spjut.<\/p>\n<p>F\u00f6r att hylla denna mytiska ber\u00e4ttelse har vi lanserat denna unika, medelr\u00f6kiga 14-\u00e5riga single malt whisky. Den dj\u00e4rva marina s\u00e4ltan och r\u00f6kiga torven balanseras vackert av en h\u00e4rlig s\u00f6tma fr\u00e5n kanderade r\u00f6da frukter, f\u00f6rfinad efter sex m\u00e5naders lagring i de finaste ex-Barolo-r\u00f6dvinsfaten.<\/p>\n<p>Serien Icons of Campbeltown hyllar Campbeltowns gemenskap, som genom tiderna har s\u00e4kerst\u00e4llt Glen Scotias \u00f6verlevnad. Serien h\u00e4mtar inspiration fr\u00e5n Campbeltown Market Cross \u2013 en historisk m\u00f6tesplats f\u00f6r gemenskap och ber\u00e4ttande, med helgon och mytiska varelser uthuggna i stenens yta. Varje utg\u00e5va \u00e5terber\u00e4ttar en historia om den lokala gemenskapens anda.<\/p>\n<p>Release No. 2 inspireras av Sankt Mikael, som tillsammans med sina anh\u00e4ngare besegrade en eldsprutande drake. Br\u00e4nder var ett \u00e5terkommande hot under Campbeltowns viktorianska whiskyera och \u00f6delade flera destillerier. Den 17 december 1899 k\u00e4mpade Glen Scotia och lokalbefolkningen mot en v\u00e5ldsam brand vid Dalintober-destilleriet och r\u00e4ddade det fr\u00e5n underg\u00e5ng. Idag finns inga levande helgon eller drakdr\u00e4pare i Campbeltown \u2013 bara en gemenskap som trotsar oddsen med en orubblig anda.<\/p>\n<p>F\u00f6r att fira den mytiska ber\u00e4ttelsen har v\u00e5r Master Blender valt ut denna medelr\u00f6kiga 14-\u00e5riga single malt whisky, avslutad i sex m\u00e5nader p\u00e5 ex-Barolo-r\u00f6dvinsfat. Resultatet \u00e4r en whisky full av eldiga r\u00f6da frukter. Den r\u00f6kiga karakt\u00e4ren sm\u00e4lter samman med lager av frukt, kryddor och en subtil marin s\u00e4lta, vilket g\u00f6r det tydligt vilket destilleri denna limiterade utg\u00e5va kommer fr\u00e5n.<\/p>\n<p>Doft<br \/>\nHavsspray, r\u00f6da b\u00e4r, torvr\u00f6k<\/p>\n<p>Smak<br \/>\nSm\u00e4lt brunt socker, hallon, tranb\u00e4r, \u00e4pple, vanilj<\/p>\n<p>Avslutning<br \/>\nL\u00e5ng, r\u00f6da k\u00f6rsb\u00e4r och snurrande torvr\u00f6k<\/p>\n","protected":false},"excerpt":{"rendered":"<p>Campbeltown Single Malt Scotch Whisky<\/p>\n","protected":false},"featured_media":78025,"template":"","meta":{"_acf_changed":false,"rs_blank_template":"","rs_page_bg_color":"","slide_template_v7":""},"product_brand":[],"product_cat":[2392,9248,9433],"product_tag":[],"class_list":{"0":"post-77964","1":"product","2":"type-product","3":"status-publish","4":"has-post-thumbnail","6":"product_cat-whisky-sv","7":"product_cat-scotch-whisky","8":"product_cat-single-malt-scotch-whisky","9":"pa_land-skottland","10":"pa_procent-56-8-sv","11":"pa_producent-glen-scotia-sv","12":"pa_region-campbeltown-sv","13":"pa_volume-70-sv-2","15":"first","16":"instock","17":"taxable","18":"shipping-taxable","19":"purchasable","20":"product-type-simple"},"bundled_by":[],"bundle_stock_status":"instock","bundle_stock_quantity":null,"bundle_virtual":false,"bundle_layout":"","bundle_add_to_cart_form_location":"","bundle_editable_in_cart":false,"bundle_sold_individually_context":"","bundle_item_grouping":"","bundle_min_size":"","bundle_max_size":"","bundle_price":[],"bundled_items":[],"bundle_sell_ids":[],"acf":[],"_links":{"self":[{"href":"https:\/\/www.raschvin.com\/sv\/wp-json\/wp\/v2\/product\/77964","targetHints":{"allow":["GET"]}}],"collection":[{"href":"https:\/\/www.raschvin.com\/sv\/wp-json\/wp\/v2\/product"}],"about":[{"href":"https:\/\/www.raschvin.com\/sv\/wp-json\/wp\/v2\/types\/product"}],"wp:featuredmedia":[{"embeddable":true,"href":"https:\/\/www.raschvin.com\/sv\/wp-json\/wp\/v2\/media\/78025"}],"wp:attachment":[{"href":"https:\/\/www.raschvin.com\/sv\/wp-json\/wp\/v2\/media?parent=77964"}],"wp:term":[{"taxonomy":"product_brand","embeddable":true,"href":"https:\/\/www.raschvin.com\/sv\/wp-json\/wp\/v2\/product_brand?post=77964"},{"taxonomy":"product_cat","embeddable":true,"href":"https:\/\/www.raschvin.com\/sv\/wp-json\/wp\/v2\/product_cat?post=77964"},{"taxonomy":"product_tag","embeddable":true,"href":"https:\/\/www.raschvin.com\/sv\/wp-json\/wp\/v2\/product_tag?post=77964"}],"curies":[{"name":"wp","href":"https:\/\/api.w.org\/{rel}","templated":true}]}}