{"id":77503,"date":"2024-12-07T08:15:25","date_gmt":"2024-12-07T07:15:25","guid":{"rendered":"https:\/\/www.raschvin.com\/produkt\/kavalan-lan-70-cl-43\/"},"modified":"2024-12-07T08:15:25","modified_gmt":"2024-12-07T07:15:25","slug":"kavalan-lan-70-cl-43","status":"publish","type":"product","link":"https:\/\/www.raschvin.com\/sv\/produkt\/kavalan-lan-70-cl-43\/","title":{"rendered":"Kavalan L\u00e1n 70 cl. 43%"},"content":{"rendered":"<p>Uppt\u00e4ck essensen av &#8221;L\u00e1n&#8221;, en exceptionell whisky skapad som en hyllning till Yilan, f\u00f6delseplatsen f\u00f6r Kavalan-destilleriet. Namnet, som ocks\u00e5 symboliserar det kinesiska tecknet f\u00f6r &#8217;orkid\u00e9&#8217;, \u00e5terspeglar p\u00e5 ett vackert s\u00e4tt \u00f6ns ansedda st\u00e4llning som Orkid\u00e9ernas Rike. Fr\u00e4scha vaniljtoner fr\u00e5n bourbonfat kombineras med en fusion av n\u00f6tiga och blommiga aromer fr\u00e5n portvinsfat. Whiskyn \u00e4r dessutom berikad av Kavalans STR-teknik, som ger en karamelliserad fruktig s\u00f6tma genom att skrapa, rosta och \u00e5terf\u00f6rkolna Vinho-vinfat. Med toner av dessert och n\u00f6tiga tr\u00e4slag utstr\u00e5lar den en l\u00e4tthet och elegans, tillsammans med en ren och st\u00e4ndigt \u00f6verraskande arom. Genom att uppn\u00e5 en subtil balans mellan rika lager presenterar Kavalan stolt m\u00e4sterverket &#8211; &#8217;L\u00e1n&#8217;.<\/p>\n<p>Profil<br \/>\nF\u00e4rg: B\u00e4rnstenslila<br \/>\nDoft: F\u00e4ngslande orkid\u00e9aromer blandas med ros, jasmin, pion och apelsinblomma, kombinerat med kr\u00e4mig vanilj, choklad, karamell, honungsmelon och fruktkarameller. Avslutningen har inslag av n\u00f6tter och kanel som framkallar en avl\u00e4gsen skog.<br \/>\nSmak: Fr\u00e4scha blommiga och fruktiga aromer som sm\u00e4lter samman med kr\u00e4miga och chokladiga toner, med en l\u00e5ngvarig n\u00f6tig och kaneltr\u00e4ig eftersmak.<br \/>\nHelhetsintryck: Blommig och elegant.<\/p>\n<p>Kavalan-destilleriet \u00e4r uppkallat efter en ur\u00e5ldrig stam som levde i regionen i den nordv\u00e4stra delen av Taiwan. Grundat av King Car Group tvekade Kavalan inte att anlita de fr\u00e4msta experterna i branschen och deklarerade redan fr\u00e5n b\u00f6rjan sin avsikt att skapa en whisky av exceptionell kvalitet. Med hj\u00e4lp av Jim Swann producerade destilleriet sina f\u00f6rsta droppar av ny sprit den 11 mars 2006 och lanserade sin f\u00f6rsta whisky i december 2008. Genom att v\u00e4lja ut de b\u00e4sta faten lyckades Kavalan 2009 producera en rad single casks (sherry, bourbon och port), bara tre \u00e5r efter produktionsstart, och har redan vunnit m\u00e5nga medaljer vid internationella t\u00e4vlingar.<\/p>\n","protected":false},"excerpt":{"rendered":"<p>Single Malt Whisky \u2013 Taiwan<\/p>\n","protected":false},"featured_media":77535,"template":"","meta":{"_acf_changed":false,"rs_blank_template":"","rs_page_bg_color":"","slide_template_v7":""},"product_brand":[],"product_cat":[2387,4651,2392],"product_tag":[],"class_list":{"0":"post-77503","1":"product","2":"type-product","3":"status-publish","4":"has-post-thumbnail","6":"product_cat-avec-sv","7":"product_cat-single-malt-sv","8":"product_cat-whisky-sv","9":"pa_land-taiwan-sv","10":"pa_procent-43-sv","11":"pa_producent-king-car-distillery-sv","12":"pa_volume-70-sv-2","14":"first","15":"instock","16":"taxable","17":"shipping-taxable","18":"purchasable","19":"product-type-simple"},"bundled_by":[],"bundle_stock_status":"instock","bundle_stock_quantity":null,"bundle_virtual":false,"bundle_layout":"","bundle_add_to_cart_form_location":"","bundle_editable_in_cart":false,"bundle_sold_individually_context":"","bundle_item_grouping":"","bundle_min_size":"","bundle_max_size":"","bundle_price":[],"bundled_items":[],"bundle_sell_ids":[],"acf":[],"_links":{"self":[{"href":"https:\/\/www.raschvin.com\/sv\/wp-json\/wp\/v2\/product\/77503","targetHints":{"allow":["GET"]}}],"collection":[{"href":"https:\/\/www.raschvin.com\/sv\/wp-json\/wp\/v2\/product"}],"about":[{"href":"https:\/\/www.raschvin.com\/sv\/wp-json\/wp\/v2\/types\/product"}],"wp:featuredmedia":[{"embeddable":true,"href":"https:\/\/www.raschvin.com\/sv\/wp-json\/wp\/v2\/media\/77535"}],"wp:attachment":[{"href":"https:\/\/www.raschvin.com\/sv\/wp-json\/wp\/v2\/media?parent=77503"}],"wp:term":[{"taxonomy":"product_brand","embeddable":true,"href":"https:\/\/www.raschvin.com\/sv\/wp-json\/wp\/v2\/product_brand?post=77503"},{"taxonomy":"product_cat","embeddable":true,"href":"https:\/\/www.raschvin.com\/sv\/wp-json\/wp\/v2\/product_cat?post=77503"},{"taxonomy":"product_tag","embeddable":true,"href":"https:\/\/www.raschvin.com\/sv\/wp-json\/wp\/v2\/product_tag?post=77503"}],"curies":[{"name":"wp","href":"https:\/\/api.w.org\/{rel}","templated":true}]}}