{"id":77367,"date":"2024-12-06T09:07:58","date_gmt":"2024-12-06T08:07:58","guid":{"rendered":"https:\/\/www.raschvin.com\/produkt\/ichiros-malt-chichibu-paris-edition-2024-505\/"},"modified":"2024-12-06T09:11:34","modified_gmt":"2024-12-06T08:11:34","slug":"ichiros-malt-chichibu-paris-edition-2024-505","status":"publish","type":"product","link":"https:\/\/www.raschvin.com\/sv\/produkt\/ichiros-malt-chichibu-paris-edition-2024-505\/","title":{"rendered":"Ichiro\u2019s Malt Chichibu Paris Edition 2024 70cl. 50,5%"},"content":{"rendered":"<p>En exceptionell blend f\u00f6r Paris Edition 2024<\/p>\n<p>Chichibu &#8211; Paris Edition 2024 \u00e4r en anm\u00e4rkningsv\u00e4rd japansk whisky, skapad fr\u00e5n en blandning av 12 bourbonfat, tv\u00e5 kvartfat (chibidaru) och ett fat som tidigare inneh\u00e5llit r\u00f6dvin. Lagrat i sex till sju \u00e5r f\u00f6rkroppsligar den konsten av kontrollerad lagring, unik f\u00f6r Chichibu-destilleriet, och forts\u00e4tter traditionen fr\u00e5n tidigare utg\u00e5vor med \u00e4nnu st\u00f6rre finess.<\/p>\n<p>Subtil torv och raffinerad komplexitet<\/p>\n<p>Denna whisky utm\u00e4rker sig genom en rik och utvecklande arom- och smakpalett. De torviga tonerna, \u00e4nnu mer subtila \u00e4n i tidigare utg\u00e5vor, tillf\u00f6r djup och struktur. Balansen mellan fr\u00e4sch\u00f6r och kraft, samt komplexiteten fr\u00e5n lagringen i r\u00f6dvinsfat, g\u00f6r Chichibu &#8211; Paris Edition 2024 Tour Eiffel till en cuv\u00e9e med s\u00e4llsynt och f\u00e4ngslande elegans.<\/p>\n<p>6 olika etiketter f\u00f6r 2024 \u00e5rs utg\u00e5va<\/p>\n<p>Endast etiketten \u00e4ndras, vilket lockar samlare eller dem med en s\u00e4rskild koppling till ett monument, medan whiskyn f\u00f6rblir of\u00f6r\u00e4ndrad fr\u00e5n en etikett till en annan.<\/p>\n<p>Eiffeltornet: Flaskor #1-414<br \/>\nTokyo Tower: Flaskor #415-828<br \/>\nTriumfb\u00e5gen: Flaskor #829-1242<br \/>\nMeiji Ginju: Flaskor #1243-1656<br \/>\nNotre-Dame de Paris: Flaskor #1657-2070<br \/>\nK\u014dkyo: Flaskor #2071-2484<br \/>\nDenna utg\u00e5va: Eiffeltornet<\/p>\n<p>Om Paris Edition 2024 Tour Eiffel<\/p>\n<p>Eiffeltornet, en symbol f\u00f6r Paris designad av Gustave Eiffel \u00e5r 1889, reser sig 330 meter \u00f6ver staden. Detta ingenj\u00f6rskonstens m\u00e4sterverk lockar miljontals bes\u00f6kare varje \u00e5r och erbjuder spektakul\u00e4ra vyer \u00f6ver huvudstaden fr\u00e5n sina utsiktsplattformar. Med sin unika silhuett \u00e4r det en juvel i v\u00e4rldsarvet.<\/p>\n","protected":false},"excerpt":{"rendered":"<p>Single Malt Japanese Whisky<\/p>\n","protected":false},"featured_media":77394,"template":"","meta":{"_acf_changed":false,"rs_blank_template":"","rs_page_bg_color":"","slide_template_v7":""},"product_brand":[],"product_cat":[2387,4651,2392],"product_tag":[],"class_list":{"0":"post-77367","1":"product","2":"type-product","3":"status-publish","4":"has-post-thumbnail","6":"product_cat-avec-sv","7":"product_cat-single-malt-sv","8":"product_cat-whisky-sv","9":"pa_aargang-2024-sv","10":"pa_land-japan-sv","11":"pa_procent-50-5-sv","12":"pa_producent-chichibu-distillery-sv","13":"pa_region-honshu-sv","14":"pa_volume-70-sv-2","16":"first","17":"instock","18":"taxable","19":"shipping-taxable","20":"purchasable","21":"product-type-simple"},"bundled_by":[],"bundle_stock_status":"instock","bundle_stock_quantity":null,"bundle_virtual":false,"bundle_layout":"","bundle_add_to_cart_form_location":"","bundle_editable_in_cart":false,"bundle_sold_individually_context":"","bundle_item_grouping":"","bundle_min_size":"","bundle_max_size":"","bundle_price":[],"bundled_items":[],"bundle_sell_ids":[],"acf":[],"_links":{"self":[{"href":"https:\/\/www.raschvin.com\/sv\/wp-json\/wp\/v2\/product\/77367","targetHints":{"allow":["GET"]}}],"collection":[{"href":"https:\/\/www.raschvin.com\/sv\/wp-json\/wp\/v2\/product"}],"about":[{"href":"https:\/\/www.raschvin.com\/sv\/wp-json\/wp\/v2\/types\/product"}],"wp:featuredmedia":[{"embeddable":true,"href":"https:\/\/www.raschvin.com\/sv\/wp-json\/wp\/v2\/media\/77394"}],"wp:attachment":[{"href":"https:\/\/www.raschvin.com\/sv\/wp-json\/wp\/v2\/media?parent=77367"}],"wp:term":[{"taxonomy":"product_brand","embeddable":true,"href":"https:\/\/www.raschvin.com\/sv\/wp-json\/wp\/v2\/product_brand?post=77367"},{"taxonomy":"product_cat","embeddable":true,"href":"https:\/\/www.raschvin.com\/sv\/wp-json\/wp\/v2\/product_cat?post=77367"},{"taxonomy":"product_tag","embeddable":true,"href":"https:\/\/www.raschvin.com\/sv\/wp-json\/wp\/v2\/product_tag?post=77367"}],"curies":[{"name":"wp","href":"https:\/\/api.w.org\/{rel}","templated":true}]}}