{"id":77363,"date":"2024-12-06T09:01:28","date_gmt":"2024-12-06T08:01:28","guid":{"rendered":"https:\/\/www.raschvin.com\/produkt\/compass-box-secrets-of-smoke-70-cl-52\/"},"modified":"2024-12-06T09:01:28","modified_gmt":"2024-12-06T08:01:28","slug":"compass-box-secrets-of-smoke-70-cl-52","status":"publish","type":"product","link":"https:\/\/www.raschvin.com\/sv\/produkt\/compass-box-secrets-of-smoke-70-cl-52\/","title":{"rendered":"Compass Box \u2013 Secrets of Smoke 70 cl. 52%"},"content":{"rendered":"<p>AVSL\u00d6JA DEN NYFIKET S\u00d6TA<br \/>\nVad skulle du s\u00e4ga om vi ber\u00e4ttade att r\u00f6kig skotsk whisky inte \u00e4r vad den verkar vara? Vi har l\u00e4nge trott att det finns mer i historien \u00e4n bara r\u00f6k. En hint av honung, en antydan av frukt \u2013 det har funnits tecken p\u00e5 s\u00f6tare njutningar som g\u00f6mt sig i det uppenbara under sotet.<\/p>\n<p>SMAKPROFIL<br \/>\nVinfat sl\u00e4pper fram den ov\u00e4ntade s\u00f6tman i hj\u00e4rtat av r\u00f6kig whisky och f\u00f6rst\u00e4rker toffee\u00e4ppeltoner i maltwhisky fr\u00e5n Caol Ila Distillery. Du hittar ljusa k\u00f6rsb\u00e4rstoner som framh\u00e4vs av refill-r\u00f6dvinsfat inneh\u00e5llande The Peat Monster, tillsammans med bl\u00e5b\u00e4rsflapjack-smaker i whisky fr\u00e5n Laphroaig Distillery som slutlagrats i Marsala-barriques.<\/p>\n<p>SERVERINGSREKOMMENDATIONER<br \/>\nTills\u00e4tt en liten skv\u00e4tt sodavatten f\u00f6r att l\u00e5sa upp \u00e4nnu fler fruktiga och s\u00f6ta smaker.<\/p>\n<p>TEKNISKA DETALJER<br \/>\nButeljerad vid 52 % alkoholhalt.<br \/>\nNaturlig f\u00e4rg.<br \/>\nL\u00e4tt 5-mikronfiltrering, ej kylfiltrerad.<br \/>\nBlended Malt Scotch Whisky.<br \/>\nEn begr\u00e4nsad utg\u00e5va p\u00e5 9 792 flaskor. September 2024.<\/p>\n<p>LEAD WHISKYMAKER<br \/>\nJames Saxon.<\/p>\n<p>AVSL\u00d6JA DEN NYFIKET S\u00d6TA<br \/>\nVad skulle du s\u00e4ga om vi ber\u00e4ttade att r\u00f6kig skotsk whisky inte \u00e4r vad den verkar vara?<\/p>\n<p>Vi har alltid fascinerats av vad man kan uppt\u00e4cka genom att blanda. Ibland blandar vi f\u00f6r att skapa och kombinera smaker, andra g\u00e5nger anv\u00e4nder vi blending som ett verktyg f\u00f6r att avsl\u00f6ja hemligheterna som g\u00f6mmer sig i olika whiskypartier.<\/p>\n<p>I v\u00e4rlden av r\u00f6kig skotsk maltwhisky tenderar intensiteten av r\u00f6kighet att dominera diskussionen.<\/p>\n<p>Vad som ofta f\u00f6rbises \u00e4r den inneboende s\u00f6tman i r\u00f6kiga malter, dold bakom brasorna.<\/p>\n<p>Vi har l\u00e4nge trott att det finns mer i historien \u00e4n bara r\u00f6k. En hint av honung, en antydan av frukt \u2013 tecknen p\u00e5 s\u00f6tare njutningar har g\u00f6mt sig i det uppenbara under sotet. V\u00e5ra experiment med sherry- och vinfat har avsl\u00f6jat extra dimensioner av Islay-malter. Vi kan nu avsl\u00f6ja den nyfiket s\u00f6ta hemligheten bakom r\u00f6ken.<\/p>\n","protected":false},"excerpt":{"rendered":"<p>Blended Malt Scotch Whisky<\/p>\n","protected":false},"featured_media":77370,"template":"","meta":{"_acf_changed":false,"rs_blank_template":"","rs_page_bg_color":"","slide_template_v7":""},"product_brand":[],"product_cat":[2392,9248,9430],"product_tag":[],"class_list":{"0":"post-77363","1":"product","2":"type-product","3":"status-publish","4":"has-post-thumbnail","6":"product_cat-whisky-sv","7":"product_cat-scotch-whisky","8":"product_cat-blended-malt-scotch-whisky","9":"pa_land-skottland","10":"pa_procent-52-sv","11":"pa_producent-compass-box-sv","12":"pa_region-islay-sv","13":"pa_volume-70-sv-2","15":"first","16":"instock","17":"taxable","18":"shipping-taxable","19":"purchasable","20":"product-type-simple"},"bundled_by":[],"bundle_stock_status":"instock","bundle_stock_quantity":null,"bundle_virtual":false,"bundle_layout":"","bundle_add_to_cart_form_location":"","bundle_editable_in_cart":false,"bundle_sold_individually_context":"","bundle_item_grouping":"","bundle_min_size":"","bundle_max_size":"","bundle_price":[],"bundled_items":[],"bundle_sell_ids":[],"acf":[],"_links":{"self":[{"href":"https:\/\/www.raschvin.com\/sv\/wp-json\/wp\/v2\/product\/77363","targetHints":{"allow":["GET"]}}],"collection":[{"href":"https:\/\/www.raschvin.com\/sv\/wp-json\/wp\/v2\/product"}],"about":[{"href":"https:\/\/www.raschvin.com\/sv\/wp-json\/wp\/v2\/types\/product"}],"wp:featuredmedia":[{"embeddable":true,"href":"https:\/\/www.raschvin.com\/sv\/wp-json\/wp\/v2\/media\/77370"}],"wp:attachment":[{"href":"https:\/\/www.raschvin.com\/sv\/wp-json\/wp\/v2\/media?parent=77363"}],"wp:term":[{"taxonomy":"product_brand","embeddable":true,"href":"https:\/\/www.raschvin.com\/sv\/wp-json\/wp\/v2\/product_brand?post=77363"},{"taxonomy":"product_cat","embeddable":true,"href":"https:\/\/www.raschvin.com\/sv\/wp-json\/wp\/v2\/product_cat?post=77363"},{"taxonomy":"product_tag","embeddable":true,"href":"https:\/\/www.raschvin.com\/sv\/wp-json\/wp\/v2\/product_tag?post=77363"}],"curies":[{"name":"wp","href":"https:\/\/api.w.org\/{rel}","templated":true}]}}