{"id":77146,"date":"2024-12-04T08:33:21","date_gmt":"2024-12-04T07:33:21","guid":{"rendered":"https:\/\/www.raschvin.com\/produkt\/adriatico-amaretto-planteray-cask-limited-ed-70-cl-28\/"},"modified":"2024-12-04T08:33:21","modified_gmt":"2024-12-04T07:33:21","slug":"adriatico-amaretto-planteray-cask-limited-ed-70-cl-28","status":"publish","type":"product","link":"https:\/\/www.raschvin.com\/sv\/produkt\/adriatico-amaretto-planteray-cask-limited-ed-70-cl-28\/","title":{"rendered":"Adriatico Amaretto Planteray Cask Limited Ed. 70 cl. 28%"},"content":{"rendered":"<p>Precis n\u00e4r man trodde att v\u00e4rldens b\u00e4sta amaretto inte kunde bli b\u00e4ttre, fick vi tag p\u00e5 Adriaticos limited edition-samarbete med Planteray. Den inneh\u00e5ller fortfarande naturliga ingredienser: handplockade mandlar fr\u00e5n Puglia (rostade), en nypa havssalt och h\u00e4lften s\u00e5 mycket socker som en typisk amaretto. Men nu blir det sp\u00e4nnande! Lik\u00f6ren har lagrats i 8 m\u00e5nader p\u00e5 ett ekfat som tidigare inneh\u00f6ll Fiji-rom fr\u00e5n Planteray! Endast 2 706 flaskor har producerats f\u00f6r hela v\u00e4rlden, s\u00e5 det g\u00e4ller att passa p\u00e5.<\/p>\n<p>F\u00e4rg: Mahogny.<br \/>\nDoft: Superintensiv arom, naturligtvis dominerad av rostade mandlar, men \u00e4ven med inslag av andra n\u00f6tter: hasseln\u00f6t, kokosn\u00f6t och undertoner av vanilj, kaffe och citrus.<br \/>\nSmaknoter: Rund och elegant, vackert balanserad med toner av choklad, mandlar och nougat samt \u2013 om man letar lite \u2013 torkade bananer, k\u00f6rsb\u00e4r och ingef\u00e4ra.<\/p>\n<p>Serveringsf\u00f6rslag: Detta \u00e4r den ultimata lyxamaretton. Avnjut den ren med is efter en god m\u00e5ltid eller i en grym Amaretto Sour.<\/p>\n","protected":false},"excerpt":{"rendered":"<p>Italian Premium Liqueur<\/p>\n","protected":false},"featured_media":77192,"template":"","meta":{"_acf_changed":false,"rs_blank_template":"","rs_page_bg_color":"","slide_template_v7":""},"product_brand":[],"product_cat":[4716,2387,2390],"product_tag":[],"class_list":{"0":"post-77146","1":"product","2":"type-product","3":"status-publish","4":"has-post-thumbnail","6":"product_cat-andra-likorer","7":"product_cat-avec-sv","8":"product_cat-sprit","9":"pa_land-italien-sv","10":"pa_procent-28-sv","11":"pa_producent-amaretto-adriatico-sv","12":"pa_volume-70-sv-2","14":"first","15":"instock","16":"taxable","17":"shipping-taxable","18":"purchasable","19":"product-type-simple"},"bundled_by":[],"bundle_stock_status":"instock","bundle_stock_quantity":null,"bundle_virtual":false,"bundle_layout":"","bundle_add_to_cart_form_location":"","bundle_editable_in_cart":false,"bundle_sold_individually_context":"","bundle_item_grouping":"","bundle_min_size":"","bundle_max_size":"","bundle_price":[],"bundled_items":[],"bundle_sell_ids":[],"acf":[],"_links":{"self":[{"href":"https:\/\/www.raschvin.com\/sv\/wp-json\/wp\/v2\/product\/77146","targetHints":{"allow":["GET"]}}],"collection":[{"href":"https:\/\/www.raschvin.com\/sv\/wp-json\/wp\/v2\/product"}],"about":[{"href":"https:\/\/www.raschvin.com\/sv\/wp-json\/wp\/v2\/types\/product"}],"wp:featuredmedia":[{"embeddable":true,"href":"https:\/\/www.raschvin.com\/sv\/wp-json\/wp\/v2\/media\/77192"}],"wp:attachment":[{"href":"https:\/\/www.raschvin.com\/sv\/wp-json\/wp\/v2\/media?parent=77146"}],"wp:term":[{"taxonomy":"product_brand","embeddable":true,"href":"https:\/\/www.raschvin.com\/sv\/wp-json\/wp\/v2\/product_brand?post=77146"},{"taxonomy":"product_cat","embeddable":true,"href":"https:\/\/www.raschvin.com\/sv\/wp-json\/wp\/v2\/product_cat?post=77146"},{"taxonomy":"product_tag","embeddable":true,"href":"https:\/\/www.raschvin.com\/sv\/wp-json\/wp\/v2\/product_tag?post=77146"}],"curies":[{"name":"wp","href":"https:\/\/api.w.org\/{rel}","templated":true}]}}