{"id":77016,"date":"2024-12-03T15:10:33","date_gmt":"2024-12-03T14:10:33","guid":{"rendered":"https:\/\/www.raschvin.com\/produkt\/ole-smoky-peanut-butter-whiskey-70-cl-30\/"},"modified":"2024-12-03T15:10:33","modified_gmt":"2024-12-03T14:10:33","slug":"ole-smoky-peanut-butter-whiskey-70-cl-30","status":"publish","type":"product","link":"https:\/\/www.raschvin.com\/sv\/produkt\/ole-smoky-peanut-butter-whiskey-70-cl-30\/","title":{"rendered":"Ole Smoky Peanut Butter Whiskey 70 cl. 30%"},"content":{"rendered":"<p>Det \u00e4r sv\u00e5rt att hitta n\u00e5got s\u00e5 gott som en jordn\u00f6tssm\u00f6rskaka. Men vi kom n\u00e4ra n\u00e4r vi tog den s\u00f6ta, kr\u00e4miga smaken av jordn\u00f6tssm\u00f6r och blandade den perfekt med v\u00e5r lena whiskey. Det \u00e4r en uts\u00f6kt dryck med ett sting.<\/p>\n<p>Den h\u00e4r jordn\u00f6tssm\u00f6rs-whiskeyn \u00e4r en innovativ kombination f\u00f6r b\u00e5de whiskey\u00e4lskare och dessertfantaster. Med en alkoholhalt p\u00e5 cirka 30% erbjuder den en perfekt balans mellan att vara en smakrik lik\u00f6r och en m\u00e5ngsidig sprit. Avnjut den ren, \u00f6ver is, eller som en kreativ ingrediens i cocktails och desserter. Smakprofilen inneh\u00e5ller rostade n\u00f6ttoner, s\u00f6tma och en mild v\u00e4rme fr\u00e5n whiskeyn. Perfekt f\u00f6r den som s\u00f6ker n\u00e5got annorlunda och v\u00e4lsmakande.<\/p>\n","protected":false},"excerpt":{"rendered":"<p>American Whiskey Liqueur <\/p>\n","protected":false},"featured_media":77031,"template":"","meta":{"_acf_changed":false,"rs_blank_template":"","rs_page_bg_color":"","slide_template_v7":""},"product_brand":[],"product_cat":[2390,4682,4716,9392,9395,9398],"product_tag":[],"class_list":{"0":"post-77016","1":"product","2":"type-product","3":"status-publish","4":"has-post-thumbnail","6":"product_cat-sprit","7":"product_cat-whiskylikor","8":"product_cat-andra-likorer","9":"product_cat-likor-och-ol","10":"product_cat-likortyper","11":"product_cat-likor-efter-bas","12":"pa_land-usa-sv","13":"pa_procent-30-sv","14":"pa_producent-ole-smoky-distillery-sv","15":"pa_region-tennessee-sv","16":"pa_volume-70-sv-2","18":"first","19":"instock","20":"sale","21":"taxable","22":"shipping-taxable","23":"purchasable","24":"product-type-simple"},"bundled_by":[],"bundle_stock_status":"instock","bundle_stock_quantity":null,"bundle_virtual":false,"bundle_layout":"","bundle_add_to_cart_form_location":"","bundle_editable_in_cart":false,"bundle_sold_individually_context":"","bundle_item_grouping":"","bundle_min_size":"","bundle_max_size":"","bundle_price":[],"bundled_items":[],"bundle_sell_ids":[],"acf":[],"_links":{"self":[{"href":"https:\/\/www.raschvin.com\/sv\/wp-json\/wp\/v2\/product\/77016","targetHints":{"allow":["GET"]}}],"collection":[{"href":"https:\/\/www.raschvin.com\/sv\/wp-json\/wp\/v2\/product"}],"about":[{"href":"https:\/\/www.raschvin.com\/sv\/wp-json\/wp\/v2\/types\/product"}],"wp:featuredmedia":[{"embeddable":true,"href":"https:\/\/www.raschvin.com\/sv\/wp-json\/wp\/v2\/media\/77031"}],"wp:attachment":[{"href":"https:\/\/www.raschvin.com\/sv\/wp-json\/wp\/v2\/media?parent=77016"}],"wp:term":[{"taxonomy":"product_brand","embeddable":true,"href":"https:\/\/www.raschvin.com\/sv\/wp-json\/wp\/v2\/product_brand?post=77016"},{"taxonomy":"product_cat","embeddable":true,"href":"https:\/\/www.raschvin.com\/sv\/wp-json\/wp\/v2\/product_cat?post=77016"},{"taxonomy":"product_tag","embeddable":true,"href":"https:\/\/www.raschvin.com\/sv\/wp-json\/wp\/v2\/product_tag?post=77016"}],"curies":[{"name":"wp","href":"https:\/\/api.w.org\/{rel}","templated":true}]}}