{"id":77010,"date":"2024-12-03T14:59:05","date_gmt":"2024-12-03T13:59:05","guid":{"rendered":"https:\/\/www.raschvin.com\/produkt\/klasik-vodka-100-cl-38\/"},"modified":"2024-12-03T14:59:05","modified_gmt":"2024-12-03T13:59:05","slug":"klasik-vodka-100-cl-38","status":"publish","type":"product","link":"https:\/\/www.raschvin.com\/sv\/produkt\/klasik-vodka-100-cl-38\/","title":{"rendered":"Klasik Vodka 100 cl. 38%"},"content":{"rendered":"<p>Kvaliteten p\u00e5 denna slovakiska vodka s\u00e4kerst\u00e4lls genom en l\u00e5ng tradition av destillering och anv\u00e4ndning av f\u00f6rstklassiga r\u00e5varor. Den \u00e4r baserad p\u00e5 en exceptionellt fin spannm\u00e5lssprit, kombinerad med kristallklart vatten fr\u00e5n en unik k\u00e4lla vid foten av Tatrabergen i Slovakien.<\/p>\n","protected":false},"excerpt":{"rendered":"<p>St. Nicolaus Destillery &#8211; Slovakia<\/p>\n","protected":false},"featured_media":77028,"template":"","meta":{"_acf_changed":false,"rs_blank_template":"","rs_page_bg_color":"","slide_template_v7":""},"product_brand":[],"product_cat":[4609,2402,2409],"product_tag":[],"class_list":{"0":"post-77010","1":"product","2":"type-product","3":"status-publish","4":"has-post-thumbnail","6":"product_cat-plain-sv","7":"product_cat-sprit-sv","8":"product_cat-vodka-sv","9":"pa_land-slovakien","10":"pa_procent-38-sv","11":"pa_producent-st-nicolaus-destillery-sv","12":"pa_volume-100-sv","14":"first","15":"instock","16":"sale","17":"taxable","18":"shipping-taxable","19":"purchasable","20":"product-type-simple"},"bundled_by":[],"bundle_stock_status":"instock","bundle_stock_quantity":null,"bundle_virtual":false,"bundle_layout":"","bundle_add_to_cart_form_location":"","bundle_editable_in_cart":false,"bundle_sold_individually_context":"","bundle_item_grouping":"","bundle_min_size":"","bundle_max_size":"","bundle_price":[],"bundled_items":[],"bundle_sell_ids":[],"acf":[],"_links":{"self":[{"href":"https:\/\/www.raschvin.com\/sv\/wp-json\/wp\/v2\/product\/77010","targetHints":{"allow":["GET"]}}],"collection":[{"href":"https:\/\/www.raschvin.com\/sv\/wp-json\/wp\/v2\/product"}],"about":[{"href":"https:\/\/www.raschvin.com\/sv\/wp-json\/wp\/v2\/types\/product"}],"wp:featuredmedia":[{"embeddable":true,"href":"https:\/\/www.raschvin.com\/sv\/wp-json\/wp\/v2\/media\/77028"}],"wp:attachment":[{"href":"https:\/\/www.raschvin.com\/sv\/wp-json\/wp\/v2\/media?parent=77010"}],"wp:term":[{"taxonomy":"product_brand","embeddable":true,"href":"https:\/\/www.raschvin.com\/sv\/wp-json\/wp\/v2\/product_brand?post=77010"},{"taxonomy":"product_cat","embeddable":true,"href":"https:\/\/www.raschvin.com\/sv\/wp-json\/wp\/v2\/product_cat?post=77010"},{"taxonomy":"product_tag","embeddable":true,"href":"https:\/\/www.raschvin.com\/sv\/wp-json\/wp\/v2\/product_tag?post=77010"}],"curies":[{"name":"wp","href":"https:\/\/api.w.org\/{rel}","templated":true}]}}