{"id":76828,"date":"2024-12-02T15:09:28","date_gmt":"2024-12-02T14:09:28","guid":{"rendered":"https:\/\/www.raschvin.com\/produkt\/the-arcane-delicatissime-grand-gold-rum-70-cl-41\/"},"modified":"2024-12-02T15:09:28","modified_gmt":"2024-12-02T14:09:28","slug":"the-arcane-delicatissime-grand-gold-rum-70-cl-41","status":"publish","type":"product","link":"https:\/\/www.raschvin.com\/sv\/produkt\/the-arcane-delicatissime-grand-gold-rum-70-cl-41\/","title":{"rendered":"The Arcane &#8211; Delicatissime Grand Gold Rum 70 cl. 41%"},"content":{"rendered":"<p>Arcane Delicatissime \u00e4r ett ungt rom med f\u00e4rgen av torrt guld, lagrat p\u00e5 ekfat i endast 18 m\u00e5nader. Den beh\u00e5ller en arom av f\u00e4rsk sockerr\u00f6r med ett inslag av ek som ger ett subtilt intryck. Dess originalitet kommer fr\u00e5n de kryddiga tonerna som \u00e4r typiska f\u00f6r Mauritius.<\/p>\n<p>Sockerr\u00f6r erbjuder en otrolig rikedom av delikata och friska aromer som \u00e4r mycket sv\u00e5ra att bevara efter destillations- och mognadsprocessen. Arcane Rom produceras alltid genom att destillera ren sockerr\u00f6rssaft.<\/p>\n<p>Mauritius har varit k\u00e4nt i \u00f6ver tv\u00e5 \u00e5rhundraden som ett av v\u00e4rldens b\u00e4sta l\u00e4nder f\u00f6r produktion av sockerr\u00f6r och rom. Balansen mellan klimat, terr\u00e4ng och jordm\u00e5nsf\u00f6rh\u00e5llanden \u00e4r helt enkelt idealisk! Fr\u00e5n kusten till bergen tr\u00e4nger l\u00e5nga gr\u00f6na sockerr\u00f6rsplantor in i landskapet.<\/p>\n<p>Aromerna av romen \u00e4r b\u00e5de kryddiga och vegetabiliska med ett inslag av vanilj. Smaken \u00e4r mycket subtil med \u00f6rter och frukt, ett kryddigt inslag och ocks\u00e5 ett subtilt vaniljfinish.<\/p>\n<p>Delicatissime-rom \u00e4r idealisk med is eller i cocktails, d\u00e4r den tillf\u00f6r mycket elegans och originalitet.<\/p>\n<p>F\u00e4rg:<br \/>\nGuld med kopparreflexer<br \/>\nDoft:<br \/>\nKryddig och vegetabilisk samtidigt med ett inslag av vanilj<br \/>\nSmak:<br \/>\nS\u00f6t och rik, med starka toner av vanilj, karamelliserat socker och tropiska frukter, inslag av kokosn\u00f6t och mandel, kryddor<\/p>\n","protected":false},"excerpt":{"rendered":"<p>Mauritius Island Rum<\/p>\n","protected":false},"featured_media":76834,"template":"","meta":{"_acf_changed":false,"rs_blank_template":"","rs_page_bg_color":"","slide_template_v7":""},"product_brand":[],"product_cat":[2391,4634,4645,9225],"product_tag":[],"class_list":{"0":"post-76828","1":"product","2":"type-product","3":"status-publish","4":"has-post-thumbnail","6":"product_cat-rom-sv","7":"product_cat-premium-aged-sv","8":"product_cat-agricole-sv","9":"product_cat-alternativa-romtyper","10":"pa_land-mauritius-sv","11":"pa_procent-41-sv","12":"pa_producent-arcane-sv","13":"pa_volume-70-sv-2","15":"first","16":"instock","17":"sale","18":"taxable","19":"shipping-taxable","20":"purchasable","21":"product-type-simple"},"bundled_by":[],"bundle_stock_status":"instock","bundle_stock_quantity":null,"bundle_virtual":false,"bundle_layout":"","bundle_add_to_cart_form_location":"","bundle_editable_in_cart":false,"bundle_sold_individually_context":"","bundle_item_grouping":"","bundle_min_size":"","bundle_max_size":"","bundle_price":[],"bundled_items":[],"bundle_sell_ids":[],"acf":[],"_links":{"self":[{"href":"https:\/\/www.raschvin.com\/sv\/wp-json\/wp\/v2\/product\/76828","targetHints":{"allow":["GET"]}}],"collection":[{"href":"https:\/\/www.raschvin.com\/sv\/wp-json\/wp\/v2\/product"}],"about":[{"href":"https:\/\/www.raschvin.com\/sv\/wp-json\/wp\/v2\/types\/product"}],"wp:featuredmedia":[{"embeddable":true,"href":"https:\/\/www.raschvin.com\/sv\/wp-json\/wp\/v2\/media\/76834"}],"wp:attachment":[{"href":"https:\/\/www.raschvin.com\/sv\/wp-json\/wp\/v2\/media?parent=76828"}],"wp:term":[{"taxonomy":"product_brand","embeddable":true,"href":"https:\/\/www.raschvin.com\/sv\/wp-json\/wp\/v2\/product_brand?post=76828"},{"taxonomy":"product_cat","embeddable":true,"href":"https:\/\/www.raschvin.com\/sv\/wp-json\/wp\/v2\/product_cat?post=76828"},{"taxonomy":"product_tag","embeddable":true,"href":"https:\/\/www.raschvin.com\/sv\/wp-json\/wp\/v2\/product_tag?post=76828"}],"curies":[{"name":"wp","href":"https:\/\/api.w.org\/{rel}","templated":true}]}}