{"id":76825,"date":"2024-12-02T15:03:04","date_gmt":"2024-12-02T14:03:04","guid":{"rendered":"https:\/\/www.raschvin.com\/produkt\/the-arcane-flamboyance-cherry-wood-matured-70-cl-40\/"},"modified":"2024-12-02T15:03:04","modified_gmt":"2024-12-02T14:03:04","slug":"the-arcane-flamboyance-cherry-wood-matured-70-cl-40","status":"publish","type":"product","link":"https:\/\/www.raschvin.com\/sv\/produkt\/the-arcane-flamboyance-cherry-wood-matured-70-cl-40\/","title":{"rendered":"The Arcane &#8211; Flamboyance Cherry Wood Matured 70 cl. 40%"},"content":{"rendered":"<p>Flamboyance \u00e4r en Single Cask-rom som lagras mellan 12 och 18 m\u00e5nader i k\u00f6rsb\u00e4rsfat. Lagringen p\u00e5 dessa k\u00f6rsb\u00e4rsfat utvecklar tydliga toner av f\u00e4rska b\u00e4r som skapar en vacker harmoni. Den s\u00f6ta och kr\u00e4miga smaken bjuder p\u00e5 nyanser av s\u00f6t apelsin, bitter choklad och rostade n\u00f6tter.<\/p>\n<p>N\u00e4r man talar om rom, associerar de flesta detta m\u00e4rke med de karibiska \u00f6arna. Men god rom kan ocks\u00e5 hittas i regionerna kring Indiska oceanen, eftersom dess ursprung g\u00e5r tillbaka till 1700-talet. Redan d\u00e5 ins\u00e5g b\u00f6nderna att sockerr\u00f6rssaft var f\u00f6r v\u00e4rdefull f\u00f6r att enbart anv\u00e4ndas till att g\u00f6ra kristallsocker. En av dessa s\u00e4rskilda droppar \u00e4r Arcane Flamboyance Single Cask Rum. Till skillnad fr\u00e5n m\u00e5nga andra romtyper \u00e4r Arcane Flamboyance inte en blended rom, utan en single cask-tappning. Denna begr\u00e4nsade upplaga riktar sig fr\u00e4mst till connaisseurs och samlare.<\/p>\n<p>Arcane Flamboyance \u00e4r tillverkad uteslutande av sockerr\u00f6rssaft ist\u00e4llet f\u00f6r melass. Sockerr\u00f6ren kommer fr\u00e5n de b\u00e4sta sockerr\u00f6rsplantagerna i landet. Efter destillation lagras Arcane Rum p\u00e5 amerikanska vita ekfat innan den avslutas med en lagring p\u00e5 cirka 12 m\u00e5nader i k\u00f6rsb\u00e4rstr\u00e4fat, vilket ger den sin unika aroma.<\/p>\n<p>Det \u00e4r just denna speciella detalj som g\u00f6r Arcane Flamboyance Single Cask Rum till en rom av ett s\u00e4rskilt slag: Den \u00f6vertygar connaisseurs med sin finess och sp\u00e4nnande aromer. F\u00f6rutom de typiska s\u00f6ta och fruktiga aromerna finns smaknoter av s\u00f6ta, mogna vilda k\u00f6rsb\u00e4r, orientaliska kryddor och portvin. I bakgrunden kan man ocks\u00e5 ana l\u00f6nnsirap och rostat tr\u00e4. P\u00e5 gommen upplevs en vacker oljig textur och en behaglig, fyllig mjukhet.<\/p>\n","protected":false},"excerpt":{"rendered":"<p>Mauritius Single Cask Rum<\/p>\n","protected":false},"featured_media":76876,"template":"","meta":{"_acf_changed":false,"rs_blank_template":"","rs_page_bg_color":"","slide_template_v7":""},"product_brand":[],"product_cat":[2387,4634,2391],"product_tag":[],"class_list":{"0":"post-76825","1":"product","2":"type-product","3":"status-publish","4":"has-post-thumbnail","6":"product_cat-avec-sv","7":"product_cat-premium-aged-sv","8":"product_cat-rom-sv","9":"pa_land-mauritius-sv","10":"pa_procent-40-sv-2","11":"pa_producent-arcane-sv","12":"pa_volume-70-sv-2","14":"first","15":"instock","16":"sale","17":"taxable","18":"shipping-taxable","19":"purchasable","20":"product-type-simple"},"bundled_by":[],"bundle_stock_status":"instock","bundle_stock_quantity":null,"bundle_virtual":false,"bundle_layout":"","bundle_add_to_cart_form_location":"","bundle_editable_in_cart":false,"bundle_sold_individually_context":"","bundle_item_grouping":"","bundle_min_size":"","bundle_max_size":"","bundle_price":[],"bundled_items":[],"bundle_sell_ids":[],"acf":[],"_links":{"self":[{"href":"https:\/\/www.raschvin.com\/sv\/wp-json\/wp\/v2\/product\/76825","targetHints":{"allow":["GET"]}}],"collection":[{"href":"https:\/\/www.raschvin.com\/sv\/wp-json\/wp\/v2\/product"}],"about":[{"href":"https:\/\/www.raschvin.com\/sv\/wp-json\/wp\/v2\/types\/product"}],"wp:featuredmedia":[{"embeddable":true,"href":"https:\/\/www.raschvin.com\/sv\/wp-json\/wp\/v2\/media\/76876"}],"wp:attachment":[{"href":"https:\/\/www.raschvin.com\/sv\/wp-json\/wp\/v2\/media?parent=76825"}],"wp:term":[{"taxonomy":"product_brand","embeddable":true,"href":"https:\/\/www.raschvin.com\/sv\/wp-json\/wp\/v2\/product_brand?post=76825"},{"taxonomy":"product_cat","embeddable":true,"href":"https:\/\/www.raschvin.com\/sv\/wp-json\/wp\/v2\/product_cat?post=76825"},{"taxonomy":"product_tag","embeddable":true,"href":"https:\/\/www.raschvin.com\/sv\/wp-json\/wp\/v2\/product_tag?post=76825"}],"curies":[{"name":"wp","href":"https:\/\/api.w.org\/{rel}","templated":true}]}}