{"id":76822,"date":"2024-12-02T14:52:58","date_gmt":"2024-12-02T13:52:58","guid":{"rendered":"https:\/\/www.raschvin.com\/produkt\/the-arcane-extraroma-grand-amber-rum-70-cl-40\/"},"modified":"2024-12-02T14:52:58","modified_gmt":"2024-12-02T13:52:58","slug":"the-arcane-extraroma-grand-amber-rum-70-cl-40","status":"publish","type":"product","link":"https:\/\/www.raschvin.com\/sv\/produkt\/the-arcane-extraroma-grand-amber-rum-70-cl-40\/","title":{"rendered":"The Arcane &#8211; Extraroma Grand Amber Rum 70 cl. 40%"},"content":{"rendered":"<p>Extraroma \u00e4r lagrad upp till 12 \u00e5r enligt Solera-metoden. En mycket s\u00f6t och fyllig rom med h\u00f6g koncentration. Smaknoter av kokos, persika, mandarin, choklad och hasseln\u00f6t. Den s\u00f6ta och komplexa smaken forts\u00e4tter i eftersmaken. Njut den g\u00e4rna tillsammans med desserter med f\u00e4rska frukter och glass.<\/p>\n<p>The Arcane Extraroma \u00e4r en rom gjord p\u00e5 ren sockerr\u00f6rssaft fr\u00e5n Mauritius, destillerad i kolonnpannor och lagrad p\u00e5 amerikanska ekfat under tropiska f\u00f6rh\u00e5llanden. Denna mycket aromatiska rom \u00e4r en blandning av unga och \u00e4ldre rom som har mognat enligt Solera-metoden.<\/p>\n<p>Solera-metoden s\u00e4kerst\u00e4ller en harmonisk blandning av v\u00e4tskor. Denna spanska process anv\u00e4nder tunnor staplade i flera niv\u00e5er. Med tiden kompenseras den naturliga avdunstningen (\u00e4nglarnas andel) genom att fylla de \u00f6versta tunnorna. Endast v\u00e4tskan fr\u00e5n de nedersta tunnorna (de \u00e4ldsta) tappas. Denna metod f\u00f6r lagring och blandning ger en konstant smakprofil, mjukar upp alkoholen och rundar av rommens kropp.<\/p>\n<p>The Arcane \u00e4r ett varum\u00e4rke skapat 2010 av Thibault de la Fourni\u00e8re. Sockerr\u00f6ret fr\u00e5n Mauritius st\u00e5r i centrum f\u00f6r en produktion som gynnas av \u00f6ns tropiska klimat och b\u00f6rdiga jord. Genom en destillering baserad p\u00e5 ren sockerr\u00f6rssaft utm\u00e4rker sig Arcane-rom genom en unik kombination av s\u00f6tma och aromatisk friskhet.<\/p>\n","protected":false},"excerpt":{"rendered":"<p>Mauritius Island Rum<\/p>\n","protected":false},"featured_media":76900,"template":"","meta":{"_acf_changed":false,"rs_blank_template":"","rs_page_bg_color":"","slide_template_v7":""},"product_brand":[],"product_cat":[2387,4634,2391],"product_tag":[],"class_list":{"0":"post-76822","1":"product","2":"type-product","3":"status-publish","4":"has-post-thumbnail","6":"product_cat-avec-sv","7":"product_cat-premium-aged-sv","8":"product_cat-rom-sv","9":"pa_land-mauritius-sv","10":"pa_procent-40-sv-2","11":"pa_producent-arcane-sv","12":"pa_volume-70-sv-2","14":"first","15":"instock","16":"sale","17":"taxable","18":"shipping-taxable","19":"purchasable","20":"product-type-simple"},"bundled_by":[],"bundle_stock_status":"instock","bundle_stock_quantity":null,"bundle_virtual":false,"bundle_layout":"","bundle_add_to_cart_form_location":"","bundle_editable_in_cart":false,"bundle_sold_individually_context":"","bundle_item_grouping":"","bundle_min_size":"","bundle_max_size":"","bundle_price":[],"bundled_items":[],"bundle_sell_ids":[],"acf":[],"_links":{"self":[{"href":"https:\/\/www.raschvin.com\/sv\/wp-json\/wp\/v2\/product\/76822","targetHints":{"allow":["GET"]}}],"collection":[{"href":"https:\/\/www.raschvin.com\/sv\/wp-json\/wp\/v2\/product"}],"about":[{"href":"https:\/\/www.raschvin.com\/sv\/wp-json\/wp\/v2\/types\/product"}],"wp:featuredmedia":[{"embeddable":true,"href":"https:\/\/www.raschvin.com\/sv\/wp-json\/wp\/v2\/media\/76900"}],"wp:attachment":[{"href":"https:\/\/www.raschvin.com\/sv\/wp-json\/wp\/v2\/media?parent=76822"}],"wp:term":[{"taxonomy":"product_brand","embeddable":true,"href":"https:\/\/www.raschvin.com\/sv\/wp-json\/wp\/v2\/product_brand?post=76822"},{"taxonomy":"product_cat","embeddable":true,"href":"https:\/\/www.raschvin.com\/sv\/wp-json\/wp\/v2\/product_cat?post=76822"},{"taxonomy":"product_tag","embeddable":true,"href":"https:\/\/www.raschvin.com\/sv\/wp-json\/wp\/v2\/product_tag?post=76822"}],"curies":[{"name":"wp","href":"https:\/\/api.w.org\/{rel}","templated":true}]}}