{"id":76804,"date":"2024-12-02T14:15:14","date_gmt":"2024-12-02T13:15:14","guid":{"rendered":"https:\/\/www.raschvin.com\/produkt\/yellowstone-rum-cask-bourbon-special-finishes-collection-70-cl-50\/"},"modified":"2024-12-02T14:15:14","modified_gmt":"2024-12-02T13:15:14","slug":"yellowstone-rum-cask-bourbon-special-finishes-collection-70-cl-50","status":"publish","type":"product","link":"https:\/\/www.raschvin.com\/sv\/produkt\/yellowstone-rum-cask-bourbon-special-finishes-collection-70-cl-50\/","title":{"rendered":"Yellowstone Rum Cask Bourbon Special Finishes Collection 70 cl. 50%"},"content":{"rendered":"<p>Yellowstone&#8217;s Special Finishes Collection er en stadigt voksende udforskning af finishes og nye perspektiver p\u00e5 deres ikoniske bourbonprofil. For at udvide deres samling har de skabt Rum Cask. Ved at afslutte modningen i ni uger i romfade direkte fra Havana, Cuba, tilf\u00f8rer de krydrede noter og tropisk s\u00f8dme til deres 4-\u00e5rige Kentucky Straight Bourbon Whiskey.<\/p>\n<p>Duft<br \/>\nIngef\u00e6rkage, pocheret p\u00e6re og friskklippet h\u00f8.<\/p>\n<p>Smag<br \/>\nRistet skumfidus, cr\u00e8me br\u00fbl\u00e9e, toffee og ristet eg.<\/p>\n<p>Eftersmag<br \/>\nTobak, nellike og kakaokrydret eg med en lang honningafslutning.<\/p>\n<p>Limestone Branch Distillery drives af br\u00f8dreparret Stephen og Paul Beam. Beam-familien har arbejdet med whiskeyproduktion siden 1795, hvor Jacob Beam solgte sin f\u00f8rste t\u00f8nde med majswhiskey. Siden da har Jacob Beams efterkommere st\u00e5et bag mange ikoniske bourbons og rye whiskeys \u2013 blandt andet Jim Beam og Booker\u2019s.<\/p>\n<p>Beam-br\u00f8drene har ligeledes videref\u00f8rt familiegesj\u00e6ften og \u00e5bnede Limestone Branch destilleriet i 2011 i byen Lebanon, Kentucky. Siden da har destilleriet lanceret Yellowstone Bourbon, Yellowstone Single Malt og Minor Case Rye Whiskey.<\/p>\n","protected":false},"excerpt":{"rendered":"<p>Kentucky Straight Bourbon Whiskey<\/p>\n","protected":false},"featured_media":76903,"template":"","meta":{"_acf_changed":false,"rs_blank_template":"","rs_page_bg_color":"","slide_template_v7":""},"product_brand":[],"product_cat":[4657,2387,2392],"product_tag":[],"class_list":{"0":"post-76804","1":"product","2":"type-product","3":"status-publish","4":"has-post-thumbnail","6":"product_cat-american-bourbon-sv","7":"product_cat-avec-sv","8":"product_cat-whisky-sv","9":"pa_land-usa-sv","10":"pa_procent-50-sv","11":"pa_producent-limestone-branch-distillery-sv","12":"pa_region-kentucky-sv","13":"pa_volume-70-sv-2","15":"first","16":"instock","17":"sale","18":"taxable","19":"shipping-taxable","20":"purchasable","21":"product-type-simple"},"bundled_by":[],"bundle_stock_status":"instock","bundle_stock_quantity":null,"bundle_virtual":false,"bundle_layout":"","bundle_add_to_cart_form_location":"","bundle_editable_in_cart":false,"bundle_sold_individually_context":"","bundle_item_grouping":"","bundle_min_size":"","bundle_max_size":"","bundle_price":[],"bundled_items":[],"bundle_sell_ids":[],"acf":[],"_links":{"self":[{"href":"https:\/\/www.raschvin.com\/sv\/wp-json\/wp\/v2\/product\/76804","targetHints":{"allow":["GET"]}}],"collection":[{"href":"https:\/\/www.raschvin.com\/sv\/wp-json\/wp\/v2\/product"}],"about":[{"href":"https:\/\/www.raschvin.com\/sv\/wp-json\/wp\/v2\/types\/product"}],"wp:featuredmedia":[{"embeddable":true,"href":"https:\/\/www.raschvin.com\/sv\/wp-json\/wp\/v2\/media\/76903"}],"wp:attachment":[{"href":"https:\/\/www.raschvin.com\/sv\/wp-json\/wp\/v2\/media?parent=76804"}],"wp:term":[{"taxonomy":"product_brand","embeddable":true,"href":"https:\/\/www.raschvin.com\/sv\/wp-json\/wp\/v2\/product_brand?post=76804"},{"taxonomy":"product_cat","embeddable":true,"href":"https:\/\/www.raschvin.com\/sv\/wp-json\/wp\/v2\/product_cat?post=76804"},{"taxonomy":"product_tag","embeddable":true,"href":"https:\/\/www.raschvin.com\/sv\/wp-json\/wp\/v2\/product_tag?post=76804"}],"curies":[{"name":"wp","href":"https:\/\/api.w.org\/{rel}","templated":true}]}}