{"id":76633,"date":"2024-12-01T08:24:26","date_gmt":"2024-12-01T07:24:26","guid":{"rendered":"https:\/\/www.raschvin.com\/produkt\/foursquare-magisterium-16y-exceptional-cask-selection-70-cl-58\/"},"modified":"2025-02-18T22:04:22","modified_gmt":"2025-02-18T21:04:22","slug":"foursquare-magisterium-16y-exceptional-cask-selection-70-cl-58","status":"publish","type":"product","link":"https:\/\/www.raschvin.com\/sv\/produkt\/foursquare-magisterium-16y-exceptional-cask-selection-70-cl-58\/","title":{"rendered":"Foursquare Magisterium 16Y Exceptional Cask Selection 70 cl. 58%"},"content":{"rendered":"<p>En flaska Foursquare Magisterium 16 Year Old Fine Barbados Single Blended Rum, den tjugosj\u00e4tte utg\u00e5van i den prisbel\u00f6nta Exceptional Cask Selection-serien.<\/p>\n<p>Denna rom har lagrats i en kombination av ex-Bourbon- och ex-Sherry-fat i 16 \u00e5r och buteljerats vid fatstyrka p\u00e5 58 % alkohol.<\/p>\n<p>Den inneh\u00e5ller en blandning av rom destillerad i Foursquares koppar pot still med dubbel retort och de kontinuerliga twin column-stills. Rommen har lagrats i sexton \u00e5r i ex-Bourbon- och ex-Sherry-fat.<\/p>\n<p>Mer specifikt \u00e4r det en blandning av tre lagrade rom: en sexton \u00e5r gammal ex-Bourbon-lagrad rom och tv\u00e5 dubbelmognader; den f\u00f6rsta best\u00e5r av tre \u00e5r i ex-Bourbon f\u00f6ljt av tretton \u00e5r i ex-Oloroso Sherry-fat, och den andra best\u00e5r av nio \u00e5r i ex-Bourbon och sju \u00e5r i ex-Oloroso Sherry-fat.<\/p>\n<p>En niv\u00e5 av detalj som uppskattas av entusiaster av Foursquare Rum.<\/p>\n<p>Lanserad i mars 2024 som Exceptional Cask Selection Mark XXVI.<\/p>\n<p>Doft: Rik p\u00e5 fudge och m\u00f6rk choklad, torkade russin och sultanrussin. Syrlig torkad mango och bananchips. Mild doft av Sevilla-apelsinskal och en hint av kaffe.<\/p>\n<p>Smak: Silkeslen p\u00e5 gommen, mjuk och oljig i munnen. Rik saltad karamell och toffee i b\u00f6rjan, med en ton av kr\u00e4mig vaniljglass. Torkade dadlar, russin och ananas. Syrliga svarta k\u00f6rsb\u00e4r i eftersmaken.<\/p>\n<p>Eftersmak: Mer torkad ananas och syrlig torkad mango. Ingef\u00e4rskaka och frisk citronskal. Mild tanninrik ek och anis i avslutningen. V\u00e4rmande.<\/p>\n","protected":false},"excerpt":{"rendered":"<p>Single Blended Rum \u2013 Barbados<\/p>\n","protected":false},"featured_media":76648,"template":"","meta":{"_acf_changed":false,"rs_blank_template":"","rs_page_bg_color":"","slide_template_v7":""},"product_brand":[],"product_cat":[2387,4634,2391],"product_tag":[],"class_list":{"0":"post-76633","1":"product","2":"type-product","3":"status-publish","4":"has-post-thumbnail","6":"product_cat-avec-sv","7":"product_cat-premium-aged-sv","8":"product_cat-rom-sv","9":"pa_land-barbados-sv","10":"pa_procent-58-sv","11":"pa_producent-foursquare-sv","12":"pa_volume-70-sv-2","14":"first","15":"instock","16":"taxable","17":"shipping-taxable","18":"purchasable","19":"product-type-simple"},"bundled_by":[],"bundle_stock_status":"instock","bundle_stock_quantity":2,"bundle_virtual":false,"bundle_layout":"","bundle_add_to_cart_form_location":"","bundle_editable_in_cart":false,"bundle_sold_individually_context":"","bundle_item_grouping":"","bundle_min_size":"","bundle_max_size":"","bundle_price":[],"bundled_items":[],"bundle_sell_ids":[],"acf":[],"_links":{"self":[{"href":"https:\/\/www.raschvin.com\/sv\/wp-json\/wp\/v2\/product\/76633","targetHints":{"allow":["GET"]}}],"collection":[{"href":"https:\/\/www.raschvin.com\/sv\/wp-json\/wp\/v2\/product"}],"about":[{"href":"https:\/\/www.raschvin.com\/sv\/wp-json\/wp\/v2\/types\/product"}],"wp:featuredmedia":[{"embeddable":true,"href":"https:\/\/www.raschvin.com\/sv\/wp-json\/wp\/v2\/media\/76648"}],"wp:attachment":[{"href":"https:\/\/www.raschvin.com\/sv\/wp-json\/wp\/v2\/media?parent=76633"}],"wp:term":[{"taxonomy":"product_brand","embeddable":true,"href":"https:\/\/www.raschvin.com\/sv\/wp-json\/wp\/v2\/product_brand?post=76633"},{"taxonomy":"product_cat","embeddable":true,"href":"https:\/\/www.raschvin.com\/sv\/wp-json\/wp\/v2\/product_cat?post=76633"},{"taxonomy":"product_tag","embeddable":true,"href":"https:\/\/www.raschvin.com\/sv\/wp-json\/wp\/v2\/product_tag?post=76633"}],"curies":[{"name":"wp","href":"https:\/\/api.w.org\/{rel}","templated":true}]}}