{"id":76056,"date":"2024-11-26T12:22:37","date_gmt":"2024-11-26T11:22:37","guid":{"rendered":"https:\/\/www.raschvin.com\/?post_type=product&#038;p=76056"},"modified":"2024-11-26T12:28:54","modified_gmt":"2024-11-26T11:28:54","slug":"clase-azul-mescal-durango-70-cl-44-kopier","status":"publish","type":"product","link":"https:\/\/www.raschvin.com\/sv\/produkt\/clase-azul-mescal-durango-70-cl-44-kopier\/","title":{"rendered":"Clase Azul Mescal Guerrero 70 cl. 42%"},"content":{"rendered":"<p><iframe loading=\"lazy\" title=\"Clase Azul M\u00e9xico | Mezcal Guerrero: A Warrior Cloaked in Beauty\" width=\"1080\" height=\"608\" src=\"https:\/\/www.youtube.com\/embed\/i2PPJ9NQHNg?feature=oembed\" frameborder=\"0\" allow=\"accelerometer; autoplay; clipboard-write; encrypted-media; gyroscope; picture-in-picture; web-share\" referrerpolicy=\"strict-origin-when-cross-origin\" allowfullscreen><\/iframe><\/p>\n<p>Clase Azul Mezcal Guerrero g\u00f6rs p\u00e5 Papalote-agave fr\u00e5n Guerrero, som ligger s\u00f6der om Jalisco i Mexiko, och d\u00e4r just denna agave v\u00e4xer vilt. Mezcal Durango \u00e4r en fylligare variant av agavespriten mezcal med inslag av grapefrukt, sm\u00f6riga frukttoner och tobak.<\/p>\n<p>Flaskan \u00e4r utformad f\u00f6r att hedra de kvinnliga mexikanska f\u00f6rf\u00e4derna och deras krigsanda, som \u00e4r en stor del av Guerreros kultur. Den gr\u00f6na f\u00e4rgen representerar \u00e4delstenen jade, som \u00e4r en symbol f\u00f6r evighet. Den f\u00e4rgglada toppen med en m\u00e5lad kolibris syftar p\u00e5 gudarnas mytomspunna brevb\u00e4rare och har \u00e4ven blivit en symbol fr\u00e5n regionen. Flaskan \u00e4r m\u00e5lad med vulkanisk stoft, som visar p\u00e5 tillverkningsprocessen d\u00e4r vulkaniska stenar eldas och bakar agaven, och med det ger en naturligt l\u00e4tt r\u00f6kig smak till mezcalen.<\/p>\n<p>Clase Azul \u00e4r en familje\u00e4gd producent av premiumtequila och mezcal i den lilla byn Santa Maria Canchesda i Los Altos, p\u00e5 h\u00f6glandet i Jalisco i Mexiko. Samarbetet med och respekten f\u00f6r den inf\u00f6dda befolkningen Mazahuas, och deras ur\u00e5ldriga tradition med keramik och m\u00e5lningsteknik, har gett Clase Azul dess s\u00e4regna flaskor. Varje flaska tar 11 dagar att tillverka och eftersom alla flaskor \u00e4r formade och m\u00e5lade helt f\u00f6r hand blir varje flaska helt unik.<\/p>\n<p>Clase Azul \u00e4r en familje\u00e4gd tequila-producent som har sin produktion av premiumtequila i den lilla byn Santa Maria Canchesda i Los Altos, p\u00e5 h\u00f6glandet i Jalisco i Mexiko.<\/p>\n<p>Samarbetet med och respekten f\u00f6r den inf\u00f6dda befolkningen Mazahuas, och deras ur\u00e5ldriga tradition med keramik och m\u00e5lningsteknik, har gett Clase Azul dess s\u00e4regna flaskor. Flaskorna \u00e4r gjutna och drejade i keramik och sedan m\u00e5lade f\u00f6r hand i flera omg\u00e5ngar p\u00e5 traditionellt vis. Varje flaska tar 11 dagar att tillverka och eftersom alla flaskor \u00e4r gjorda f\u00f6r hand \u00e4r ingen flaska den andra lik.<\/p>\n<p>Clase Azuls exklusiva hantverkstequila g\u00f6rs p\u00e5 bl\u00e5 agave som v\u00e4xer p\u00e5 h\u00f6glandet under nio till tolv \u00e5r innan den sk\u00f6rdas f\u00f6r hand. D\u00e4refter bakas agaven hel i gamla tegelugnar under 72-80 timmar. Den bakade agaven krossas sedan och f\u00e5r j\u00e4sa med naturlig j\u00e4st. Efter j\u00e4sningen sker dubbel destillering i kopparpanna.<\/p>\n<p>Lagring sker sedan p\u00e5 olika s\u00e4tt f\u00f6r de olika tequilasorterna. Clase Azul Reposado lagras p\u00e5 Bourbon-fat i 8 m\u00e5nader. Clase Azul A\u00f1ejo anv\u00e4nder sedan i sin tur dessa fat f\u00f6r att lagras 25 m\u00e5nader i de anv\u00e4nda Reposado-faten. Clase Azul Ultra lagras i hela fem \u00e5r i sherryfat f\u00f6r att f\u00e5 sin djupt r\u00f6dbruna f\u00e4rg och silkeslena karakt\u00e4r.<\/p>\n","protected":false},"excerpt":{"rendered":"<p>Premium Mescal<\/p>\n","protected":false},"featured_media":76140,"template":"","meta":{"_acf_changed":false,"rs_blank_template":"","rs_page_bg_color":"","slide_template_v7":""},"product_brand":[],"product_cat":[2402,2408,9167,9171],"product_tag":[],"class_list":{"0":"post-76056","1":"product","2":"type-product","3":"status-publish","4":"has-post-thumbnail","6":"product_cat-sprit-sv","7":"product_cat-tequila-mescal-sv","8":"product_cat-100-agave","9":"product_cat-blanco-0-2-months","10":"pa_land-mexiko","11":"pa_procent-42-sv","12":"pa_producent-clase-azul-sv","13":"pa_region-jalisco-sv","14":"pa_volume-70-sv-2","16":"first","17":"instock","18":"taxable","19":"shipping-taxable","20":"purchasable","21":"product-type-simple"},"bundled_by":[],"bundle_stock_status":"instock","bundle_stock_quantity":null,"bundle_virtual":false,"bundle_layout":"","bundle_add_to_cart_form_location":"","bundle_editable_in_cart":false,"bundle_sold_individually_context":"","bundle_item_grouping":"","bundle_min_size":"","bundle_max_size":"","bundle_price":[],"bundled_items":[],"bundle_sell_ids":[],"acf":[],"_links":{"self":[{"href":"https:\/\/www.raschvin.com\/sv\/wp-json\/wp\/v2\/product\/76056","targetHints":{"allow":["GET"]}}],"collection":[{"href":"https:\/\/www.raschvin.com\/sv\/wp-json\/wp\/v2\/product"}],"about":[{"href":"https:\/\/www.raschvin.com\/sv\/wp-json\/wp\/v2\/types\/product"}],"wp:featuredmedia":[{"embeddable":true,"href":"https:\/\/www.raschvin.com\/sv\/wp-json\/wp\/v2\/media\/76140"}],"wp:attachment":[{"href":"https:\/\/www.raschvin.com\/sv\/wp-json\/wp\/v2\/media?parent=76056"}],"wp:term":[{"taxonomy":"product_brand","embeddable":true,"href":"https:\/\/www.raschvin.com\/sv\/wp-json\/wp\/v2\/product_brand?post=76056"},{"taxonomy":"product_cat","embeddable":true,"href":"https:\/\/www.raschvin.com\/sv\/wp-json\/wp\/v2\/product_cat?post=76056"},{"taxonomy":"product_tag","embeddable":true,"href":"https:\/\/www.raschvin.com\/sv\/wp-json\/wp\/v2\/product_tag?post=76056"}],"curies":[{"name":"wp","href":"https:\/\/api.w.org\/{rel}","templated":true}]}}