{"id":76053,"date":"2024-11-26T12:19:17","date_gmt":"2024-11-26T11:19:17","guid":{"rendered":"https:\/\/www.raschvin.com\/produkt\/clase-azul-mescal-durango-70-cl-44\/"},"modified":"2024-11-26T12:19:17","modified_gmt":"2024-11-26T11:19:17","slug":"clase-azul-mescal-durango-70-cl-44","status":"publish","type":"product","link":"https:\/\/www.raschvin.com\/sv\/produkt\/clase-azul-mescal-durango-70-cl-44\/","title":{"rendered":"Clase Azul Mescal Durango 70 cl. 44%"},"content":{"rendered":"<p><iframe loading=\"lazy\" title=\"Clase Azul M\u00e9xico | The Secrets of Our Homeland\" width=\"1080\" height=\"608\" src=\"https:\/\/www.youtube.com\/embed\/i3_ArW7t9jc?feature=oembed\" frameborder=\"0\" allow=\"accelerometer; autoplay; clipboard-write; encrypted-media; gyroscope; picture-in-picture; web-share\" referrerpolicy=\"strict-origin-when-cross-origin\" allowfullscreen><\/iframe><\/p>\n<p>lase Azul Mezcal Durango g\u00f6rs p\u00e5 Cenzio-agave fr\u00e5n Durango, som ligger p\u00e5 h\u00f6g h\u00f6jd nordost om Jalisco i Mexiko, och d\u00e4r just denna agave v\u00e4xer vilt. Mezcal Durango \u00e4r en elegantare variant av agavespriten mezcal med inslag av \u00f6rter, gr\u00f6na oliver och citrus.<\/p>\n<p>Flaskan \u00e4r utformad f\u00f6r att visa p\u00e5 tillverkningsprocessen d\u00e4r agaven bakas p\u00e5 svarta vulkaniska stenar efter sk\u00f6rden ute i vildmarken. Dessa vulkaniska stenar ger mezcalen en naturlig l\u00e4tt r\u00f6kighet. Toppen p\u00e5 flaskan kallas Shakira och \u00e4r en ur\u00e5ldrig prydnadsteknik d\u00e4r varje p\u00e4rla s\u00e4tts dit f\u00f6r hand.<\/p>\n<p>Clase Azul \u00e4r en familje\u00e4gd producent av premiumtequila och mezcal i den lilla byn Santa Maria Canchesda i Los Altos, p\u00e5 h\u00f6glandet i Jalisco i Mexiko. Samarbetet med och respekten f\u00f6r den inf\u00f6dda befolkningen Mazahuas, och deras ur\u00e5ldriga tradition med keramik och m\u00e5lningsteknik, har gett Clase Azul dess s\u00e4regna flaskor. Varje flaska tar 11 dagar att tillverka och eftersom alla flaskor \u00e4r formade och m\u00e5lade helt f\u00f6r hand blir varje flaska helt unik.<\/p>\n<p>Clase Azul \u00e4r en familje\u00e4gd tequila-producent som har sin produktion av premiumtequila i den lilla byn Santa Maria Canchesda i Los Altos, p\u00e5 h\u00f6glandet i Jalisco i Mexiko.<\/p>\n<p>Samarbetet med och respekten f\u00f6r den inf\u00f6dda befolkningen Mazahuas, och deras ur\u00e5ldriga tradition med keramik och m\u00e5lningsteknik, har gett Clase Azul dess s\u00e4regna flaskor. Flaskorna \u00e4r gjutna och drejade i keramik och sedan m\u00e5lade f\u00f6r hand i flera omg\u00e5ngar p\u00e5 traditionellt vis. Varje flaska tar 11 dagar att tillverka och eftersom alla flaskor \u00e4r gjorda f\u00f6r hand \u00e4r ingen flaska den andra lik.<\/p>\n<p>Clase Azuls exklusiva hantverkstequila g\u00f6rs p\u00e5 bl\u00e5 agave som v\u00e4xer p\u00e5 h\u00f6glandet under nio till tolv \u00e5r innan den sk\u00f6rdas f\u00f6r hand. D\u00e4refter bakas agaven hel i gamla tegelugnar under 72-80 timmar. Den bakade agaven krossas sedan och f\u00e5r j\u00e4sa med naturlig j\u00e4st. Efter j\u00e4sningen sker dubbel destillering i kopparpanna.<\/p>\n<p>Lagring sker sedan p\u00e5 olika s\u00e4tt f\u00f6r de olika tequilasorterna. Clase Azul Reposado lagras p\u00e5 Bourbon-fat i 8 m\u00e5nader. Clase Azul A\u00f1ejo anv\u00e4nder sedan i sin tur dessa fat f\u00f6r att lagras 25 m\u00e5nader i de anv\u00e4nda Reposado-faten. Clase Azul Ultra lagras i hela fem \u00e5r i sherryfat f\u00f6r att f\u00e5 sin djupt r\u00f6dbruna f\u00e4rg och silkeslena karakt\u00e4r.<\/p>\n","protected":false},"excerpt":{"rendered":"<p>Premium Mescal<\/p>\n","protected":false},"featured_media":76074,"template":"","meta":{"_acf_changed":false,"rs_blank_template":"","rs_page_bg_color":"","slide_template_v7":""},"product_brand":[],"product_cat":[2402,2408,9167,9171],"product_tag":[],"class_list":{"0":"post-76053","1":"product","2":"type-product","3":"status-publish","4":"has-post-thumbnail","6":"product_cat-sprit-sv","7":"product_cat-tequila-mescal-sv","8":"product_cat-100-agave","9":"product_cat-blanco-0-2-months","10":"pa_land-mexiko","11":"pa_procent-44-sv","12":"pa_producent-clase-azul-sv","13":"pa_region-jalisco-sv","14":"pa_volume-70-sv-2","16":"first","17":"instock","18":"taxable","19":"shipping-taxable","20":"purchasable","21":"product-type-simple"},"bundled_by":[],"bundle_stock_status":"instock","bundle_stock_quantity":null,"bundle_virtual":false,"bundle_layout":"","bundle_add_to_cart_form_location":"","bundle_editable_in_cart":false,"bundle_sold_individually_context":"","bundle_item_grouping":"","bundle_min_size":"","bundle_max_size":"","bundle_price":[],"bundled_items":[],"bundle_sell_ids":[],"acf":[],"_links":{"self":[{"href":"https:\/\/www.raschvin.com\/sv\/wp-json\/wp\/v2\/product\/76053","targetHints":{"allow":["GET"]}}],"collection":[{"href":"https:\/\/www.raschvin.com\/sv\/wp-json\/wp\/v2\/product"}],"about":[{"href":"https:\/\/www.raschvin.com\/sv\/wp-json\/wp\/v2\/types\/product"}],"wp:featuredmedia":[{"embeddable":true,"href":"https:\/\/www.raschvin.com\/sv\/wp-json\/wp\/v2\/media\/76074"}],"wp:attachment":[{"href":"https:\/\/www.raschvin.com\/sv\/wp-json\/wp\/v2\/media?parent=76053"}],"wp:term":[{"taxonomy":"product_brand","embeddable":true,"href":"https:\/\/www.raschvin.com\/sv\/wp-json\/wp\/v2\/product_brand?post=76053"},{"taxonomy":"product_cat","embeddable":true,"href":"https:\/\/www.raschvin.com\/sv\/wp-json\/wp\/v2\/product_cat?post=76053"},{"taxonomy":"product_tag","embeddable":true,"href":"https:\/\/www.raschvin.com\/sv\/wp-json\/wp\/v2\/product_tag?post=76053"}],"curies":[{"name":"wp","href":"https:\/\/api.w.org\/{rel}","templated":true}]}}