{"id":75727,"date":"2024-11-25T09:26:03","date_gmt":"2024-11-25T08:26:03","guid":{"rendered":"https:\/\/www.raschvin.com\/produkt\/jinro-peach-soju-35-cl-13\/"},"modified":"2024-11-25T09:26:03","modified_gmt":"2024-11-25T08:26:03","slug":"jinro-peach-soju-35-cl-13","status":"publish","type":"product","link":"https:\/\/www.raschvin.com\/sv\/produkt\/jinro-peach-soju-35-cl-13\/","title":{"rendered":"Jinro Peach Soju 35 cl. 13%"},"content":{"rendered":"<p>Soju kommer ursprungligen fr\u00e5n Korea, d\u00e4r det f\u00f6rst destillerades omkring det 14:e \u00e5rhundradet. Till skillnad fr\u00e5n vodka har soju en naturlig antydan av botaniska smaker som kan ge en mjukare smak, till skillnad fr\u00e5n vodka som ibland kan k\u00e4nnas skarp i eftersmaken. Det \u00e4r inte bara l\u00e4gre i kalorier \u00e4n vodka, utan det har ocks\u00e5 en l\u00e4gre alkoholhalt.<br \/>\nJinro Peach Soju \u00e4r det senaste tillskottet till Jinros Flavor Soju-sortiment. Den aromatiska s\u00f6tman fr\u00e5n den perfekt mogna persikosmaken \u00e4r l\u00e4tt att dricka och passar bra till alla typer av mat och tillf\u00e4llen. Jinro Peach Soju \u00e4r en neutral sprit med b\u00e5de naturliga och artificiella smaker.<br \/>\nPersika, den mest attraktiva frukten, har sedan antiken ansetts vara ett symbol p\u00e5 sk\u00f6nhet b\u00e5de i \u00d6st och V\u00e4st. JINRO Peach \u00e4r en produkt som vi lanserade genom att f\u00f6rkroppsliga den unika s\u00f6ta smaken och doften av persika, baserat p\u00e5 v\u00e5ra b\u00e4sta destillationsteknologier. Vi hoppas att du f\u00e5r fantastiska stunder n\u00e4r du njuter av den vackraste fruktens lockelse.<\/p>\n","protected":false},"excerpt":{"rendered":"<p>Soju kommer ursprungligen fr\u00e5n Korea, d\u00e4r det f\u00f6rst destillerades omkring det 14:e \u00e5rhundradet. Till skillnad fr\u00e5n vodka har soju en naturlig antydan av botaniska smaker som kan ge en mjukare&#8230;<\/p>\n","protected":false},"featured_media":75736,"template":"","meta":{"_acf_changed":false,"rs_blank_template":"","rs_page_bg_color":"","slide_template_v7":""},"product_brand":[],"product_cat":[2387,8059],"product_tag":[],"class_list":{"0":"post-75727","1":"product","2":"type-product","3":"status-publish","4":"has-post-thumbnail","6":"product_cat-avec-sv","7":"product_cat-soju-sv","8":"pa_land-korea-sv","9":"pa_procent-13-sv","10":"pa_producent-hitejinro-sv","11":"pa_volume-35-sv","13":"first","14":"instock","15":"sale","16":"taxable","17":"shipping-taxable","18":"purchasable","19":"product-type-simple"},"bundled_by":[],"bundle_stock_status":"instock","bundle_stock_quantity":null,"bundle_virtual":false,"bundle_layout":"","bundle_add_to_cart_form_location":"","bundle_editable_in_cart":false,"bundle_sold_individually_context":"","bundle_item_grouping":"","bundle_min_size":"","bundle_max_size":"","bundle_price":[],"bundled_items":[],"bundle_sell_ids":[],"acf":[],"_links":{"self":[{"href":"https:\/\/www.raschvin.com\/sv\/wp-json\/wp\/v2\/product\/75727","targetHints":{"allow":["GET"]}}],"collection":[{"href":"https:\/\/www.raschvin.com\/sv\/wp-json\/wp\/v2\/product"}],"about":[{"href":"https:\/\/www.raschvin.com\/sv\/wp-json\/wp\/v2\/types\/product"}],"wp:featuredmedia":[{"embeddable":true,"href":"https:\/\/www.raschvin.com\/sv\/wp-json\/wp\/v2\/media\/75736"}],"wp:attachment":[{"href":"https:\/\/www.raschvin.com\/sv\/wp-json\/wp\/v2\/media?parent=75727"}],"wp:term":[{"taxonomy":"product_brand","embeddable":true,"href":"https:\/\/www.raschvin.com\/sv\/wp-json\/wp\/v2\/product_brand?post=75727"},{"taxonomy":"product_cat","embeddable":true,"href":"https:\/\/www.raschvin.com\/sv\/wp-json\/wp\/v2\/product_cat?post=75727"},{"taxonomy":"product_tag","embeddable":true,"href":"https:\/\/www.raschvin.com\/sv\/wp-json\/wp\/v2\/product_tag?post=75727"}],"curies":[{"name":"wp","href":"https:\/\/api.w.org\/{rel}","templated":true}]}}