{"id":75725,"date":"2024-11-25T09:11:48","date_gmt":"2024-11-25T08:11:48","guid":{"rendered":"https:\/\/www.raschvin.com\/produkt\/jinro-grapefruit-soju-35-cl-13\/"},"modified":"2024-11-25T09:11:48","modified_gmt":"2024-11-25T08:11:48","slug":"jinro-grapefruit-soju-35-cl-13","status":"publish","type":"product","link":"https:\/\/www.raschvin.com\/sv\/produkt\/jinro-grapefruit-soju-35-cl-13\/","title":{"rendered":"Jinro Grapefruit Soju 35 cl. 13%"},"content":{"rendered":"<p>Denna klara, destillerade sprit gjord p\u00e5 ris \u00e4r infunderad med friska, s\u00f6ta grapefruktsmaker. Fruktig och mjuk, Jinro Chamisul Grapefruit har blivit den mest popul\u00e4ra fruktinfunderade Sojun. Servera kall eller med is i cocktails. Den passar bra till grillade r\u00e4kor.<\/p>\n<p>Soju kommer ursprungligen fr\u00e5n Korea, d\u00e4r den f\u00f6rst destillerades runt det 14:e \u00e5rhundradet. Till skillnad fr\u00e5n vodka har soju en naturlig ton av botaniska smaker, vilket ger en mjukare smak, medan vodka ibland kan upplevas som skarp. Soju \u00e4r ocks\u00e5 l\u00e4gre i kalorier \u00e4n vodka och har en l\u00e4gre alkoholhalt.<\/p>\n<p>Jinro Grapefruit Soju \u00e4r infunderad med en livlig grapefruktsmak och ger ett uppfriskande inslag p\u00e5 en klassiker. Jinro Grapefruit Soju \u00e4r en neutral sprit med b\u00e5de naturliga och artificiella smaker.<\/p>\n","protected":false},"excerpt":{"rendered":"<p>Denna klara, destillerade sprit gjord p\u00e5 ris \u00e4r infunderad med friska, s\u00f6ta grapefruktsmaker. Fruktig och mjuk, Jinro Chamisul Grapefruit har blivit den mest popul\u00e4ra fruktinfunderade Sojun. Servera kall eller med&#8230;<\/p>\n","protected":false},"featured_media":75748,"template":"","meta":{"_acf_changed":false,"rs_blank_template":"","rs_page_bg_color":"","slide_template_v7":""},"product_brand":[],"product_cat":[2387,8059],"product_tag":[],"class_list":{"0":"post-75725","1":"product","2":"type-product","3":"status-publish","4":"has-post-thumbnail","6":"product_cat-avec-sv","7":"product_cat-soju-sv","8":"pa_land-korea-sv","9":"pa_procent-13-sv","10":"pa_producent-hitejinro-sv","11":"pa_volume-35-sv","13":"first","14":"instock","15":"sale","16":"taxable","17":"shipping-taxable","18":"purchasable","19":"product-type-simple"},"bundled_by":[],"bundle_stock_status":"instock","bundle_stock_quantity":null,"bundle_virtual":false,"bundle_layout":"","bundle_add_to_cart_form_location":"","bundle_editable_in_cart":false,"bundle_sold_individually_context":"","bundle_item_grouping":"","bundle_min_size":"","bundle_max_size":"","bundle_price":[],"bundled_items":[],"bundle_sell_ids":[],"acf":[],"_links":{"self":[{"href":"https:\/\/www.raschvin.com\/sv\/wp-json\/wp\/v2\/product\/75725","targetHints":{"allow":["GET"]}}],"collection":[{"href":"https:\/\/www.raschvin.com\/sv\/wp-json\/wp\/v2\/product"}],"about":[{"href":"https:\/\/www.raschvin.com\/sv\/wp-json\/wp\/v2\/types\/product"}],"wp:featuredmedia":[{"embeddable":true,"href":"https:\/\/www.raschvin.com\/sv\/wp-json\/wp\/v2\/media\/75748"}],"wp:attachment":[{"href":"https:\/\/www.raschvin.com\/sv\/wp-json\/wp\/v2\/media?parent=75725"}],"wp:term":[{"taxonomy":"product_brand","embeddable":true,"href":"https:\/\/www.raschvin.com\/sv\/wp-json\/wp\/v2\/product_brand?post=75725"},{"taxonomy":"product_cat","embeddable":true,"href":"https:\/\/www.raschvin.com\/sv\/wp-json\/wp\/v2\/product_cat?post=75725"},{"taxonomy":"product_tag","embeddable":true,"href":"https:\/\/www.raschvin.com\/sv\/wp-json\/wp\/v2\/product_tag?post=75725"}],"curies":[{"name":"wp","href":"https:\/\/api.w.org\/{rel}","templated":true}]}}