{"id":75716,"date":"2024-11-25T08:54:19","date_gmt":"2024-11-25T07:54:19","guid":{"rendered":"https:\/\/www.raschvin.com\/produkt\/jinro-green-grape-soju-35-cl-13\/"},"modified":"2024-11-25T08:54:19","modified_gmt":"2024-11-25T07:54:19","slug":"jinro-green-grape-soju-35-cl-13","status":"publish","type":"product","link":"https:\/\/www.raschvin.com\/sv\/produkt\/jinro-green-grape-soju-35-cl-13\/","title":{"rendered":"Jinro Green Grape Soju 35 cl. 13%"},"content":{"rendered":"<p>Jinro \u00e4r en av de mest v\u00e4lk\u00e4nda och respekterade producenterna av soju i Korea och har en l\u00e5ng historia som str\u00e4cker sig tillbaka till 1924. F\u00f6retaget har i \u00f6ver 90 \u00e5r levererat sprit av h\u00f6g kvalitet, och Jinro \u00e4r idag en av v\u00e4rldens st\u00f6rsta spritproducenter. Jinro&#8217;s soju tillverkas med omsorg och tradition, och de har varit pionj\u00e4rer n\u00e4r det g\u00e4ller innovation av nya smaks\u00e4ttningar, vilket g\u00f6r deras produkter popul\u00e4ra b\u00e5de i Korea och globalt.<\/p>\n<p>Jinro \u00e4r k\u00e4nt f\u00f6r att anv\u00e4nda ris som huvudingredienser i sin destillering, vilket ger deras soju en ren och mjuk smak. F\u00f6retaget har lyckats kombinera traditionell destillationsteknik med moderna smaks\u00e4ttningar, vilket har gjort Jinro till ett popul\u00e4rt val f\u00f6r dem som vill prova n\u00e5got unikt men \u00e4nd\u00e5 beh\u00e5lla den autentiska koreanska sojuupplevelsen.<\/p>\n<p>Med Jinro Green Grape Soju har de skapat en smakvariant som tilltalar dem som vill ha n\u00e5got s\u00f6tt och fruktigt, samtidigt som den bevarar den klassiska uppfriskande karakt\u00e4ren av soju.<\/p>\n","protected":false},"excerpt":{"rendered":"<p>Jinro \u00e4r en av de mest v\u00e4lk\u00e4nda och respekterade producenterna av soju i Korea och har en l\u00e5ng historia som str\u00e4cker sig tillbaka till 1924. F\u00f6retaget har i \u00f6ver 90&#8230;<\/p>\n","protected":false},"featured_media":75802,"template":"","meta":{"_acf_changed":false,"rs_blank_template":"","rs_page_bg_color":"","slide_template_v7":""},"product_brand":[],"product_cat":[2387,8059],"product_tag":[],"class_list":{"0":"post-75716","1":"product","2":"type-product","3":"status-publish","4":"has-post-thumbnail","6":"product_cat-avec-sv","7":"product_cat-soju-sv","8":"pa_land-korea-sv","9":"pa_procent-13-sv","10":"pa_producent-hitejinro-sv","11":"pa_volume-35-sv","13":"first","14":"instock","15":"sale","16":"taxable","17":"shipping-taxable","18":"purchasable","19":"product-type-simple"},"bundled_by":[],"bundle_stock_status":"instock","bundle_stock_quantity":null,"bundle_virtual":false,"bundle_layout":"","bundle_add_to_cart_form_location":"","bundle_editable_in_cart":false,"bundle_sold_individually_context":"","bundle_item_grouping":"","bundle_min_size":"","bundle_max_size":"","bundle_price":[],"bundled_items":[],"bundle_sell_ids":[],"acf":[],"_links":{"self":[{"href":"https:\/\/www.raschvin.com\/sv\/wp-json\/wp\/v2\/product\/75716","targetHints":{"allow":["GET"]}}],"collection":[{"href":"https:\/\/www.raschvin.com\/sv\/wp-json\/wp\/v2\/product"}],"about":[{"href":"https:\/\/www.raschvin.com\/sv\/wp-json\/wp\/v2\/types\/product"}],"wp:featuredmedia":[{"embeddable":true,"href":"https:\/\/www.raschvin.com\/sv\/wp-json\/wp\/v2\/media\/75802"}],"wp:attachment":[{"href":"https:\/\/www.raschvin.com\/sv\/wp-json\/wp\/v2\/media?parent=75716"}],"wp:term":[{"taxonomy":"product_brand","embeddable":true,"href":"https:\/\/www.raschvin.com\/sv\/wp-json\/wp\/v2\/product_brand?post=75716"},{"taxonomy":"product_cat","embeddable":true,"href":"https:\/\/www.raschvin.com\/sv\/wp-json\/wp\/v2\/product_cat?post=75716"},{"taxonomy":"product_tag","embeddable":true,"href":"https:\/\/www.raschvin.com\/sv\/wp-json\/wp\/v2\/product_tag?post=75716"}],"curies":[{"name":"wp","href":"https:\/\/api.w.org\/{rel}","templated":true}]}}