{"id":75710,"date":"2024-11-25T08:30:43","date_gmt":"2024-11-25T07:30:43","guid":{"rendered":"https:\/\/www.raschvin.com\/produkt\/jinro-plum-soju-35-cl-13\/"},"modified":"2024-11-25T08:30:43","modified_gmt":"2024-11-25T07:30:43","slug":"jinro-plum-soju-35-cl-13","status":"publish","type":"product","link":"https:\/\/www.raschvin.com\/sv\/produkt\/jinro-plum-soju-35-cl-13\/","title":{"rendered":"Jinro Plum Soju 35 cl. 13%"},"content":{"rendered":"<p>\u00c4ven k\u00e4nd som koreansk vodka har den en mycket mjuk smak. Det \u00e4r en klar destillerad spritdryck gjord av ris och den mest popul\u00e4ra typen av alkohol i Korea.<\/p>\n<p>Soju h\u00e4rstammar ursprungligen fr\u00e5n Korea, d\u00e4r den f\u00f6rst destillerades omkring 1300-talet. Till skillnad fr\u00e5n vodka har soju en naturlig antydan av botaniska toner som ger en mjukare smak, j\u00e4mf\u00f6rt med vodka som ofta kan k\u00e4nnas skarp i eftersmaken. Soju har ocks\u00e5 f\u00e4rre kalorier och en l\u00e4gre alkoholhalt \u00e4n vodka.<\/p>\n<p>Jinro Plum Soju tillf\u00f6r en lekfull touch av plommon till den rena smaken av Chamisul Fresh. Plommon\u00e4lskare, gl\u00e4ds! Jinro Plum Soju \u00e4r en neutral spritdryck med naturliga och artificiella smaker.<\/p>\n<p>Jinro Plum Soju produceras av HiteJinro, ett sydkoreanskt f\u00f6retag som \u00e4r en av de st\u00f6rsta tillverkarna av soju i v\u00e4rlden. HiteJinro \u00e4r k\u00e4nt f\u00f6r sitt m\u00e4rke Chamisul, som \u00e4r en av de mest popul\u00e4ra soju-varianterna globalt. Jinro har en l\u00e5ng historia och har varit ledande inom sojutillverkning sedan f\u00f6retaget grundades 1924.<\/p>\n","protected":false},"excerpt":{"rendered":"<p>\u00c4ven k\u00e4nd som koreansk vodka har den en mycket mjuk smak. Det \u00e4r en klar destillerad spritdryck gjord av ris och den mest popul\u00e4ra typen av alkohol i Korea. Soju&#8230;<\/p>\n","protected":false},"featured_media":75760,"template":"","meta":{"_acf_changed":false,"rs_blank_template":"","rs_page_bg_color":"","slide_template_v7":""},"product_brand":[],"product_cat":[2387,8059],"product_tag":[],"class_list":{"0":"post-75710","1":"product","2":"type-product","3":"status-publish","4":"has-post-thumbnail","6":"product_cat-avec-sv","7":"product_cat-soju-sv","8":"pa_land-korea-sv","9":"pa_procent-13-sv","10":"pa_producent-hitejinro-sv","11":"pa_volume-35-sv","13":"first","14":"instock","15":"sale","16":"taxable","17":"shipping-taxable","18":"purchasable","19":"product-type-simple"},"bundled_by":[],"bundle_stock_status":"instock","bundle_stock_quantity":null,"bundle_virtual":false,"bundle_layout":"","bundle_add_to_cart_form_location":"","bundle_editable_in_cart":false,"bundle_sold_individually_context":"","bundle_item_grouping":"","bundle_min_size":"","bundle_max_size":"","bundle_price":[],"bundled_items":[],"bundle_sell_ids":[],"acf":[],"_links":{"self":[{"href":"https:\/\/www.raschvin.com\/sv\/wp-json\/wp\/v2\/product\/75710","targetHints":{"allow":["GET"]}}],"collection":[{"href":"https:\/\/www.raschvin.com\/sv\/wp-json\/wp\/v2\/product"}],"about":[{"href":"https:\/\/www.raschvin.com\/sv\/wp-json\/wp\/v2\/types\/product"}],"wp:featuredmedia":[{"embeddable":true,"href":"https:\/\/www.raschvin.com\/sv\/wp-json\/wp\/v2\/media\/75760"}],"wp:attachment":[{"href":"https:\/\/www.raschvin.com\/sv\/wp-json\/wp\/v2\/media?parent=75710"}],"wp:term":[{"taxonomy":"product_brand","embeddable":true,"href":"https:\/\/www.raschvin.com\/sv\/wp-json\/wp\/v2\/product_brand?post=75710"},{"taxonomy":"product_cat","embeddable":true,"href":"https:\/\/www.raschvin.com\/sv\/wp-json\/wp\/v2\/product_cat?post=75710"},{"taxonomy":"product_tag","embeddable":true,"href":"https:\/\/www.raschvin.com\/sv\/wp-json\/wp\/v2\/product_tag?post=75710"}],"curies":[{"name":"wp","href":"https:\/\/api.w.org\/{rel}","templated":true}]}}