{"id":75701,"date":"2024-11-25T07:56:24","date_gmt":"2024-11-25T06:56:24","guid":{"rendered":"https:\/\/www.raschvin.com\/produkt\/macallan-a-night-on-earth-in-jerez-2024-70-cl-43\/"},"modified":"2024-11-25T07:56:24","modified_gmt":"2024-11-25T06:56:24","slug":"macallan-a-night-on-earth-in-jerez-2024-70-cl-43","status":"publish","type":"product","link":"https:\/\/www.raschvin.com\/sv\/produkt\/macallan-a-night-on-earth-in-jerez-2024-70-cl-43\/","title":{"rendered":"Macallan \u2013 A Night On Earth In Jerez 2024 70 cl. 43%"},"content":{"rendered":"<p>En limiterad single malt Scotch whisky lagrad p\u00e5 exceptionella sherrykryddade ekfat. Inspirerad av \u00e5rets sluttraditioner i sherryvinets hem, djupt i hj\u00e4rtat av Andalusien, Jerez i s\u00f6dra Spanien. Denna utg\u00e5va \u00e4r inspirerad av ny\u00e5rsafton i Jerez de la Frontera: en natt fylld av mening och tradition, k\u00e4nd som Nochevieja, vilket betyder &#8221;Den Gamla Natten.&#8221;<\/p>\n<p>Den tredje utg\u00e5van i serien A Night on Earth firar den universella natten som markerar slutet av \u00e5ret, en tid f\u00f6r gemenskap, reflektion \u00f6ver det som varit, och en sk\u00e5l f\u00f6r det som kommer. F\u00f6r att fira v\u00e5rt 200-\u00e5rsjubileum har vi rest till Jerez de la Frontera i Spanien, d\u00e4r v\u00e5ra exceptionella ekfat kryddas med sherryvin.<\/p>\n<p>Skapad av The Macallan Whisky Mastery Team \u00e4r denna single malt Scotch whisky ett unikt uttryck som anv\u00e4nder en perfekt balanserad kombination av exceptionella europeiska och amerikanska sherrykryddade ekfat, inspirerad av \u00e5rets sluttraditioner i sherryvinets hem.<\/p>\n<p>F\u00c4RG<br \/>\nNaranja Quemado (Br\u00e4nd orange)<\/p>\n<p>DOFT<br \/>\nHonungsdr\u00e4nkta Pesti\u00f1os, s\u00f6ta russin, kanel, anis, rik ek och livliga citrusnoter<\/p>\n<p>SMAK<br \/>\nS\u00f6ta bakverk, vita druvor, honungsglaserade mandlar, vanilj, balanserade kryddor och en hint av f\u00e4rsk rosmarin<\/p>\n<p>EFTERSMAK<br \/>\nS\u00f6t, livlig och v\u00e4rmande<\/p>\n","protected":false},"excerpt":{"rendered":"<p>Limited Scotch Single Malt Whisky<\/p>\n","protected":false},"featured_media":75799,"template":"","meta":{"_acf_changed":false,"rs_blank_template":"","rs_page_bg_color":"","slide_template_v7":""},"product_brand":[],"product_cat":[2387,4651,2392],"product_tag":[],"class_list":{"0":"post-75701","1":"product","2":"type-product","3":"status-publish","4":"has-post-thumbnail","6":"product_cat-avec-sv","7":"product_cat-single-malt-sv","8":"product_cat-whisky-sv","9":"pa_aargang-2024-sv","10":"pa_land-skottland","11":"pa_procent-43-sv","12":"pa_producent-macallan-sv","13":"pa_region-highland-sv","14":"pa_volume-70-sv-2","16":"first","17":"instock","18":"taxable","19":"shipping-taxable","20":"purchasable","21":"product-type-simple"},"bundled_by":[],"bundle_stock_status":"instock","bundle_stock_quantity":null,"bundle_virtual":false,"bundle_layout":"","bundle_add_to_cart_form_location":"","bundle_editable_in_cart":false,"bundle_sold_individually_context":"","bundle_item_grouping":"","bundle_min_size":"","bundle_max_size":"","bundle_price":[],"bundled_items":[],"bundle_sell_ids":[],"acf":[],"_links":{"self":[{"href":"https:\/\/www.raschvin.com\/sv\/wp-json\/wp\/v2\/product\/75701","targetHints":{"allow":["GET"]}}],"collection":[{"href":"https:\/\/www.raschvin.com\/sv\/wp-json\/wp\/v2\/product"}],"about":[{"href":"https:\/\/www.raschvin.com\/sv\/wp-json\/wp\/v2\/types\/product"}],"wp:featuredmedia":[{"embeddable":true,"href":"https:\/\/www.raschvin.com\/sv\/wp-json\/wp\/v2\/media\/75799"}],"wp:attachment":[{"href":"https:\/\/www.raschvin.com\/sv\/wp-json\/wp\/v2\/media?parent=75701"}],"wp:term":[{"taxonomy":"product_brand","embeddable":true,"href":"https:\/\/www.raschvin.com\/sv\/wp-json\/wp\/v2\/product_brand?post=75701"},{"taxonomy":"product_cat","embeddable":true,"href":"https:\/\/www.raschvin.com\/sv\/wp-json\/wp\/v2\/product_cat?post=75701"},{"taxonomy":"product_tag","embeddable":true,"href":"https:\/\/www.raschvin.com\/sv\/wp-json\/wp\/v2\/product_tag?post=75701"}],"curies":[{"name":"wp","href":"https:\/\/api.w.org\/{rel}","templated":true}]}}