{"id":75443,"date":"2024-11-23T08:51:41","date_gmt":"2024-11-23T07:51:41","guid":{"rendered":"https:\/\/www.raschvin.com\/produkt\/bols-watermelon-liqueur-50-cl-17\/"},"modified":"2024-11-23T08:51:41","modified_gmt":"2024-11-23T07:51:41","slug":"bols-watermelon-liqueur-50-cl-17","status":"publish","type":"product","link":"https:\/\/www.raschvin.com\/sv\/produkt\/bols-watermelon-liqueur-50-cl-17\/","title":{"rendered":"Bols Watermelon Liqueur 50 cl. 17%"},"content":{"rendered":"<p>Bols vattenmelon \u00e4r en naturlig vattenmelon lik\u00f6r som har en uppfriskande smak, fruktig, saftig, s\u00f6t men balanserad. Presenterar fina toner av marsipan och en l\u00e5ng eftersmak f\u00f6rv\u00e5nande. V\u00e4tskan har en saftig r\u00f6d ros med en doft av sprit rika och frestande det hj\u00e4lper att denna dryck speciella och popul\u00e4ra.<\/p>\n<p>Smaken av drycken \u00e4r saftig, s\u00f6t, frisk och fruktig tack vare sin naturliga extrakt av vattenmelon med fin touch av marsipan.<\/p>\n<p>Bols Vattenmelon \u00e4r perfekt som en ingrediens oumb\u00e4rlig f\u00f6r att f\u00f6rbereda f\u00e4rsk frukt cocktails f\u00f6r sommaren, kan du ocks\u00e5 ta ren is.<\/p>\n","protected":false},"excerpt":{"rendered":"<p>Product of Holland Amsterdam Since 1575<\/p>\n","protected":false},"featured_media":75468,"template":"","meta":{"_acf_changed":false,"rs_blank_template":"","rs_page_bg_color":"","slide_template_v7":""},"product_brand":[],"product_cat":[2387,4670,2390],"product_tag":[],"class_list":{"0":"post-75443","1":"product","2":"type-product","3":"status-publish","4":"has-post-thumbnail","6":"product_cat-avec-sv","7":"product_cat-frukt","8":"product_cat-sprit","9":"pa_land-nederlaenderna","10":"pa_procent-17-sv","11":"pa_producent-lucas-bols-b-v-sv","12":"pa_region-amsterdam-sv","13":"pa_volume-50-sv","15":"first","16":"instock","17":"taxable","18":"shipping-taxable","19":"purchasable","20":"product-type-simple"},"bundled_by":[],"bundle_stock_status":"instock","bundle_stock_quantity":null,"bundle_virtual":false,"bundle_layout":"","bundle_add_to_cart_form_location":"","bundle_editable_in_cart":false,"bundle_sold_individually_context":"","bundle_item_grouping":"","bundle_min_size":"","bundle_max_size":"","bundle_price":[],"bundled_items":[],"bundle_sell_ids":[],"acf":[],"_links":{"self":[{"href":"https:\/\/www.raschvin.com\/sv\/wp-json\/wp\/v2\/product\/75443","targetHints":{"allow":["GET"]}}],"collection":[{"href":"https:\/\/www.raschvin.com\/sv\/wp-json\/wp\/v2\/product"}],"about":[{"href":"https:\/\/www.raschvin.com\/sv\/wp-json\/wp\/v2\/types\/product"}],"wp:featuredmedia":[{"embeddable":true,"href":"https:\/\/www.raschvin.com\/sv\/wp-json\/wp\/v2\/media\/75468"}],"wp:attachment":[{"href":"https:\/\/www.raschvin.com\/sv\/wp-json\/wp\/v2\/media?parent=75443"}],"wp:term":[{"taxonomy":"product_brand","embeddable":true,"href":"https:\/\/www.raschvin.com\/sv\/wp-json\/wp\/v2\/product_brand?post=75443"},{"taxonomy":"product_cat","embeddable":true,"href":"https:\/\/www.raschvin.com\/sv\/wp-json\/wp\/v2\/product_cat?post=75443"},{"taxonomy":"product_tag","embeddable":true,"href":"https:\/\/www.raschvin.com\/sv\/wp-json\/wp\/v2\/product_tag?post=75443"}],"curies":[{"name":"wp","href":"https:\/\/api.w.org\/{rel}","templated":true}]}}