{"id":75126,"date":"2024-11-21T08:24:53","date_gmt":"2024-11-21T07:24:53","guid":{"rendered":"https:\/\/www.raschvin.com\/produkt\/fangst-nordic-tapas-box-nordic-sardines\/"},"modified":"2024-11-21T08:24:53","modified_gmt":"2024-11-21T07:24:53","slug":"fangst-nordic-tapas-box-nordic-sardines","status":"publish","type":"product","link":"https:\/\/www.raschvin.com\/sv\/produkt\/fangst-nordic-tapas-box-nordic-sardines\/","title":{"rendered":"FANGST &#8211; Nordic Tapas Box Nordic Sardines"},"content":{"rendered":"<p>MED DEN H\u00c4R L\u00c5DAN KAN DU SERVERA:<br \/>\nFANGST R\u00f6kta brisling<br \/>\nFANGST Kryddade brisling med kryddpeppar &#038; kryddnejlika<br \/>\nH\u00d8ST Majonn\u00e4s med havtorn<br \/>\nH\u00d8ST Kn\u00e4ckebr\u00f6d med r\u00e5g, havre &#038; t\u00e5ng<\/p>\n<p>Servera som nordiska tapas<br \/>\nBred lite majonn\u00e4s med havtorn p\u00e5 kn\u00e4ckebr\u00f6det. L\u00e4gg n\u00e5gra av de nordiska sardinerna fr\u00e5n burken ovanp\u00e5. Klart att \u00e4ta.<\/p>\n<p>Eller njut i delningsstil<br \/>\n\u00d6ppna helt enkelt ditt urval av FANGST och H\u00d8ST. Servera direkt fr\u00e5n burkarna och glaset, med en halv citron. Beroende p\u00e5 din aptit kan du l\u00e4gga till lite extra br\u00f6d och en fr\u00e4sch sallad vid sidan av.<\/p>\n","protected":false},"excerpt":{"rendered":"<p>Nordic Style Tapas<\/p>\n","protected":false},"featured_media":75145,"template":"","meta":{"_acf_changed":false,"rs_blank_template":"","rs_page_bg_color":"","slide_template_v7":""},"product_brand":[],"product_cat":[8024,8691,2753],"product_tag":[],"class_list":{"0":"post-75126","1":"product","2":"type-product","3":"status-publish","4":"has-post-thumbnail","6":"product_cat-delikatesser-sv","7":"product_cat-fangst-sv","8":"product_cat-gaavor","9":"pa_land-danmark-sv","10":"pa_producent-fangst-sv","12":"first","13":"instock","14":"taxable","15":"shipping-taxable","16":"purchasable","17":"product-type-simple"},"bundled_by":[],"bundle_stock_status":"instock","bundle_stock_quantity":null,"bundle_virtual":false,"bundle_layout":"","bundle_add_to_cart_form_location":"","bundle_editable_in_cart":false,"bundle_sold_individually_context":"","bundle_item_grouping":"","bundle_min_size":"","bundle_max_size":"","bundle_price":[],"bundled_items":[],"bundle_sell_ids":[],"acf":[],"_links":{"self":[{"href":"https:\/\/www.raschvin.com\/sv\/wp-json\/wp\/v2\/product\/75126","targetHints":{"allow":["GET"]}}],"collection":[{"href":"https:\/\/www.raschvin.com\/sv\/wp-json\/wp\/v2\/product"}],"about":[{"href":"https:\/\/www.raschvin.com\/sv\/wp-json\/wp\/v2\/types\/product"}],"wp:featuredmedia":[{"embeddable":true,"href":"https:\/\/www.raschvin.com\/sv\/wp-json\/wp\/v2\/media\/75145"}],"wp:attachment":[{"href":"https:\/\/www.raschvin.com\/sv\/wp-json\/wp\/v2\/media?parent=75126"}],"wp:term":[{"taxonomy":"product_brand","embeddable":true,"href":"https:\/\/www.raschvin.com\/sv\/wp-json\/wp\/v2\/product_brand?post=75126"},{"taxonomy":"product_cat","embeddable":true,"href":"https:\/\/www.raschvin.com\/sv\/wp-json\/wp\/v2\/product_cat?post=75126"},{"taxonomy":"product_tag","embeddable":true,"href":"https:\/\/www.raschvin.com\/sv\/wp-json\/wp\/v2\/product_tag?post=75126"}],"curies":[{"name":"wp","href":"https:\/\/api.w.org\/{rel}","templated":true}]}}