{"id":75123,"date":"2024-11-21T08:21:28","date_gmt":"2024-11-21T07:21:28","guid":{"rendered":"https:\/\/www.raschvin.com\/produkt\/fangst-nordic-tapas-box-trout-with-beetroot-onions\/"},"modified":"2024-11-21T08:21:28","modified_gmt":"2024-11-21T07:21:28","slug":"fangst-nordic-tapas-box-trout-with-beetroot-onions","status":"publish","type":"product","link":"https:\/\/www.raschvin.com\/sv\/produkt\/fangst-nordic-tapas-box-trout-with-beetroot-onions\/","title":{"rendered":"FANGST &#8211; Nordic Tapas Box Trout with Beetroot &#038; Onions"},"content":{"rendered":"<p>MED DEN H\u00c4R L\u00c5DAN KAN DU SERVERA:<\/p>\n<p>FANGST R\u00f6kt forell med enb\u00e4r och citrontimjan<br \/>\nH\u00d8ST Kr\u00e4mig r\u00f6dbeta med pepparrot<br \/>\nH\u00d8ST Inlagd r\u00f6dl\u00f6k med ros\u00e9peppar och svarta vinb\u00e4r<br \/>\nH\u00d8ST Kn\u00e4ckebr\u00f6d med r\u00e5g, havre och t\u00e5ng<br \/>\nServera som nordiska tapas<br \/>\nBred lite kr\u00e4mig r\u00f6dbeta p\u00e5 kn\u00e4ckebr\u00f6det. L\u00e4gg p\u00e5 en bit forell och toppa med inlagd r\u00f6dl\u00f6k. Klart att \u00e4ta!<\/p>\n<p>Eller njut i delad stil<br \/>\n\u00d6ppna helt enkelt dina val fr\u00e5n FANGST och H\u00d8ST. Servera direkt fr\u00e5n burkar och glas. Beroende p\u00e5 aptit kan du kanske l\u00e4gga till en fr\u00e4sch sallad vid sidan av.<\/p>\n","protected":false},"excerpt":{"rendered":"<p>Nordic Style Tapas<\/p>\n","protected":false},"featured_media":75166,"template":"","meta":{"_acf_changed":false,"rs_blank_template":"","rs_page_bg_color":"","slide_template_v7":""},"product_brand":[],"product_cat":[8024,8691,2753],"product_tag":[],"class_list":{"0":"post-75123","1":"product","2":"type-product","3":"status-publish","4":"has-post-thumbnail","6":"product_cat-delikatesser-sv","7":"product_cat-fangst-sv","8":"product_cat-gaavor","9":"pa_land-danmark-sv","10":"pa_producent-fangst-sv","12":"first","13":"instock","14":"taxable","15":"shipping-taxable","16":"purchasable","17":"product-type-simple"},"bundled_by":[],"bundle_stock_status":"instock","bundle_stock_quantity":null,"bundle_virtual":false,"bundle_layout":"","bundle_add_to_cart_form_location":"","bundle_editable_in_cart":false,"bundle_sold_individually_context":"","bundle_item_grouping":"","bundle_min_size":"","bundle_max_size":"","bundle_price":[],"bundled_items":[],"bundle_sell_ids":[],"acf":[],"_links":{"self":[{"href":"https:\/\/www.raschvin.com\/sv\/wp-json\/wp\/v2\/product\/75123","targetHints":{"allow":["GET"]}}],"collection":[{"href":"https:\/\/www.raschvin.com\/sv\/wp-json\/wp\/v2\/product"}],"about":[{"href":"https:\/\/www.raschvin.com\/sv\/wp-json\/wp\/v2\/types\/product"}],"wp:featuredmedia":[{"embeddable":true,"href":"https:\/\/www.raschvin.com\/sv\/wp-json\/wp\/v2\/media\/75166"}],"wp:attachment":[{"href":"https:\/\/www.raschvin.com\/sv\/wp-json\/wp\/v2\/media?parent=75123"}],"wp:term":[{"taxonomy":"product_brand","embeddable":true,"href":"https:\/\/www.raschvin.com\/sv\/wp-json\/wp\/v2\/product_brand?post=75123"},{"taxonomy":"product_cat","embeddable":true,"href":"https:\/\/www.raschvin.com\/sv\/wp-json\/wp\/v2\/product_cat?post=75123"},{"taxonomy":"product_tag","embeddable":true,"href":"https:\/\/www.raschvin.com\/sv\/wp-json\/wp\/v2\/product_tag?post=75123"}],"curies":[{"name":"wp","href":"https:\/\/api.w.org\/{rel}","templated":true}]}}