{"id":74932,"date":"2024-11-20T08:44:55","date_gmt":"2024-11-20T07:44:55","guid":{"rendered":"https:\/\/www.raschvin.com\/produkt\/fangst-svampe-mayo-mayo-with-mushrooms\/"},"modified":"2024-11-20T08:44:55","modified_gmt":"2024-11-20T07:44:55","slug":"fangst-svampe-mayo-mayo-with-mushrooms","status":"publish","type":"product","link":"https:\/\/www.raschvin.com\/sv\/produkt\/fangst-svampe-mayo-mayo-with-mushrooms\/","title":{"rendered":"FANGST &#8211; Svampe Mayo (Mayo With Mushrooms)"},"content":{"rendered":"<p>Svamp Mayo (mayo med svamp). Gjord med havremj\u00f6lk och solros ist\u00e4llet f\u00f6r \u00e4gg. Och lite svampbuljong skapad av v\u00e5ra v\u00e4nner p\u00e5 Reduced. Njut som bredbart p\u00e5l\u00e4gg, dipp eller topping.<\/p>\n<p>Ingredienser: Rapsolja*, havremj\u00f6lk* (vatten, HAVRE*, rapsolja*, salt), solrosfr\u00f6protein*, svampkoncentrat* (3,3%) (svamp, salt), vin\u00e4ger*, svamp* (1,4%), agavesirap*, salt, surhetsreglerande medel (mj\u00f6lksyra, vegetabiliskt ursprung), stabiliseringsmedel (xantangummi).<\/p>\n<p>= Ekologisk<br \/>\nNettovikt: 130 g<\/p>\n","protected":false},"excerpt":{"rendered":"<p>Nordic Style Tapas<\/p>\n","protected":false},"featured_media":75015,"template":"","meta":{"_acf_changed":false,"rs_blank_template":"","rs_page_bg_color":"","slide_template_v7":""},"product_brand":[],"product_cat":[8024,8691,2753],"product_tag":[],"class_list":{"0":"post-74932","1":"product","2":"type-product","3":"status-publish","4":"has-post-thumbnail","6":"product_cat-delikatesser-sv","7":"product_cat-fangst-sv","8":"product_cat-gaavor","9":"pa_land-danmark-sv","10":"pa_producent-fangst-sv","12":"first","13":"instock","14":"taxable","15":"shipping-taxable","16":"purchasable","17":"product-type-simple"},"bundled_by":[],"bundle_stock_status":"instock","bundle_stock_quantity":null,"bundle_virtual":false,"bundle_layout":"","bundle_add_to_cart_form_location":"","bundle_editable_in_cart":false,"bundle_sold_individually_context":"","bundle_item_grouping":"","bundle_min_size":"","bundle_max_size":"","bundle_price":[],"bundled_items":[],"bundle_sell_ids":[],"acf":[],"_links":{"self":[{"href":"https:\/\/www.raschvin.com\/sv\/wp-json\/wp\/v2\/product\/74932","targetHints":{"allow":["GET"]}}],"collection":[{"href":"https:\/\/www.raschvin.com\/sv\/wp-json\/wp\/v2\/product"}],"about":[{"href":"https:\/\/www.raschvin.com\/sv\/wp-json\/wp\/v2\/types\/product"}],"wp:featuredmedia":[{"embeddable":true,"href":"https:\/\/www.raschvin.com\/sv\/wp-json\/wp\/v2\/media\/75015"}],"wp:attachment":[{"href":"https:\/\/www.raschvin.com\/sv\/wp-json\/wp\/v2\/media?parent=74932"}],"wp:term":[{"taxonomy":"product_brand","embeddable":true,"href":"https:\/\/www.raschvin.com\/sv\/wp-json\/wp\/v2\/product_brand?post=74932"},{"taxonomy":"product_cat","embeddable":true,"href":"https:\/\/www.raschvin.com\/sv\/wp-json\/wp\/v2\/product_cat?post=74932"},{"taxonomy":"product_tag","embeddable":true,"href":"https:\/\/www.raschvin.com\/sv\/wp-json\/wp\/v2\/product_tag?post=74932"}],"curies":[{"name":"wp","href":"https:\/\/api.w.org\/{rel}","templated":true}]}}