{"id":74929,"date":"2024-11-20T08:41:03","date_gmt":"2024-11-20T07:41:03","guid":{"rendered":"https:\/\/www.raschvin.com\/produkt\/fangst-brisling-no-4-the-nordic-sardine\/"},"modified":"2024-11-20T08:41:03","modified_gmt":"2024-11-20T07:41:03","slug":"fangst-brisling-no-4-the-nordic-sardine","status":"publish","type":"product","link":"https:\/\/www.raschvin.com\/sv\/produkt\/fangst-brisling-no-4-the-nordic-sardine\/","title":{"rendered":"FANGST &#8211; Brisling No.4 (The Nordic Sardine)"},"content":{"rendered":"<p>Den nordiska sardin.<br \/>\nMilt kryddad med kryddpeppar och kryddnejlika.<\/p>\n<p>\u2018Brisling\u2019 \u00e4r en liten fisk som traditionellt f\u00e5ngades i stora m\u00e4ngder l\u00e4ngs de skandinaviska och baltiska kusterna. H\u00e4r bearbetades den f\u00f6r hand och konserverades i burkar som en nordisk variant av sardinen. Brislingen fr\u00e5n FANGST \u00e4r v\u00e5rt bidrag f\u00f6r att \u00e5teruppliva och skapa en ny plats f\u00f6r denna fina fisk som \u2018den nordiska sardin\u2019.<\/p>\n<p>Vatten: \u00d6stersj\u00f6n, FAO 27.III.d<br \/>\nNettovikt: 100 g<\/p>\n<p>Ingredienser:<br \/>\nBrisling (70 %), kallpressad rapsolja* (28,4 %), salt, kryddpeppar* (0,1 %), kryddnejlika* (0,1 %).<\/p>\n<p>Ekologiska ingredienser utg\u00f6r 28,6 % av inneh\u00e5llet. *Ekologisk<\/p>\n","protected":false},"excerpt":{"rendered":"<p>Nordic Style Tapas<\/p>\n","protected":false},"featured_media":74949,"template":"","meta":{"_acf_changed":false,"rs_blank_template":"","rs_page_bg_color":"","slide_template_v7":""},"product_brand":[],"product_cat":[8024,8691,2753],"product_tag":[],"class_list":{"0":"post-74929","1":"product","2":"type-product","3":"status-publish","4":"has-post-thumbnail","6":"product_cat-delikatesser-sv","7":"product_cat-fangst-sv","8":"product_cat-gaavor","9":"pa_land-danmark-sv","10":"pa_producent-fangst-sv","12":"first","13":"instock","14":"taxable","15":"shipping-taxable","16":"purchasable","17":"product-type-simple"},"bundled_by":[],"bundle_stock_status":"instock","bundle_stock_quantity":null,"bundle_virtual":false,"bundle_layout":"","bundle_add_to_cart_form_location":"","bundle_editable_in_cart":false,"bundle_sold_individually_context":"","bundle_item_grouping":"","bundle_min_size":"","bundle_max_size":"","bundle_price":[],"bundled_items":[],"bundle_sell_ids":[],"acf":[],"_links":{"self":[{"href":"https:\/\/www.raschvin.com\/sv\/wp-json\/wp\/v2\/product\/74929","targetHints":{"allow":["GET"]}}],"collection":[{"href":"https:\/\/www.raschvin.com\/sv\/wp-json\/wp\/v2\/product"}],"about":[{"href":"https:\/\/www.raschvin.com\/sv\/wp-json\/wp\/v2\/types\/product"}],"wp:featuredmedia":[{"embeddable":true,"href":"https:\/\/www.raschvin.com\/sv\/wp-json\/wp\/v2\/media\/74949"}],"wp:attachment":[{"href":"https:\/\/www.raschvin.com\/sv\/wp-json\/wp\/v2\/media?parent=74929"}],"wp:term":[{"taxonomy":"product_brand","embeddable":true,"href":"https:\/\/www.raschvin.com\/sv\/wp-json\/wp\/v2\/product_brand?post=74929"},{"taxonomy":"product_cat","embeddable":true,"href":"https:\/\/www.raschvin.com\/sv\/wp-json\/wp\/v2\/product_cat?post=74929"},{"taxonomy":"product_tag","embeddable":true,"href":"https:\/\/www.raschvin.com\/sv\/wp-json\/wp\/v2\/product_tag?post=74929"}],"curies":[{"name":"wp","href":"https:\/\/api.w.org\/{rel}","templated":true}]}}