{"id":74926,"date":"2024-11-20T08:36:59","date_gmt":"2024-11-20T07:36:59","guid":{"rendered":"https:\/\/www.raschvin.com\/produkt\/fangst-havtaske-lever-icelandic-monkfish-liver\/"},"modified":"2024-11-20T08:36:59","modified_gmt":"2024-11-20T07:36:59","slug":"fangst-havtaske-lever-icelandic-monkfish-liver","status":"publish","type":"product","link":"https:\/\/www.raschvin.com\/sv\/produkt\/fangst-havtaske-lever-icelandic-monkfish-liver\/","title":{"rendered":"FANGST &#8211; Havtaske Lever (Icelandic Monkfish Liver)"},"content":{"rendered":"<p>Isl\u00e4ndsk marulklever.<br \/>\nL\u00e4tt r\u00f6kt. Konserverad i egen olja.<\/p>\n<p>\u00c4ven k\u00e4nd som havets &#8221;foie gras&#8221;. En stark lokal kultur f\u00f6r att ta tillvara allt fr\u00e5n torsken och h\u00f6ga kvalitetsstandarder f\u00f6r levern g\u00f6r de nordatlantiska \u00f6arna till v\u00e5r favoritplats f\u00f6r att f\u00e5nga marulk och bevara dess lever. Denna FANGST-lever har l\u00e4tt r\u00f6kts \u00f6ver boktr\u00e4 och konserverats i sin egen olja utan andra tillsatser \u00e4n lite salt.<\/p>\n<p>Art (Latin): Lophius piscatorius<br \/>\nVatten: Nordatlanten, FAO 27<br \/>\nNettovikt: 115 g<\/p>\n<p>Ingredienser: R\u00f6kt marulklever (99 %), salt.<\/p>\n","protected":false},"excerpt":{"rendered":"<p>Nordic Style Tapas<\/p>\n","protected":false},"featured_media":74982,"template":"","meta":{"_acf_changed":false,"rs_blank_template":"","rs_page_bg_color":"","slide_template_v7":""},"product_brand":[],"product_cat":[8024,8691,2753],"product_tag":[],"class_list":{"0":"post-74926","1":"product","2":"type-product","3":"status-publish","4":"has-post-thumbnail","6":"product_cat-delikatesser-sv","7":"product_cat-fangst-sv","8":"product_cat-gaavor","9":"pa_land-danmark-sv","10":"pa_producent-fangst-sv","12":"first","13":"instock","14":"taxable","15":"shipping-taxable","16":"purchasable","17":"product-type-simple"},"bundled_by":[],"bundle_stock_status":"instock","bundle_stock_quantity":null,"bundle_virtual":false,"bundle_layout":"","bundle_add_to_cart_form_location":"","bundle_editable_in_cart":false,"bundle_sold_individually_context":"","bundle_item_grouping":"","bundle_min_size":"","bundle_max_size":"","bundle_price":[],"bundled_items":[],"bundle_sell_ids":[],"acf":[],"_links":{"self":[{"href":"https:\/\/www.raschvin.com\/sv\/wp-json\/wp\/v2\/product\/74926","targetHints":{"allow":["GET"]}}],"collection":[{"href":"https:\/\/www.raschvin.com\/sv\/wp-json\/wp\/v2\/product"}],"about":[{"href":"https:\/\/www.raschvin.com\/sv\/wp-json\/wp\/v2\/types\/product"}],"wp:featuredmedia":[{"embeddable":true,"href":"https:\/\/www.raschvin.com\/sv\/wp-json\/wp\/v2\/media\/74982"}],"wp:attachment":[{"href":"https:\/\/www.raschvin.com\/sv\/wp-json\/wp\/v2\/media?parent=74926"}],"wp:term":[{"taxonomy":"product_brand","embeddable":true,"href":"https:\/\/www.raschvin.com\/sv\/wp-json\/wp\/v2\/product_brand?post=74926"},{"taxonomy":"product_cat","embeddable":true,"href":"https:\/\/www.raschvin.com\/sv\/wp-json\/wp\/v2\/product_cat?post=74926"},{"taxonomy":"product_tag","embeddable":true,"href":"https:\/\/www.raschvin.com\/sv\/wp-json\/wp\/v2\/product_tag?post=74926"}],"curies":[{"name":"wp","href":"https:\/\/api.w.org\/{rel}","templated":true}]}}