{"id":74924,"date":"2024-11-20T08:32:59","date_gmt":"2024-11-20T07:32:59","guid":{"rendered":"https:\/\/www.raschvin.com\/produkt\/fangst-blaamusling-no-1-limfjord-blue-mussels\/"},"modified":"2024-11-20T08:32:59","modified_gmt":"2024-11-20T07:32:59","slug":"fangst-blaamusling-no-1-limfjord-blue-mussels","status":"publish","type":"product","link":"https:\/\/www.raschvin.com\/sv\/produkt\/fangst-blaamusling-no-1-limfjord-blue-mussels\/","title":{"rendered":"FANGST &#8211; Bl\u00e5musling No.1 (Limfjord Blue Mussels)"},"content":{"rendered":"<p>Limfjord bl\u00e5musslor<br \/>\nMarinerade. Med dill och f\u00e4nk\u00e5lsfr\u00f6n.<\/p>\n<p>I det kalla vattnet i den danska Limfjorden v\u00e4xer bl\u00e5musslor l\u00e5ngsamt f\u00f6r att f\u00e5 en s\u00e4rskilt fin smak och textur. De flesta skickas till utl\u00e4ndska k\u00f6k, men n\u00e5gra beh\u00e5ller vi sj\u00e4lva. Med en marinad av kallpressad rapsolja, \u00e4ppelvin\u00e4ger, dill och f\u00e4nk\u00e5lsfr\u00f6n presenterar FANGST v\u00e5r version av bl\u00e5musslan.<\/p>\n<p>Art (Latin): Mytilus Edulis<br \/>\nVatten: Limfjorden (i Danmark, FAO 27)<br \/>\nNettovikt: 110 g<\/p>\n<p>Ingredienser:<br \/>\nBl\u00e5musslor (76 %), kallpressad rapsolja* (11 %), \u00e4ppelvin\u00e4ger* (11 %), dillfr\u00f6n* (0,5 %), f\u00e4nk\u00e5lsfr\u00f6n* (0,5 %), salt.<\/p>\n<p>Ekologiska ingredienser utg\u00f6r 23 % av inneh\u00e5llet. *Ekologisk<\/p>\n","protected":false},"excerpt":{"rendered":"<p>Nordic Style Tapas<\/p>\n","protected":false},"featured_media":74937,"template":"","meta":{"_acf_changed":false,"rs_blank_template":"","rs_page_bg_color":"","slide_template_v7":""},"product_brand":[],"product_cat":[8024,8691,2753],"product_tag":[],"class_list":{"0":"post-74924","1":"product","2":"type-product","3":"status-publish","4":"has-post-thumbnail","6":"product_cat-delikatesser-sv","7":"product_cat-fangst-sv","8":"product_cat-gaavor","9":"pa_land-danmark-sv","10":"pa_producent-fangst-sv","12":"first","13":"instock","14":"taxable","15":"shipping-taxable","16":"purchasable","17":"product-type-simple"},"bundled_by":[],"bundle_stock_status":"instock","bundle_stock_quantity":null,"bundle_virtual":false,"bundle_layout":"","bundle_add_to_cart_form_location":"","bundle_editable_in_cart":false,"bundle_sold_individually_context":"","bundle_item_grouping":"","bundle_min_size":"","bundle_max_size":"","bundle_price":[],"bundled_items":[],"bundle_sell_ids":[],"acf":[],"_links":{"self":[{"href":"https:\/\/www.raschvin.com\/sv\/wp-json\/wp\/v2\/product\/74924","targetHints":{"allow":["GET"]}}],"collection":[{"href":"https:\/\/www.raschvin.com\/sv\/wp-json\/wp\/v2\/product"}],"about":[{"href":"https:\/\/www.raschvin.com\/sv\/wp-json\/wp\/v2\/types\/product"}],"wp:featuredmedia":[{"embeddable":true,"href":"https:\/\/www.raschvin.com\/sv\/wp-json\/wp\/v2\/media\/74937"}],"wp:attachment":[{"href":"https:\/\/www.raschvin.com\/sv\/wp-json\/wp\/v2\/media?parent=74924"}],"wp:term":[{"taxonomy":"product_brand","embeddable":true,"href":"https:\/\/www.raschvin.com\/sv\/wp-json\/wp\/v2\/product_brand?post=74924"},{"taxonomy":"product_cat","embeddable":true,"href":"https:\/\/www.raschvin.com\/sv\/wp-json\/wp\/v2\/product_cat?post=74924"},{"taxonomy":"product_tag","embeddable":true,"href":"https:\/\/www.raschvin.com\/sv\/wp-json\/wp\/v2\/product_tag?post=74924"}],"curies":[{"name":"wp","href":"https:\/\/api.w.org\/{rel}","templated":true}]}}