{"id":74917,"date":"2024-11-20T08:29:07","date_gmt":"2024-11-20T07:29:07","guid":{"rendered":"https:\/\/www.raschvin.com\/produkt\/fangst-sild-no-1-norwegian-sea-herring\/"},"modified":"2024-11-20T08:29:07","modified_gmt":"2024-11-20T07:29:07","slug":"fangst-sild-no-1-norwegian-sea-herring","status":"publish","type":"product","link":"https:\/\/www.raschvin.com\/sv\/produkt\/fangst-sild-no-1-norwegian-sea-herring\/","title":{"rendered":"FANGST &#8211; Sild No.1 (Norwegian Sea Herring)"},"content":{"rendered":"<p>Norska havssillen<br \/>\nR\u00f6kt, med vitpeppar och ramsl\u00f6k.<\/p>\n<p>Sillen har varit en grundpelare i nordiskt fiske, handel och matkultur sedan medeltiden. Sillen i denna FANGST-burk \u00e4r av arten &#8217;atlantisk sill&#8217;, f\u00e5ngad i Norska havet. Med en l\u00e4tt r\u00f6k fr\u00e5n boktr\u00e4 och en mild kryddning av vitpeppar och ramsl\u00f6k har vi str\u00e4vat efter en smak av kusten med en hint av skog.<\/p>\n<p>Art (Latin): Clupea harengus<br \/>\nVatten: Norska havet, FAO 27.II<br \/>\nNettovikt: 100 g<\/p>\n<p>Ingredienser: R\u00f6kt sill (70 %), kallpressad rapsolja* (28,2 %), \u00f6rtsalt* (1,8 % atlantiskt havssalt, vitpeppar, ramsl\u00f6k, rotselleri, pepparrot, l\u00f6k, gr\u00e4sl\u00f6k, rosmarin). *Ekologisk<\/p>\n","protected":false},"excerpt":{"rendered":"<p>Nordic Style Tapas<\/p>\n","protected":false},"featured_media":75009,"template":"","meta":{"_acf_changed":false,"rs_blank_template":"","rs_page_bg_color":"","slide_template_v7":""},"product_brand":[],"product_cat":[8024,8691,2753],"product_tag":[],"class_list":{"0":"post-74917","1":"product","2":"type-product","3":"status-publish","4":"has-post-thumbnail","6":"product_cat-delikatesser-sv","7":"product_cat-fangst-sv","8":"product_cat-gaavor","9":"pa_land-danmark-sv","10":"pa_producent-fangst-sv","12":"first","13":"instock","14":"taxable","15":"shipping-taxable","16":"purchasable","17":"product-type-simple"},"bundled_by":[],"bundle_stock_status":"instock","bundle_stock_quantity":null,"bundle_virtual":false,"bundle_layout":"","bundle_add_to_cart_form_location":"","bundle_editable_in_cart":false,"bundle_sold_individually_context":"","bundle_item_grouping":"","bundle_min_size":"","bundle_max_size":"","bundle_price":[],"bundled_items":[],"bundle_sell_ids":[],"acf":[],"_links":{"self":[{"href":"https:\/\/www.raschvin.com\/sv\/wp-json\/wp\/v2\/product\/74917","targetHints":{"allow":["GET"]}}],"collection":[{"href":"https:\/\/www.raschvin.com\/sv\/wp-json\/wp\/v2\/product"}],"about":[{"href":"https:\/\/www.raschvin.com\/sv\/wp-json\/wp\/v2\/types\/product"}],"wp:featuredmedia":[{"embeddable":true,"href":"https:\/\/www.raschvin.com\/sv\/wp-json\/wp\/v2\/media\/75009"}],"wp:attachment":[{"href":"https:\/\/www.raschvin.com\/sv\/wp-json\/wp\/v2\/media?parent=74917"}],"wp:term":[{"taxonomy":"product_brand","embeddable":true,"href":"https:\/\/www.raschvin.com\/sv\/wp-json\/wp\/v2\/product_brand?post=74917"},{"taxonomy":"product_cat","embeddable":true,"href":"https:\/\/www.raschvin.com\/sv\/wp-json\/wp\/v2\/product_cat?post=74917"},{"taxonomy":"product_tag","embeddable":true,"href":"https:\/\/www.raschvin.com\/sv\/wp-json\/wp\/v2\/product_tag?post=74917"}],"curies":[{"name":"wp","href":"https:\/\/api.w.org\/{rel}","templated":true}]}}