{"id":74915,"date":"2024-11-20T08:25:24","date_gmt":"2024-11-20T07:25:24","guid":{"rendered":"https:\/\/www.raschvin.com\/produkt\/fangst-hjertemusling-limfjord-cockles\/"},"modified":"2024-11-20T08:25:24","modified_gmt":"2024-11-20T07:25:24","slug":"fangst-hjertemusling-limfjord-cockles","status":"publish","type":"product","link":"https:\/\/www.raschvin.com\/sv\/produkt\/fangst-hjertemusling-limfjord-cockles\/","title":{"rendered":"FANGST &#8211; Hjertemusling (Limfjord Cockles)"},"content":{"rendered":"<p>Limfjord Hj\u00e4rtmusslor<br \/>\nI kallpressad rapsolja<\/p>\n<p>I Limfjorden \u00e4r de naturliga f\u00f6rh\u00e5llandena s\u00e4rskilt bra f\u00f6r hj\u00e4rtmusslor. H\u00e4r f\u00e5r de en mild, l\u00e4tt salt smak och en fast k\u00f6ttstruktur. De flesta skickas till utl\u00e4ndska k\u00f6k, men n\u00e5gra beh\u00e5ller vi f\u00f6r oss sj\u00e4lva. F\u00f6r att bevara deras delikata smak har vi bara tillsatt kallpressad rapsolja till dessa FANGST-hj\u00e4rtmusslor.<\/p>\n<p>Art (latin): Cerastoderma edule<\/p>\n<p>Ingredienser: Hj\u00e4rtmusslor (53 %), kallpressad rapsolja*, salt. *Ekologisk<\/p>\n","protected":false},"excerpt":{"rendered":"<p>Nordic Style Tapas<\/p>\n","protected":false},"featured_media":74991,"template":"","meta":{"_acf_changed":false,"rs_blank_template":"","rs_page_bg_color":"","slide_template_v7":""},"product_brand":[],"product_cat":[8024,8691,2753],"product_tag":[],"class_list":{"0":"post-74915","1":"product","2":"type-product","3":"status-publish","4":"has-post-thumbnail","6":"product_cat-delikatesser-sv","7":"product_cat-fangst-sv","8":"product_cat-gaavor","9":"pa_land-danmark-sv","10":"pa_producent-fangst-sv","12":"first","13":"instock","14":"taxable","15":"shipping-taxable","16":"purchasable","17":"product-type-simple"},"bundled_by":[],"bundle_stock_status":"instock","bundle_stock_quantity":null,"bundle_virtual":false,"bundle_layout":"","bundle_add_to_cart_form_location":"","bundle_editable_in_cart":false,"bundle_sold_individually_context":"","bundle_item_grouping":"","bundle_min_size":"","bundle_max_size":"","bundle_price":[],"bundled_items":[],"bundle_sell_ids":[],"acf":[],"_links":{"self":[{"href":"https:\/\/www.raschvin.com\/sv\/wp-json\/wp\/v2\/product\/74915","targetHints":{"allow":["GET"]}}],"collection":[{"href":"https:\/\/www.raschvin.com\/sv\/wp-json\/wp\/v2\/product"}],"about":[{"href":"https:\/\/www.raschvin.com\/sv\/wp-json\/wp\/v2\/types\/product"}],"wp:featuredmedia":[{"embeddable":true,"href":"https:\/\/www.raschvin.com\/sv\/wp-json\/wp\/v2\/media\/74991"}],"wp:attachment":[{"href":"https:\/\/www.raschvin.com\/sv\/wp-json\/wp\/v2\/media?parent=74915"}],"wp:term":[{"taxonomy":"product_brand","embeddable":true,"href":"https:\/\/www.raschvin.com\/sv\/wp-json\/wp\/v2\/product_brand?post=74915"},{"taxonomy":"product_cat","embeddable":true,"href":"https:\/\/www.raschvin.com\/sv\/wp-json\/wp\/v2\/product_cat?post=74915"},{"taxonomy":"product_tag","embeddable":true,"href":"https:\/\/www.raschvin.com\/sv\/wp-json\/wp\/v2\/product_tag?post=74915"}],"curies":[{"name":"wp","href":"https:\/\/api.w.org\/{rel}","templated":true}]}}