{"id":74912,"date":"2024-11-20T08:21:27","date_gmt":"2024-11-20T07:21:27","guid":{"rendered":"https:\/\/www.raschvin.com\/produkt\/fangst-faeroesk-laks-no-2-faroe-islands-salmon\/"},"modified":"2024-11-20T08:21:27","modified_gmt":"2024-11-20T07:21:27","slug":"fangst-faeroesk-laks-no-2-faroe-islands-salmon","status":"publish","type":"product","link":"https:\/\/www.raschvin.com\/sv\/produkt\/fangst-faeroesk-laks-no-2-faroe-islands-salmon\/","title":{"rendered":"FANGST &#8211; F\u00e6r\u00f8sk Laks No.2 (Faroe Islands Salmon)"},"content":{"rendered":"<p>F\u00e4r\u00f6isk lax.<br \/>\nMed havtorn och citronverbena.<\/p>\n<p>F\u00e4r\u00f6arnas avl\u00e4gsna l\u00e4ge i Nordatlanten, klara vatten, svala och stabila temperaturer, starka str\u00f6mmar och skyddade fjordar g\u00f6r \u00f6arna till den perfekta platsen f\u00f6r lax. Till denna FANGST-lax har vi lagt till en nypa citronverbena och krossade havtorn \u2013 ett b\u00e4r som v\u00e4xer vid Nordens kuster och kallas f\u00f6r &#8217;Nordens citron&#8217;.<\/p>\n<p>Art (latin): Salmo Salar<br \/>\nVatten: Nord\u00f6stra Atlanten (FAO 27). Odlad p\u00e5 F\u00e4r\u00f6arna<br \/>\nNettovikt: 110 g<\/p>\n<p>Ingredienser: Lax (81 %), kallpressad rapsolja* (18 %), salt, havtorn* (0,4 %), citronverbena* (0,1 %). Ekologiska ingredienser utg\u00f6r 18,5 % av inneh\u00e5llet. *Ekologisk<\/p>\n","protected":false},"excerpt":{"rendered":"<p>Nordic Style Tapas<\/p>\n","protected":false},"featured_media":74973,"template":"","meta":{"_acf_changed":false,"rs_blank_template":"","rs_page_bg_color":"","slide_template_v7":""},"product_brand":[],"product_cat":[8024,8691,2753],"product_tag":[],"class_list":{"0":"post-74912","1":"product","2":"type-product","3":"status-publish","4":"has-post-thumbnail","6":"product_cat-delikatesser-sv","7":"product_cat-fangst-sv","8":"product_cat-gaavor","9":"pa_land-danmark-sv","10":"pa_producent-fangst-sv","12":"first","13":"instock","14":"taxable","15":"shipping-taxable","16":"purchasable","17":"product-type-simple"},"bundled_by":[],"bundle_stock_status":"instock","bundle_stock_quantity":null,"bundle_virtual":false,"bundle_layout":"","bundle_add_to_cart_form_location":"","bundle_editable_in_cart":false,"bundle_sold_individually_context":"","bundle_item_grouping":"","bundle_min_size":"","bundle_max_size":"","bundle_price":[],"bundled_items":[],"bundle_sell_ids":[],"acf":[],"_links":{"self":[{"href":"https:\/\/www.raschvin.com\/sv\/wp-json\/wp\/v2\/product\/74912","targetHints":{"allow":["GET"]}}],"collection":[{"href":"https:\/\/www.raschvin.com\/sv\/wp-json\/wp\/v2\/product"}],"about":[{"href":"https:\/\/www.raschvin.com\/sv\/wp-json\/wp\/v2\/types\/product"}],"wp:featuredmedia":[{"embeddable":true,"href":"https:\/\/www.raschvin.com\/sv\/wp-json\/wp\/v2\/media\/74973"}],"wp:attachment":[{"href":"https:\/\/www.raschvin.com\/sv\/wp-json\/wp\/v2\/media?parent=74912"}],"wp:term":[{"taxonomy":"product_brand","embeddable":true,"href":"https:\/\/www.raschvin.com\/sv\/wp-json\/wp\/v2\/product_brand?post=74912"},{"taxonomy":"product_cat","embeddable":true,"href":"https:\/\/www.raschvin.com\/sv\/wp-json\/wp\/v2\/product_cat?post=74912"},{"taxonomy":"product_tag","embeddable":true,"href":"https:\/\/www.raschvin.com\/sv\/wp-json\/wp\/v2\/product_tag?post=74912"}],"curies":[{"name":"wp","href":"https:\/\/api.w.org\/{rel}","templated":true}]}}