{"id":74909,"date":"2024-11-20T08:18:02","date_gmt":"2024-11-20T07:18:02","guid":{"rendered":"https:\/\/www.raschvin.com\/produkt\/fangst-faeroesk-laks-no-1-faroe-islands-salmon\/"},"modified":"2024-11-20T08:18:02","modified_gmt":"2024-11-20T07:18:02","slug":"fangst-faeroesk-laks-no-1-faroe-islands-salmon","status":"publish","type":"product","link":"https:\/\/www.raschvin.com\/sv\/produkt\/fangst-faeroesk-laks-no-1-faroe-islands-salmon\/","title":{"rendered":"FANGST &#8211; F\u00e6r\u00f8sk Laks No.1 (Faroe Islands Salmon)"},"content":{"rendered":"<p>F\u00e4r\u00f6isk lax.<br \/>\nFlammgrillad.<\/p>\n<p>Det avl\u00e4gsna l\u00e4get i Nordatlanten, de klara vattnen, de svala och stabila temperaturerna, starka str\u00f6mmarna och skyddade fjordarna g\u00f6r F\u00e4r\u00f6arna till den perfekta platsen f\u00f6r lax. H\u00e4r har m\u00e4nniskor levt av havet i \u00e5rhundraden och har starka traditioner f\u00f6r att respektera naturens resurser. Detta \u00e5terspeglas ocks\u00e5 i h\u00f6ga standarder f\u00f6r h\u00e5llbarhet i det lokala fisket. Denna FANGST-lax \u00e4r flammgrillad och bevarad i kallpressad rapsolja.<\/p>\n<p>Art (latin): Salmo salar<br \/>\nVatten: Nord\u00f6stra Atlanten (FAO 27). Odlad p\u00e5 F\u00e4r\u00f6arna<br \/>\nNettovikt: 110 g<\/p>\n<p>Ingredienser: Lax (81 %), kallpressad rapsolja* (18,1 %), salt. *Ekologisk<\/p>\n","protected":false},"excerpt":{"rendered":"<p>Nordic Style Tapas<\/p>\n","protected":false},"featured_media":74964,"template":"","meta":{"_acf_changed":false,"rs_blank_template":"","rs_page_bg_color":"","slide_template_v7":""},"product_brand":[],"product_cat":[8024,8691,2753],"product_tag":[],"class_list":{"0":"post-74909","1":"product","2":"type-product","3":"status-publish","4":"has-post-thumbnail","6":"product_cat-delikatesser-sv","7":"product_cat-fangst-sv","8":"product_cat-gaavor","9":"pa_land-danmark-sv","10":"pa_producent-fangst-sv","12":"first","13":"instock","14":"taxable","15":"shipping-taxable","16":"purchasable","17":"product-type-simple"},"bundled_by":[],"bundle_stock_status":"instock","bundle_stock_quantity":null,"bundle_virtual":false,"bundle_layout":"","bundle_add_to_cart_form_location":"","bundle_editable_in_cart":false,"bundle_sold_individually_context":"","bundle_item_grouping":"","bundle_min_size":"","bundle_max_size":"","bundle_price":[],"bundled_items":[],"bundle_sell_ids":[],"acf":[],"_links":{"self":[{"href":"https:\/\/www.raschvin.com\/sv\/wp-json\/wp\/v2\/product\/74909","targetHints":{"allow":["GET"]}}],"collection":[{"href":"https:\/\/www.raschvin.com\/sv\/wp-json\/wp\/v2\/product"}],"about":[{"href":"https:\/\/www.raschvin.com\/sv\/wp-json\/wp\/v2\/types\/product"}],"wp:featuredmedia":[{"embeddable":true,"href":"https:\/\/www.raschvin.com\/sv\/wp-json\/wp\/v2\/media\/74964"}],"wp:attachment":[{"href":"https:\/\/www.raschvin.com\/sv\/wp-json\/wp\/v2\/media?parent=74909"}],"wp:term":[{"taxonomy":"product_brand","embeddable":true,"href":"https:\/\/www.raschvin.com\/sv\/wp-json\/wp\/v2\/product_brand?post=74909"},{"taxonomy":"product_cat","embeddable":true,"href":"https:\/\/www.raschvin.com\/sv\/wp-json\/wp\/v2\/product_cat?post=74909"},{"taxonomy":"product_tag","embeddable":true,"href":"https:\/\/www.raschvin.com\/sv\/wp-json\/wp\/v2\/product_tag?post=74909"}],"curies":[{"name":"wp","href":"https:\/\/api.w.org\/{rel}","templated":true}]}}