{"id":74905,"date":"2024-11-20T08:08:47","date_gmt":"2024-11-20T07:08:47","guid":{"rendered":"https:\/\/www.raschvin.com\/produkt\/fangst-regnbue-oerred-danish-freshwater-trout\/"},"modified":"2024-11-20T08:13:54","modified_gmt":"2024-11-20T07:13:54","slug":"fangst-regnbue-oerred-danish-freshwater-trout","status":"publish","type":"product","link":"https:\/\/www.raschvin.com\/sv\/produkt\/fangst-regnbue-oerred-danish-freshwater-trout\/","title":{"rendered":"FANGST &#8211; Regnbue \u00d8rred (Danish freshwater trout)"},"content":{"rendered":"<p>Dansk s\u00f6tvattensforell.<br \/>\nR\u00f6kt. Med enb\u00e4r och citrontimjan.<\/p>\n<p>I sin barndom nj\u00f6t Martin, medgrundare av FANGST, av sina m\u00e5nga bes\u00f6k p\u00e5 fiskodlingar med sin far, en biolog som var engagerad i att utveckla v\u00e4rldsledande odling av forell i danska s\u00f6tvatten. I denna burk har vi bevarat ett stycke av det minnet \u2013 och en uts\u00f6kt r\u00f6kt forell med enb\u00e4r och citrontimjan.<\/p>\n<p>Art (Latin): Oncorhynchus mykiss<br \/>\nVatten: Odlad i danskt s\u00f6tvatten<br \/>\nNettovikt: 110g<\/p>\n<p>Ingredienser: R\u00f6kt forell (72,5%), kallpressad rapsolja* (27%), salt, citrontimjan* (0,3%), enb\u00e4r* (0,2%).<\/p>\n<p>Ekologiska ingredienser utg\u00f6r 27,5% av inneh\u00e5llet. *Ekologisk<\/p>\n","protected":false},"excerpt":{"rendered":"<p>Nordic Style Tapas<\/p>\n","protected":false},"featured_media":74997,"template":"","meta":{"_acf_changed":false,"rs_blank_template":"","rs_page_bg_color":"","slide_template_v7":""},"product_brand":[],"product_cat":[8024,8691,2753],"product_tag":[],"class_list":{"0":"post-74905","1":"product","2":"type-product","3":"status-publish","4":"has-post-thumbnail","6":"product_cat-delikatesser-sv","7":"product_cat-fangst-sv","8":"product_cat-gaavor","9":"pa_land-danmark-sv","10":"pa_producent-fangst-sv","12":"first","13":"instock","14":"taxable","15":"shipping-taxable","16":"purchasable","17":"product-type-simple"},"bundled_by":[],"bundle_stock_status":"instock","bundle_stock_quantity":null,"bundle_virtual":false,"bundle_layout":"","bundle_add_to_cart_form_location":"","bundle_editable_in_cart":false,"bundle_sold_individually_context":"","bundle_item_grouping":"","bundle_min_size":"","bundle_max_size":"","bundle_price":[],"bundled_items":[],"bundle_sell_ids":[],"acf":[],"_links":{"self":[{"href":"https:\/\/www.raschvin.com\/sv\/wp-json\/wp\/v2\/product\/74905","targetHints":{"allow":["GET"]}}],"collection":[{"href":"https:\/\/www.raschvin.com\/sv\/wp-json\/wp\/v2\/product"}],"about":[{"href":"https:\/\/www.raschvin.com\/sv\/wp-json\/wp\/v2\/types\/product"}],"wp:featuredmedia":[{"embeddable":true,"href":"https:\/\/www.raschvin.com\/sv\/wp-json\/wp\/v2\/media\/74997"}],"wp:attachment":[{"href":"https:\/\/www.raschvin.com\/sv\/wp-json\/wp\/v2\/media?parent=74905"}],"wp:term":[{"taxonomy":"product_brand","embeddable":true,"href":"https:\/\/www.raschvin.com\/sv\/wp-json\/wp\/v2\/product_brand?post=74905"},{"taxonomy":"product_cat","embeddable":true,"href":"https:\/\/www.raschvin.com\/sv\/wp-json\/wp\/v2\/product_cat?post=74905"},{"taxonomy":"product_tag","embeddable":true,"href":"https:\/\/www.raschvin.com\/sv\/wp-json\/wp\/v2\/product_tag?post=74905"}],"curies":[{"name":"wp","href":"https:\/\/api.w.org\/{rel}","templated":true}]}}