{"id":74730,"date":"2024-11-19T10:31:37","date_gmt":"2024-11-19T09:31:37","guid":{"rendered":"https:\/\/www.raschvin.com\/produkt\/writers-tears-single-pot-still-70-cl-46\/"},"modified":"2024-11-19T10:31:37","modified_gmt":"2024-11-19T09:31:37","slug":"writers-tears-single-pot-still-70-cl-46","status":"publish","type":"product","link":"https:\/\/www.raschvin.com\/sv\/produkt\/writers-tears-single-pot-still-70-cl-46\/","title":{"rendered":"Writers Tears \u2013 Single Pot Still 70 cl. 46%"},"content":{"rendered":"<p>Den f\u00f6rsta Single Pot Still-utg\u00e5van fr\u00e5n Writers Tears har anl\u00e4nt! Single Pot Still-whiskey har alltid varit k\u00e4rnan i Writers\u2019 Tears, eftersom den v\u00e4ver en ber\u00e4ttelse mellan destillat\u00f6r och f\u00f6rfattare. Detta kapitel av Writers\u2019 Tears \u00e4r ren Single Pot Still, 100% korn, 3 g\u00e5nger destillerad och vackert balanserad med Bourbon-, Marsala- och PX-fat, vilket ger en s\u00f6tma med djup i f\u00e4rg och smak. F\u00f6rv\u00e4nta dig sammetslena dessertlika egenskaper av PX Sherry, med ett avslut som har en l\u00e4tt tuggighet.<\/p>\n<p>Doft: Kanderad s\u00f6tma &#038; toffee\u00e4pple.<br \/>\nSmak: Pot still-kryddor och sammetslen kanderad PX.<br \/>\nFinish: En l\u00e4tt tuggighet.<\/p>\n<p>Faktablad<br \/>\nVolym: 70cl<br \/>\nMognad: Bourbon-, Marsala- och PX-fat<br \/>\nProducent\/Destillat\u00f6r: Walsh Whiskey<br \/>\nAlkoholhalt: 46%<br \/>\nStil: Single Pot Still<br \/>\nLand: Irland<\/p>\n","protected":false},"excerpt":{"rendered":"<p>Irish Whiskey \u2013 Triple Distilled<\/p>\n","protected":false},"featured_media":74760,"template":"","meta":{"_acf_changed":false,"rs_blank_template":"","rs_page_bg_color":"","slide_template_v7":""},"product_brand":[],"product_cat":[2392,4768,9519],"product_tag":[],"class_list":{"0":"post-74730","1":"product","2":"type-product","3":"status-publish","4":"has-post-thumbnail","6":"product_cat-whisky-sv","7":"product_cat-irish-whiskey","8":"product_cat-single-pot-still-irish-whiskey","9":"pa_land-irland-sv","10":"pa_procent-46-sv","11":"pa_producent-walsh-whiskey-sv-2","12":"pa_volume-70-sv-2","14":"first","15":"instock","16":"sale","17":"taxable","18":"shipping-taxable","19":"purchasable","20":"product-type-simple"},"bundled_by":[],"bundle_stock_status":"instock","bundle_stock_quantity":null,"bundle_virtual":false,"bundle_layout":"","bundle_add_to_cart_form_location":"","bundle_editable_in_cart":false,"bundle_sold_individually_context":"","bundle_item_grouping":"","bundle_min_size":"","bundle_max_size":"","bundle_price":[],"bundled_items":[],"bundle_sell_ids":[],"acf":[],"_links":{"self":[{"href":"https:\/\/www.raschvin.com\/sv\/wp-json\/wp\/v2\/product\/74730","targetHints":{"allow":["GET"]}}],"collection":[{"href":"https:\/\/www.raschvin.com\/sv\/wp-json\/wp\/v2\/product"}],"about":[{"href":"https:\/\/www.raschvin.com\/sv\/wp-json\/wp\/v2\/types\/product"}],"wp:featuredmedia":[{"embeddable":true,"href":"https:\/\/www.raschvin.com\/sv\/wp-json\/wp\/v2\/media\/74760"}],"wp:attachment":[{"href":"https:\/\/www.raschvin.com\/sv\/wp-json\/wp\/v2\/media?parent=74730"}],"wp:term":[{"taxonomy":"product_brand","embeddable":true,"href":"https:\/\/www.raschvin.com\/sv\/wp-json\/wp\/v2\/product_brand?post=74730"},{"taxonomy":"product_cat","embeddable":true,"href":"https:\/\/www.raschvin.com\/sv\/wp-json\/wp\/v2\/product_cat?post=74730"},{"taxonomy":"product_tag","embeddable":true,"href":"https:\/\/www.raschvin.com\/sv\/wp-json\/wp\/v2\/product_tag?post=74730"}],"curies":[{"name":"wp","href":"https:\/\/api.w.org\/{rel}","templated":true}]}}