{"id":74728,"date":"2024-11-19T10:25:42","date_gmt":"2024-11-19T09:25:42","guid":{"rendered":"https:\/\/www.raschvin.com\/produkt\/writers-tears-japanese-cask-finish-70-cl-55\/"},"modified":"2024-11-19T10:25:42","modified_gmt":"2024-11-19T09:25:42","slug":"writers-tears-japanese-cask-finish-70-cl-55","status":"publish","type":"product","link":"https:\/\/www.raschvin.com\/sv\/produkt\/writers-tears-japanese-cask-finish-70-cl-55\/","title":{"rendered":"Writers Tears \u2013 Japanese Cask Finish 70 cl. 55%"},"content":{"rendered":"<p>En begr\u00e4nsad utg\u00e5va fr\u00e5n Writers&#8217; Tears som best\u00e5r av Single Pot Still och Single Malt whisky, som sedan \u00e4r avslutad i japansk Mizunara-ek. En helt naturlig utg\u00e5va som \u00e4r ofiltrerad och tappad vid cask strength, 55% ABV.<\/p>\n<p>Smak: Vanilj, nejlika, sandeltr\u00e4 och japansk r\u00f6kelse.<br \/>\nDoft: \u00c4pple, p\u00e4ron och en distinkt pot still-basis.<br \/>\nAvslutning: En verkligt of\u00f6rgl\u00f6mlig resa runt Orienten.<\/p>\n<p>Faktablad<br \/>\nVolym: 70 cl<br \/>\nAlkohol %: 55%<br \/>\nProducent: Walsh Whiskey<br \/>\nPriser och\/eller Presscitat:<\/p>\n<p>Guld &#8211; Irish Whiskey Awards 2023<br \/>\nIrish Cask Strength Gold Medal Winner vid Irish Whiskey Awards 2019<br \/>\nGuldmedalj vid Spirits Business Irish Whiskey Masters 2020<br \/>\nSuperior Gold Winner vid Tokyo Whisky &#038; Spirits Competition 2021<\/p>\n","protected":false},"excerpt":{"rendered":"<p>Irish Whiskey \u2013 Triple Distilled<\/p>\n","protected":false},"featured_media":74829,"template":"","meta":{"_acf_changed":false,"rs_blank_template":"","rs_page_bg_color":"","slide_template_v7":""},"product_brand":[],"product_cat":[2392,4768,9512],"product_tag":[],"class_list":{"0":"post-74728","1":"product","2":"type-product","3":"status-publish","4":"has-post-thumbnail","6":"product_cat-whisky-sv","7":"product_cat-irish-whiskey","8":"product_cat-blended-irish-whiskey","9":"pa_land-irland-sv","10":"pa_procent-55-sv","11":"pa_producent-walsh-whiskey-sv-2","12":"pa_volume-70-sv-2","14":"first","15":"instock","16":"sale","17":"taxable","18":"shipping-taxable","19":"purchasable","20":"product-type-simple"},"bundled_by":[],"bundle_stock_status":"instock","bundle_stock_quantity":null,"bundle_virtual":false,"bundle_layout":"","bundle_add_to_cart_form_location":"","bundle_editable_in_cart":false,"bundle_sold_individually_context":"","bundle_item_grouping":"","bundle_min_size":"","bundle_max_size":"","bundle_price":[],"bundled_items":[],"bundle_sell_ids":[],"acf":[],"_links":{"self":[{"href":"https:\/\/www.raschvin.com\/sv\/wp-json\/wp\/v2\/product\/74728","targetHints":{"allow":["GET"]}}],"collection":[{"href":"https:\/\/www.raschvin.com\/sv\/wp-json\/wp\/v2\/product"}],"about":[{"href":"https:\/\/www.raschvin.com\/sv\/wp-json\/wp\/v2\/types\/product"}],"wp:featuredmedia":[{"embeddable":true,"href":"https:\/\/www.raschvin.com\/sv\/wp-json\/wp\/v2\/media\/74829"}],"wp:attachment":[{"href":"https:\/\/www.raschvin.com\/sv\/wp-json\/wp\/v2\/media?parent=74728"}],"wp:term":[{"taxonomy":"product_brand","embeddable":true,"href":"https:\/\/www.raschvin.com\/sv\/wp-json\/wp\/v2\/product_brand?post=74728"},{"taxonomy":"product_cat","embeddable":true,"href":"https:\/\/www.raschvin.com\/sv\/wp-json\/wp\/v2\/product_cat?post=74728"},{"taxonomy":"product_tag","embeddable":true,"href":"https:\/\/www.raschvin.com\/sv\/wp-json\/wp\/v2\/product_tag?post=74728"}],"curies":[{"name":"wp","href":"https:\/\/api.w.org\/{rel}","templated":true}]}}