{"id":74724,"date":"2024-11-19T10:20:37","date_gmt":"2024-11-19T09:20:37","guid":{"rendered":"https:\/\/www.raschvin.com\/produkt\/writers-tears-ice-wine-cask-finish-70-cl-46\/"},"modified":"2024-11-19T10:20:37","modified_gmt":"2024-11-19T09:20:37","slug":"writers-tears-ice-wine-cask-finish-70-cl-46","status":"publish","type":"product","link":"https:\/\/www.raschvin.com\/sv\/produkt\/writers-tears-ice-wine-cask-finish-70-cl-46\/","title":{"rendered":"Writers Tears \u2013 Ice Wine Cask Finish 70 cl. 46%"},"content":{"rendered":"<p>Limiterad utg\u00e5va av Writer&#8217;s Tears, en komposition av tv\u00e5 stilar av trippeldestillerad irl\u00e4ndsk whiskey \u2013 single malt och single pot still, avslutad i fat som tidigare inneh\u00e5llit Ice Wine.<br \/>\nFaten som har rymt Ice Wine fr\u00e5n den kanadensiska ving\u00e5rden Inniskillin har fantastiskt kompletterat whiskeyns smak med intensiv, naturlig s\u00f6tma. I doften hittar man s\u00f6ta toner av persikor och aprikoser samt de karakteristiska kryddiga inslagen fr\u00e5n pot still whiskey. Smaken \u00e4r kr\u00e4mig och blommig med nyanser av n\u00f6tter och ek. Finishen p\u00e5minner om en fruktkompott av mango och lychee. Varje fat av denna whiskey har buteljerats separat.<\/p>\n","protected":false},"excerpt":{"rendered":"<p>Irish Whiskey \u2013 Triple Distilled<\/p>\n","protected":false},"featured_media":74778,"template":"","meta":{"_acf_changed":false,"rs_blank_template":"","rs_page_bg_color":"","slide_template_v7":""},"product_brand":[],"product_cat":[2392,4768,9512],"product_tag":[],"class_list":{"0":"post-74724","1":"product","2":"type-product","3":"status-publish","4":"has-post-thumbnail","6":"product_cat-whisky-sv","7":"product_cat-irish-whiskey","8":"product_cat-blended-irish-whiskey","9":"pa_land-irland-sv","10":"pa_procent-46-sv","11":"pa_producent-walsh-whiskey-sv-2","12":"pa_volume-70-sv-2","14":"first","15":"instock","16":"sale","17":"taxable","18":"shipping-taxable","19":"purchasable","20":"product-type-simple"},"bundled_by":[],"bundle_stock_status":"instock","bundle_stock_quantity":null,"bundle_virtual":false,"bundle_layout":"","bundle_add_to_cart_form_location":"","bundle_editable_in_cart":false,"bundle_sold_individually_context":"","bundle_item_grouping":"","bundle_min_size":"","bundle_max_size":"","bundle_price":[],"bundled_items":[],"bundle_sell_ids":[],"acf":[],"_links":{"self":[{"href":"https:\/\/www.raschvin.com\/sv\/wp-json\/wp\/v2\/product\/74724","targetHints":{"allow":["GET"]}}],"collection":[{"href":"https:\/\/www.raschvin.com\/sv\/wp-json\/wp\/v2\/product"}],"about":[{"href":"https:\/\/www.raschvin.com\/sv\/wp-json\/wp\/v2\/types\/product"}],"wp:featuredmedia":[{"embeddable":true,"href":"https:\/\/www.raschvin.com\/sv\/wp-json\/wp\/v2\/media\/74778"}],"wp:attachment":[{"href":"https:\/\/www.raschvin.com\/sv\/wp-json\/wp\/v2\/media?parent=74724"}],"wp:term":[{"taxonomy":"product_brand","embeddable":true,"href":"https:\/\/www.raschvin.com\/sv\/wp-json\/wp\/v2\/product_brand?post=74724"},{"taxonomy":"product_cat","embeddable":true,"href":"https:\/\/www.raschvin.com\/sv\/wp-json\/wp\/v2\/product_cat?post=74724"},{"taxonomy":"product_tag","embeddable":true,"href":"https:\/\/www.raschvin.com\/sv\/wp-json\/wp\/v2\/product_tag?post=74724"}],"curies":[{"name":"wp","href":"https:\/\/api.w.org\/{rel}","templated":true}]}}